{"id":38157,"date":"2023-12-19T10:20:05","date_gmt":"2023-12-19T10:20:05","guid":{"rendered":"https:\/\/altsignals.io\/om-altsignals"},"modified":"2025-04-07T03:51:00","modified_gmt":"2025-04-07T03:51:00","slug":"about","status":"publish","type":"page","link":"https:\/\/altsignals.io\/da\/about","title":{"rendered":"Om <span>AltSignals<\/span>"},"content":{"rendered":"\n<p class=\"has-text-align-center\">AltSignals blev oprettet af et team af tradere og iv\u00e6rks\u00e6ttere, som \u00f8nskede at skabe gennemsigtighed, tillid og konsekvens p\u00e5 kryptomarkedet.<\/p>\n<div class=\"social-links gut-block\">\n    <div>\n        <a href=\"https:\/\/t.me\/altsignals\/\" target=\"_blank\" class=\"s-i si-telegram w-inline-block\" rel=\"nofollow\"><\/a>\n        <a href=\"https:\/\/www.instagram.com\/altsignals.io\/\" target=\"_blank\" class=\"s-i w-inline-block\"><\/a>\n        <a href=\"https:\/\/www.facebook.com\/altsignalseng\/\" target=\"_blank\" class=\"s-i si-fb w-inline-block\" rel=\"nofollow noopener\"><\/a>\n        <a href=\"https:\/\/www.pinterest.com\/altsignalseng\/\" target=\"_blank\" class=\"s-i si-pin w-inline-block\" rel=\"nofollow noopener\"><\/a>\n        <a href=\"https:\/\/x.com\/AltSignalseng\/\" target=\"_blank\" class=\"s-i si-twit w-inline-block\" rel=\"nofollow\"><\/a>\n        <a href=\"https:\/\/www.youtube.com\/@AltSignalsTrade\" target=\"_blank\" class=\"s-i si-you w-inline-block\" rel=\"nofollow noopener\"><\/a>\n    <\/div>\n<\/div>\n<p>AltSignals&#8217; tilgang er at fokusere p\u00e5 tradere ved at give dem uddannelsesm\u00e6ssigt indhold, den n\u00f8dvendige teknologi og unikke ekspertise til at kunne v\u00e6re rentable p\u00e5 b\u00e5de forex- og kryptovalutamarkederne.<\/p>\n\n<p>Finansmarkederne er traditionelt blevet anset for at v\u00e6re ustabile med store risici. Med indf\u00f8relsen af nye teknologier og udvidelsen af nyere koncepter som kryptovalutaer tilbyder flere firmaer nu tjenester, der hj\u00e6lper handlende med at investere sikkert. <\/p>\n\n<p>AltSignals er en udbyder af finansielle tjenester, som i \u00f8jeblikket tilbyder mange forskellige tjenester som f.eks. signaler for handel med kryptovaluta-futures, alarmer for valutahandel og markedsanalyser for bl.a. guld og indekser.<\/p>\n\n<p>For dem, der ikke har nogen id\u00e9 om, hvordan handelssignaler fungerer, er det triggere til at k\u00f8be eller s\u00e6lge aktiver baseret p\u00e5 et forudbestemt s\u00e6t kriterier. AltSignals tilbyder handelssignaler til BitMex, Binance, Coinbase, ByBit og andre kryptovalutab\u00f8rser. Signalerne fokuserer p\u00e5 mange forskellige kryptovalutaer, herunder Bitcoin (BTC) og Ethereum (ETH). Tradere kan nemt kopiere disse signaler og administrere portef\u00f8ljen med lethed.   <\/p>\n\n<p>Da AltSignals gik ind p\u00e5 kryptovaluta- og valutamarkederne i 2018, var branchen fuld af svindlere eller folk, der gav vildledende oplysninger. I stedet bakkes AltSignals op af et team af handelseksperter, der har mere end ti \u00e5rs relevant brancheerfaring. Desuden er AltSignals ogs\u00e5 det st\u00f8rste kryptohandelsf\u00e6llesskab i verden. Takket v\u00e6re det har AltSignals hjulpet adskillige handlende med at handle forskellige aktiver og f\u00e5 relevant erfaring med handel med virtuelle valutaer.   <\/p>\n\n<p>Firmaet er for nylig kommet med en unik software kaldet AltAlgo. Denne l\u00f8sning er i stand til at arbejde for ethvert marked og vise k\u00f8bs- og salgssignaler direkte p\u00e5 Tradingview p\u00e5 brugernes diagrammer og tidsrammer. Dette eliminerer behovet for, at brugerne er afh\u00e6ngige af platforme som Telegram for at modtage k\u00f8bs- og salgssignaler. Softwaren er is\u00e6r nyttig for nybegyndere. De skal bare kopiere de signaler, der gives af AltAlgo direkte fra TradingView.    <\/p>\n\n<p>AltSignals fokuserer ogs\u00e5 p\u00e5 at levere uddannelsesm\u00e6ssigt indhold relateret til kryptovalutaer, forex og hvordan man forbedrer handelsstrategier. Hoved\u00e5rsagen til dette er at hj\u00e6lpe brugerne med at f\u00e5 de n\u00f8dvendige oplysninger, hvis de \u00f8nsker at handle p\u00e5 disse ustabile og sp\u00e6ndende markeder. Selvom branchen er risikabel, og der altid er volatilitetsrisici, har en velinformeret trader med st\u00f8tte fra en passende platform bedre chancer for at v\u00e6re rentabel.  <\/p>\n\n<p>AltSignals arbejder med en abonnementsmodel og har ogs\u00e5 valgt en holistisk tilgang i stedet for en spredt tilgang ved at tilbyde uddannelse, teknologi og ekspertise til nyankomne s\u00e5vel som til eksperthandlere. Virksomheden har bev\u00e6get sig i den rigtige retning ved at g\u00f8re kapitalforvaltning let at forst\u00e5 for alle. <\/p>\n\n<div class=\"wp-block-columns is-layout-flex wp-container-core-columns-is-layout-9d6595d7 wp-block-columns-is-layout-flex\">\n<div class=\"wp-block-column is-layout-flow wp-block-column-is-layout-flow\">\n<div class=\"wp-block-media-text is-stacked-on-mobile is-vertically-aligned-top team-2-column has-small-font-size\" style=\"grid-template-columns:30% auto\"><figure class=\"wp-block-media-text__media\"><img decoding=\"async\" width=\"300\" height=\"300\" src=\"https:\/\/altsignals.io\/wp-content\/uploads\/2023\/12\/bartosh-300x300.jpg\" alt=\"\" class=\"wp-image-325 size-medium\" title=\"\" srcset=\"https:\/\/altsignals.io\/wp-content\/uploads\/2023\/12\/bartosh-300x300.jpg 300w, https:\/\/altsignals.io\/wp-content\/uploads\/2023\/12\/bartosh-150x150.jpg 150w, https:\/\/altsignals.io\/wp-content\/uploads\/2023\/12\/bartosh.jpg 500w\" sizes=\"(max-width: 300px) 100vw, 300px\" \/><\/figure><div class=\"wp-block-media-text__content\">\n<p>MrCode, ogs\u00e5 kendt som Bartos, er vores chef-udvikler af pine-scripts og har v\u00e6ret en del af AltSignals siden for\u00e5ret 2021. Han administrerer alle vores koder\/scripts og holder indikatorerne opdateret med de nyeste markedsforhold og teknologier. Derudover fokuserer han ogs\u00e5 p\u00e5 at markedsf\u00f8re AltAlgo over for nye kunder og st\u00f8tter dem, hvor det er n\u00f8dvendigt.  <br\/><br\/><em>&#8211; Bartos<\/em><\/p>\n<\/div><\/div>\n<\/div>\n\n\n\n<div class=\"wp-block-column is-layout-flow wp-block-column-is-layout-flow\">\n<div class=\"wp-block-media-text is-stacked-on-mobile is-vertically-aligned-top team-2-column has-small-font-size\" style=\"grid-template-columns:30% auto\"><figure class=\"wp-block-media-text__media\"><img decoding=\"async\" width=\"500\" height=\"500\" src=\"https:\/\/altsignals.io\/wp-content\/uploads\/2023\/12\/jc.jpg\" alt=\"\" class=\"wp-image-327 size-medium\" title=\"\" srcset=\"https:\/\/altsignals.io\/wp-content\/uploads\/2023\/12\/jc.jpg 500w, https:\/\/altsignals.io\/wp-content\/uploads\/2023\/12\/jc-300x300.jpg 300w, https:\/\/altsignals.io\/wp-content\/uploads\/2023\/12\/jc-150x150.jpg 150w\" sizes=\"(max-width: 500px) 100vw, 500px\" \/><\/figure><div class=\"wp-block-media-text__content\">\n<p>JC har v\u00e6ret en del af AltSignals-teamet siden 2021, og han er ansvarlig for at vedligeholde alle Altalgo-kanaler og yde teknisk AltAlgo-support, hvor det er n\u00f8dvendigt. Derudover administrerer han ogs\u00e5 sideprojekter, fordi vi hos Altsignals konstant udvikler og forbedrer vores v\u00e6rkt\u00f8jer og indikatorer. JC administrerer ogs\u00e5 vores (video)dokumentation for at hj\u00e6lpe nye brugere med at finde vej, n\u00e5r de abonnerer p\u00e5 vores tjenester.  <br\/><br\/><em>&#8211; Janick<\/em><\/p>\n<\/div><\/div>\n<\/div>\n<\/div>\n\n<div class=\"wp-block-columns is-layout-flex wp-container-core-columns-is-layout-9d6595d7 wp-block-columns-is-layout-flex\">\n<div class=\"wp-block-column is-layout-flow wp-block-column-is-layout-flow\">\n<div class=\"wp-block-media-text is-stacked-on-mobile is-vertically-aligned-top team-2-column has-small-font-size\" style=\"grid-template-columns:30% auto\"><figure class=\"wp-block-media-text__media\"><img decoding=\"async\" width=\"500\" height=\"500\" src=\"https:\/\/altsignals.io\/wp-content\/uploads\/2023\/12\/jordan.jpg\" alt=\"\" class=\"wp-image-331 size-medium\" title=\"\" srcset=\"https:\/\/altsignals.io\/wp-content\/uploads\/2023\/12\/jordan.jpg 500w, https:\/\/altsignals.io\/wp-content\/uploads\/2023\/12\/jordan-300x300.jpg 300w, https:\/\/altsignals.io\/wp-content\/uploads\/2023\/12\/jordan-150x150.jpg 150w\" sizes=\"(max-width: 500px) 100vw, 500px\" \/><\/figure><div class=\"wp-block-media-text__content\">\n<p>Jordan er vores \u00f8konomiske kontaktperson og administrator, som har v\u00e6ret hos AltSignals siden 2020. Hun vil hj\u00e6lpe dig med alt, hvad der har med at blive medlem af vores tjenester at g\u00f8re. Derudover vil hun besvare alle dine sp\u00f8rgsm\u00e5l om AltSignals, og hvad vi har at tilbyde. Vi er kendt for vores f\u00f8rsteklasses support, og Jordan er grunden til det.   <br\/><br\/><em>&#8211; Jordan<\/em><\/p>\n<\/div><\/div>\n<\/div>\n\n\n\n<div class=\"wp-block-column is-layout-flow wp-block-column-is-layout-flow\">\n<div class=\"wp-block-media-text is-stacked-on-mobile is-vertically-aligned-top team-2-column has-small-font-size\" style=\"grid-template-columns:30% auto\"><figure class=\"wp-block-media-text__media\"><img decoding=\"async\" width=\"500\" height=\"500\" src=\"https:\/\/altsignals.io\/wp-content\/uploads\/2023\/12\/rod.jpg\" alt=\"\" class=\"wp-image-329 size-medium\" title=\"\" srcset=\"https:\/\/altsignals.io\/wp-content\/uploads\/2023\/12\/rod.jpg 500w, https:\/\/altsignals.io\/wp-content\/uploads\/2023\/12\/rod-300x300.jpg 300w, https:\/\/altsignals.io\/wp-content\/uploads\/2023\/12\/rod-150x150.jpg 150w\" sizes=\"(max-width: 500px) 100vw, 500px\" \/><\/figure><div class=\"wp-block-media-text__content\">\n<p>Rod, administrerende direkt\u00f8r for AltSignals, har st\u00e5et i spidsen for driften siden 2018 med en passion for l\u00f8bende at forbedre de tilbudte handelstjenester. Rod har brugt det meste af sin tid p\u00e5 produktudvikling i virksomheden, hvor han har forbedret AltAlgos propriet\u00e6re algoritme og ledet personalet. <br\/><br\/><em>&#8211; Rod<\/em><\/p>\n<\/div><\/div>\n<\/div>\n<\/div>\n","protected":false},"excerpt":{"rendered":"<p>AltSignals blev oprettet af et team af tradere og iv\u00e6rks\u00e6ttere, som \u00f8nskede at skabe gennemsigtighed, tillid og konsekvens p\u00e5 kryptomarkedet. AltSignals&#8217; tilgang er at fokusere p\u00e5 tradere ved at give dem uddannelsesm\u00e6ssigt indhold, den n\u00f8dvendige teknologi og unikke ekspertise til at kunne v\u00e6re rentable p\u00e5 b\u00e5de forex- og kryptovalutamarkederne. Finansmarkederne er traditionelt blevet anset for [&hellip;]<\/p>\n","protected":false},"author":1,"featured_media":325,"parent":0,"menu_order":0,"comment_status":"closed","ping_status":"closed","template":"","meta":{"_acf_changed":false,"footnotes":""},"class_list":["post-38157","page","type-page","status-publish","has-post-thumbnail","hentry"],"acf":[],"_links":{"self":[{"href":"https:\/\/altsignals.io\/da\/wp-json\/wp\/v2\/pages\/38157","targetHints":{"allow":["GET"]}}],"collection":[{"href":"https:\/\/altsignals.io\/da\/wp-json\/wp\/v2\/pages"}],"about":[{"href":"https:\/\/altsignals.io\/da\/wp-json\/wp\/v2\/types\/page"}],"author":[{"embeddable":true,"href":"https:\/\/altsignals.io\/da\/wp-json\/wp\/v2\/users\/1"}],"replies":[{"embeddable":true,"href":"https:\/\/altsignals.io\/da\/wp-json\/wp\/v2\/comments?post=38157"}],"version-history":[{"count":1,"href":"https:\/\/altsignals.io\/da\/wp-json\/wp\/v2\/pages\/38157\/revisions"}],"predecessor-version":[{"id":38170,"href":"https:\/\/altsignals.io\/da\/wp-json\/wp\/v2\/pages\/38157\/revisions\/38170"}],"wp:featuredmedia":[{"embeddable":true,"href":"https:\/\/altsignals.io\/da\/wp-json\/wp\/v2\/media\/325"}],"wp:attachment":[{"href":"https:\/\/altsignals.io\/da\/wp-json\/wp\/v2\/media?parent=38157"}],"curies":[{"name":"wp","href":"https:\/\/api.w.org\/{rel}","templated":true}]}}