{"id":38200,"date":"2023-12-21T13:51:26","date_gmt":"2023-12-21T13:51:26","guid":{"rendered":"https:\/\/altsignals.io\/hvorfor-altsignals"},"modified":"2025-04-07T04:38:46","modified_gmt":"2025-04-07T04:38:46","slug":"hvorfor-altsignals","status":"publish","type":"page","link":"https:\/\/altsignals.io\/da\/hvorfor-altsignals","title":{"rendered":"Hvorfor <span>AltSignals<\/span>?"},"content":{"rendered":"\n<h2 class=\"wp-block-heading has-text-align-center\">Hvis du er en erfaren trader eller lige er kommet i gang, vil du med AltSignals f\u00e5 mulighed for at tjene gode penge, men ogs\u00e5 perfektionere dine handelsevner.<\/h2>\n\n<div class=\"wp-block-media-text is-stacked-on-mobile\"><figure class=\"wp-block-media-text__media\"><img decoding=\"async\" src=\"https:\/\/altsignals.io\/wp-content\/uploads\/2023\/12\/why1.svg\" alt=\"\" class=\"wp-image-566 size-full\" title=\"\"><\/figure><div class=\"wp-block-media-text__content\">\n<h3 class=\"wp-block-heading\">F\u00f8rende inden for kryptosignaler<\/h3>\n\n\n\n<p>Du har m\u00e5ske tidligere l\u00e6st om Bitcoin- og kryptosignaler, men aldrig forst\u00e5et, hvad det betyder? Signaler kan omfatte forskellige emner med Bitcoin og Altcoins, der sp\u00e6nder fra tjenester inden for analyse, signaler og portef\u00f8ljestyring og analyse. <\/p>\n\n\n\n<p>Mange af de bedste hjemmesider og signaludbydere p\u00e5 nettet og i Telegram tilbyder dig tjenester, men giver dig en pris pr. tjeneste. Hos AltSignals tilbyder vi ikke kun enkeltpakker, der er omkostningseffektive, men inkluderer alt, hvis ikke mere, hvad andre kan tilbyde. Vores m\u00e5l er, at du skal f\u00e5 succes og v\u00e6re i en virksomhed med overskud og ikke en virksomhed, der dr\u00e6ner din tegnebog.  <\/p>\n<\/div><\/div>\n\n<div class=\"wp-block-media-text has-media-on-the-right is-stacked-on-mobile\"><div class=\"wp-block-media-text__content\">\n<h3 class=\"wp-block-heading\">Vores analyse af din fortjeneste<\/h3>\n\n\n\n<p>Kryptomarkedet fungerer p\u00e5 samme m\u00e5de som et aktie- og valutamarked. Jo mere der investeres, jo st\u00f8rre er bel\u00f8nningen. Mange udbydere af kryptovaluta-signaler reklamerer med, hvordan du kan \u00f8ge dit overskud med 100 % p\u00e5 en m\u00e5ned, men det er ikke pr\u00e6cise tal, da markedet skaber forskellige muligheder hver m\u00e5ned.  <\/p>\n\n\n\n<p>Ofte vil udbydere af kryptovaluta-signaler f\u00f8rst give et signal, n\u00e5r de selv er g\u00e5et ind i en position for at drage fordel af signalets markedsbev\u00e6gelse for deres egen skyld. Hos AltSignals har vi en bot p\u00e5 telegram, der giver dig mulighed for at g\u00e5 ind i positionen p\u00e5 samme tid som os for at sikre, at du tjener penge sammen med os! <\/p>\n<\/div><figure class=\"wp-block-media-text__media\"><img decoding=\"async\" src=\"https:\/\/altsignals.io\/wp-content\/uploads\/2023\/12\/why2.svg\" alt=\"\" class=\"wp-image-567 size-full\" title=\"\"><\/figure><\/div>\n\n<div class=\"wp-block-media-text is-stacked-on-mobile\"><figure class=\"wp-block-media-text__media\"><img decoding=\"async\" src=\"https:\/\/altsignals.io\/wp-content\/uploads\/2023\/12\/why1.svg\" alt=\"\" class=\"wp-image-566 size-full\" title=\"\"><\/figure><div class=\"wp-block-media-text__content\">\n<h3 class=\"wp-block-heading\">Kvalitet frem for kvantitet<\/h3>\n\n\n\n<p>Hos AltSignals garanterer vi kvaliteten af de handler, vi leverer. Uanset om det er kryptovaluta eller valuta, laver vi dybdeg\u00e5ende analyser for hver handel. Det betyder, at vi kun leverer handler og analyser af h\u00f8jeste kvalitet til vores kunder.  <\/p>\n\n\n\n<p>I mods\u00e6tning til andre signaludbydere vil vi hellere lade v\u00e6re med at give et signal end bare give det for at underholde vores medlemmer, hvis kvaliteten af handlen ikke lever op til vores standarder. Vores tradere er strategiske specialister, de tilbyder dybere, mere personlig hj\u00e6lp til dem, der s\u00f8ger managementtaktik inden for portef\u00f8ljesf\u00e6ren. <\/p>\n<\/div><\/div>\n\n<div class=\"wp-block-columns features-4-columns is-layout-flex wp-container-core-columns-is-layout-9d6595d7 wp-block-columns-is-layout-flex\">\n<div class=\"wp-block-column is-layout-flow wp-block-column-is-layout-flow\"><div class=\"wp-block-image\">\n<figure class=\"aligncenter size-full is-resized\"><img decoding=\"async\" width=\"232\" height=\"232\" src=\"https:\/\/altsignals.io\/wp-content\/uploads\/2023\/12\/risk-management-features.png\" alt=\"\" class=\"wp-image-574\" style=\"width:180px\" title=\"\" srcset=\"https:\/\/altsignals.io\/wp-content\/uploads\/2023\/12\/risk-management-features.png 232w, https:\/\/altsignals.io\/wp-content\/uploads\/2023\/12\/risk-management-features-150x150.png 150w\" sizes=\"(max-width: 232px) 100vw, 232px\" \/><\/figure>\n<\/div>\n\n\n<p class=\"has-text-align-center\"><strong>Funktioner til risikostyring<\/strong><\/p>\n<\/div>\n\n\n\n<div class=\"wp-block-column is-layout-flow wp-block-column-is-layout-flow\"><div class=\"wp-block-image\">\n<figure class=\"aligncenter size-full is-resized\"><img decoding=\"async\" width=\"232\" height=\"232\" src=\"https:\/\/altsignals.io\/wp-content\/uploads\/2023\/12\/trading-guides.png\" alt=\"\" class=\"wp-image-575\" style=\"width:180px\" title=\"\" srcset=\"https:\/\/altsignals.io\/wp-content\/uploads\/2023\/12\/trading-guides.png 232w, https:\/\/altsignals.io\/wp-content\/uploads\/2023\/12\/trading-guides-150x150.png 150w\" sizes=\"(max-width: 232px) 100vw, 232px\" \/><\/figure>\n<\/div>\n\n\n<p class=\"has-text-align-center\"><strong>Handelsvejledninger p\u00e5 vores hjemmeside<\/strong><\/p>\n<\/div>\n\n\n\n<div class=\"wp-block-column is-layout-flow wp-block-column-is-layout-flow\"><div class=\"wp-block-image\">\n<figure class=\"aligncenter size-full is-resized\"><img decoding=\"async\" width=\"232\" height=\"232\" src=\"https:\/\/altsignals.io\/wp-content\/uploads\/2023\/12\/markets-and-timeframes.png\" alt=\"\" class=\"wp-image-576\" style=\"width:180px\" title=\"\" srcset=\"https:\/\/altsignals.io\/wp-content\/uploads\/2023\/12\/markets-and-timeframes.png 232w, https:\/\/altsignals.io\/wp-content\/uploads\/2023\/12\/markets-and-timeframes-150x150.png 150w\" sizes=\"(max-width: 232px) 100vw, 232px\" \/><\/figure>\n<\/div>\n\n\n<p class=\"has-text-align-center\"><strong>Fungerer p\u00e5 alle markeder og inden for alle tidsrammer<\/strong><\/p>\n<\/div>\n\n\n\n<div class=\"wp-block-column is-layout-flow wp-block-column-is-layout-flow\"><div class=\"wp-block-image\">\n<figure class=\"aligncenter size-full is-resized\"><img decoding=\"async\" width=\"232\" height=\"232\" src=\"https:\/\/altsignals.io\/wp-content\/uploads\/2023\/12\/robust-trading-indicator.png\" alt=\"\" class=\"wp-image-577\" style=\"width:180px\" title=\"\" srcset=\"https:\/\/altsignals.io\/wp-content\/uploads\/2023\/12\/robust-trading-indicator.png 232w, https:\/\/altsignals.io\/wp-content\/uploads\/2023\/12\/robust-trading-indicator-150x150.png 150w\" sizes=\"(max-width: 232px) 100vw, 232px\" \/><\/figure>\n<\/div>\n\n\n<p class=\"has-text-align-center\"><strong>Robust handelsindikator snart tilg\u00e6ngelig p\u00e5 markedet<\/strong><\/p>\n<\/div>\n<\/div>\n\n<div class=\"wp-block-columns features-4-columns is-layout-flex wp-container-core-columns-is-layout-9d6595d7 wp-block-columns-is-layout-flex\">\n<div class=\"wp-block-column is-layout-flow wp-block-column-is-layout-flow\"><div class=\"wp-block-image\">\n<figure class=\"aligncenter size-full is-resized\"><img decoding=\"async\" width=\"232\" height=\"232\" src=\"https:\/\/altsignals.io\/wp-content\/uploads\/2023\/12\/signals-support.png\" alt=\"\" class=\"wp-image-580\" style=\"width:180px\" title=\"\" srcset=\"https:\/\/altsignals.io\/wp-content\/uploads\/2023\/12\/signals-support.png 232w, https:\/\/altsignals.io\/wp-content\/uploads\/2023\/12\/signals-support-150x150.png 150w\" sizes=\"(max-width: 232px) 100vw, 232px\" \/><\/figure>\n<\/div>\n\n\n<p class=\"has-text-align-center\"><strong>Vores signaler underst\u00f8tter de fleste handelspar<\/strong><\/p>\n<\/div>\n\n\n\n<div class=\"wp-block-column is-layout-flow wp-block-column-is-layout-flow\"><div class=\"wp-block-image\">\n<figure class=\"aligncenter size-full is-resized\"><img decoding=\"async\" width=\"232\" height=\"232\" src=\"https:\/\/altsignals.io\/wp-content\/uploads\/2023\/12\/quality-over-quantity.png\" alt=\"\" class=\"wp-image-581\" style=\"width:180px\" title=\"\" srcset=\"https:\/\/altsignals.io\/wp-content\/uploads\/2023\/12\/quality-over-quantity.png 232w, https:\/\/altsignals.io\/wp-content\/uploads\/2023\/12\/quality-over-quantity-150x150.png 150w\" sizes=\"(max-width: 232px) 100vw, 232px\" \/><\/figure>\n<\/div>\n\n\n<p class=\"has-text-align-center\"><strong>Vi sender kun kvalitet frem for kvantitet<\/strong><\/p>\n<\/div>\n\n\n\n<div class=\"wp-block-column is-layout-flow wp-block-column-is-layout-flow\"><div class=\"wp-block-image\">\n<figure class=\"aligncenter size-full is-resized\"><img decoding=\"async\" width=\"232\" height=\"232\" src=\"https:\/\/altsignals.io\/wp-content\/uploads\/2023\/12\/monthly-fee.png\" alt=\"\" class=\"wp-image-582\" style=\"width:180px\" title=\"\" srcset=\"https:\/\/altsignals.io\/wp-content\/uploads\/2023\/12\/monthly-fee.png 232w, https:\/\/altsignals.io\/wp-content\/uploads\/2023\/12\/monthly-fee-150x150.png 150w\" sizes=\"(max-width: 232px) 100vw, 232px\" \/><\/figure>\n<\/div>\n\n\n<p class=\"has-text-align-center\"><strong>Vores m\u00e5nedlige gebyr er gennemsigtigt og fair<\/strong><\/p>\n<\/div>\n\n\n\n<div class=\"wp-block-column is-layout-flow wp-block-column-is-layout-flow\"><div class=\"wp-block-image\">\n<figure class=\"aligncenter size-full is-resized\"><img decoding=\"async\" width=\"232\" height=\"232\" src=\"https:\/\/altsignals.io\/wp-content\/uploads\/2023\/12\/perfect-for-beginners.png\" alt=\"\" class=\"wp-image-583\" style=\"width:180px\" title=\"\" srcset=\"https:\/\/altsignals.io\/wp-content\/uploads\/2023\/12\/perfect-for-beginners.png 232w, https:\/\/altsignals.io\/wp-content\/uploads\/2023\/12\/perfect-for-beginners-150x150.png 150w\" sizes=\"(max-width: 232px) 100vw, 232px\" \/><\/figure>\n<\/div>\n\n\n<p class=\"has-text-align-center\"><strong>Perfekt til begyndere og folk med dagarbejde<\/strong><\/p>\n<\/div>\n<\/div>\n","protected":false},"excerpt":{"rendered":"<p>Hvis du er en erfaren trader eller lige er kommet i gang, vil du med AltSignals f\u00e5 mulighed for at tjene gode penge, men ogs\u00e5 perfektionere dine handelsevner. F\u00f8rende inden for kryptosignaler Du har m\u00e5ske tidligere l\u00e6st om Bitcoin- og kryptosignaler, men aldrig forst\u00e5et, hvad det betyder? Signaler kan omfatte forskellige emner med Bitcoin og [&hellip;]<\/p>\n","protected":false},"author":1,"featured_media":566,"parent":0,"menu_order":0,"comment_status":"closed","ping_status":"closed","template":"","meta":{"_acf_changed":false,"footnotes":""},"page_category":[],"class_list":["post-38200","page","type-page","status-publish","has-post-thumbnail","hentry"],"acf":[],"_links":{"self":[{"href":"https:\/\/altsignals.io\/da\/wp-json\/wp\/v2\/pages\/38200","targetHints":{"allow":["GET"]}}],"collection":[{"href":"https:\/\/altsignals.io\/da\/wp-json\/wp\/v2\/pages"}],"about":[{"href":"https:\/\/altsignals.io\/da\/wp-json\/wp\/v2\/types\/page"}],"author":[{"embeddable":true,"href":"https:\/\/altsignals.io\/da\/wp-json\/wp\/v2\/users\/1"}],"replies":[{"embeddable":true,"href":"https:\/\/altsignals.io\/da\/wp-json\/wp\/v2\/comments?post=38200"}],"version-history":[{"count":1,"href":"https:\/\/altsignals.io\/da\/wp-json\/wp\/v2\/pages\/38200\/revisions"}],"predecessor-version":[{"id":38214,"href":"https:\/\/altsignals.io\/da\/wp-json\/wp\/v2\/pages\/38200\/revisions\/38214"}],"wp:featuredmedia":[{"embeddable":true,"href":"https:\/\/altsignals.io\/da\/wp-json\/wp\/v2\/media\/566"}],"wp:attachment":[{"href":"https:\/\/altsignals.io\/da\/wp-json\/wp\/v2\/media?parent=38200"}],"wp:term":[{"taxonomy":"page_category","embeddable":true,"href":"https:\/\/altsignals.io\/da\/wp-json\/wp\/v2\/page_category?post=38200"}],"curies":[{"name":"wp","href":"https:\/\/api.w.org\/{rel}","templated":true}]}}