{"id":38270,"date":"2024-01-05T08:00:09","date_gmt":"2024-01-05T08:00:09","guid":{"rendered":"https:\/\/altsignals.io\/vilkaar-for-service"},"modified":"2025-05-21T03:44:57","modified_gmt":"2025-05-21T03:44:57","slug":"terms-of-service","status":"publish","type":"page","link":"https:\/\/altsignals.io\/da\/terms-of-service","title":{"rendered":"Vilk\u00e5r for <span>service<\/span>"},"content":{"rendered":"\n<h2 class=\"wp-block-heading\">Generelle vilk\u00e5r om servicevilk\u00e5rene<\/h2>\n\n<p>AltSignals har udarbejdet f\u00f8lgende servicevilk\u00e5r (herefter &#8220;ToS&#8221;) som et s\u00e6t generelle regler, der skal overholdes ved adgang til vores websted,<a href=\"http:\/\/altsignals.io\/\">&#8220;http:\/\/altsignals.io&#8221;,<\/a>samt alle dets produkter og tjenester (herefter i f\u00e6llesskab ben\u00e6vnt &#8220;webstedet&#8221;). Det er dit ansvar som bruger at overholde disse vilk\u00e5r, s\u00e5 v\u00e6r sikker p\u00e5, at du har l\u00e6st dem fuldt ud og forst\u00e5et dem helt, f\u00f8r du bruger webstedet. Brug af dette websted betyder implicit accept af vilk\u00e5rene og andre tilknyttede retningslinjer. Visse aspekter af webstedet kan kr\u00e6ve yderligere ToS for at blive brugt, og brug af s\u00e5danne produkter og tjenester udg\u00f8r ogs\u00e5 accept af deres specifikke ToS.   <\/p>\n\n<p>Enhver del af disse vilk\u00e5r kan opdateres n\u00e5r som helst uden forudg\u00e5ende varsel. S\u00e5danne opdateringer vil blive offentliggjort p\u00e5 webstedet p\u00e5 en offentligt tilg\u00e6ngelig m\u00e5de. Fortsat brug af dette websted indikerer aftale og accept af alle \u00e6ndringer af disse vilk\u00e5r, s\u00e5 det er dit ansvar at holde dig ajour med dem.  <\/p>\n\n<h2 class=\"wp-block-heading\">Hvem vi er<\/h2>\n\n<p>Denne hjemmeside er bygget og administreres af AltSignals LTD. (herefter kendt som &#8220;AltSignals LTD&#8221;), et privatejet selskab med base i Skotland i Storbritannien af samme navn. Eventuelle sp\u00f8rgsm\u00e5l eller bekymringer om disse vilk\u00e5r, hjemmesiden eller selve virksomheden kan sendes via <a href=\"https:\/\/altsignals.io\/da\/contact\">kontaktformularen<\/a>. <\/p>\n\n<p>Virksomhedens prim\u00e6re fokus er dette websted, som alle ToS g\u00e6lder for. Bortset fra dette kan virksomheden drive andre tilknyttede websteder og andre enheder p\u00e5 internettet. Medmindre andet er angivet, g\u00e6lder disse ToS ogs\u00e5 for brugen af dem. Dette websted er en privat virksomhed og er ikke godkendt af noget offentligt finansielt reguleringsorgan.   <\/p>\n\n<h2 class=\"wp-block-heading\">Virksomhedens intellektuelle ejendom, og hvordan den relaterer sig til din brug af dette websted<\/h2>\n\n<p>De produkter og tjenester, som virksomheden tilbyder p\u00e5 dette websted og dets tilknyttede Telegram-kanaler, tilbydes &#8220;som de er&#8221; til en brugers egen personlige brug. De inkluderede v\u00e6rkt\u00f8jer m\u00e5 ikke bruges af eller oplysninger formidles til andre uden forudg\u00e5ende samtykke fra virksomheden. Handels- og teknologir\u00e5dgivere kan bruge webstedet som en informationskilde til at hj\u00e6lpe deres egne kunder, da dette ikke anses for at v\u00e6re en overtr\u00e6delse af ovenst\u00e5ende klausul. Al anden ikke-personlig brug kr\u00e6ver skriftligt samtykke, som kan f\u00e5s via <a href=\"https:\/\/altsignals.io\/da\/contact\">kontaktformularen<\/a>. <\/p>\n\n<p>Virksomheden forbeholder sig ret til at \u00e6ndre, opgradere, nedgradere eller forbyde adgang til webstedet til enhver tid uden forudg\u00e5ende varsel af enhver grund, som den finder passende. Ligeledes kan overtr\u00e6delse af nogen af disse ToS resultere i, at en konto suspenderes eller slettes uden forudg\u00e5ende varsel. Virksomheden anerkender ingen forpligtelse til at give &#8220;advarsler&#8221; til brugere, der misbruger deres ret til at bruge webstedet.  <\/p>\n\n<p>Virksomheden antages at eje ophavsretten og alle andre g\u00e6ldende intellektuelle ejendomsrettigheder (herefter &#8220;IP&#8221;) til alt indhold, der findes p\u00e5 webstedet og de produkter, det tilbyder. Disse IP-rettigheder d\u00e6kker &#8220;look and feel&#8221;, taksonomi, grafik, dokumenter og alle kopier, der findes p\u00e5 webstedet. Derudover d\u00e6kker disse rettigheder oplysninger, der tilbydes i andre forskellige produkter, der ejes og drives af virksomheden, medmindre andet er angivet.  <\/p>\n\n<p>Ud over indholdet p\u00e5 dette websted er alt materiale, der kan downloades, og som er fremstillet af virksomheden, ogs\u00e5 omfattet af ovenst\u00e5ende IP-klausul. Medmindre andet er angivet, forbyder virksomheden strengt kommerciel distribution, \u00e6ndring, viderelicensering eller anden brug af s\u00e5danne dokumenter og andre produkter uden forudg\u00e5ende tilladelse. S\u00e5danne materialer kan dog bruges i henhold til doktrinen om personlig &#8220;fair use&#8221;, forudsat at virksomheden og\/eller webstedet krediteres.  <\/p>\n\n<p>Dette websted eksisterer for at formidle nyttige oplysninger til sine kunder. Kunderne er selv ansvarlige for, hvordan de bruger disse oplysninger. Som s\u00e5dan er alle oplysninger, der gives til en kunde, underlagt f\u00f8lgende forbehold: Brugere m\u00e5 ikke genbruge, citere eller udtr\u00e6kke oplysninger fra virksomheden p\u00e5 en m\u00e5de, der f\u00e5r det til at se ud, som om virksomheden anbefaler eller p\u00e5 anden m\u00e5de er fortaler for et bestemt synspunkt, eller at den deler noget synspunkt med brugeren. Derudover er det ligeledes forbudt for brugere at vise indhold fra virksomheden, der ser ud til at anbefale eller st\u00f8tte et produkt eller en tjeneste, hvad enten det er brugerens eget eller en andens.   <\/p>\n\n<p>Virksomheden leverer markedsrapporter via forskellige mekanismer. Kunder p\u00e5 webstedet m\u00e5 ikke \u00e6ndre s\u00e5danne rapporter &#8211; ved at slette eller tilf\u00f8je indhold &#8211; p\u00e5 nogen m\u00e5de, der kan f\u00e5 materialet til at fremst\u00e5 som en godkendelse eller sanktion fra virksomheden. Som n\u00e6vnt ovenfor er en s\u00e5dan deling af virksomhedsoplysninger tilladt, s\u00e5 l\u00e6nge der gives kredit til virksomheden; oplysninger fra virksomheden m\u00e5 p\u00e5 ingen m\u00e5de repr\u00e6senteres som kundens eget arbejde.  <\/p>\n\n<p>Kunderne accepterer ogs\u00e5, at de ikke m\u00e5 bruge dele af rapporterne eller andet indhold p\u00e5 webstedet som en del af et plot eller en plan, der er ulovlig, forn\u00e6rmende eller ondsindet p\u00e5 nogen m\u00e5de. Dette omfatter, men er ikke begr\u00e6nset til, \u00e6rekr\u00e6nkelse af virksomheden, hjemmesiden, dens medarbejdere, dens IP eller dens andre kunder. <\/p>\n\n<h2 class=\"wp-block-heading\">Virksomhedens ansvar over for dig<\/h2>\n\n<p>Virksomheden leverer dette websted og dets tilknyttede produkter og tjenester som en informationskilde til kryptovalutamarkedet og intet andet. Som s\u00e5dan g\u00f8r virksomheden alt, hvad der kan g\u00f8res inden for rimelighedens gr\u00e6nser for at sikre, at oplysningerne p\u00e5 webstedet &#8211; s\u00e5vel som dem, der er inkluderet i nogen af dens produkter og tjenester &#8211; er aktuelle, n\u00f8jagtige og nyttige. Virksomheden tilbyder dog ikke nogen garanti, hverken underforst\u00e5et eller p\u00e5 anden m\u00e5de formuleret, for, at nogen eller alle n\u00e6vnte oplysninger er p\u00e5lidelige eller fuldst\u00e6ndige. Disse &#8220;som det er&#8221;-betingelser g\u00e6lder ogs\u00e5 for kommunikation fra konsulenter, partnere, r\u00e5dgivere, agenter og\/eller andre personer, der er relateret til virksomheden. Derudover skal brugerne ikke holde virksomheden ansvarlig for oplysninger, der leveres af tredjeparter. Dette omfatter noter, artikler, reklamer og andet indhold, der ikke er under virksomhedens direkte kontrol.     <\/p>\n\n<p>Endvidere kan brugerne ikke holde virksomheden ansvarlig for skader, der m\u00e5tte opst\u00e5 som f\u00f8lge af brug (eller manglende brug) af virksomhedens tjenester. Dette omfatter, men er ikke begr\u00e6nset til, b\u00e5de \u00f8konomiske tab og tab af forretning. Denne klausul skal d\u00e6kke alle virksomhedens tjenester, herunder, men ikke begr\u00e6nset til, Telegram-signaler, kanaler, handelsbots, handelsindikatorer, rapporter og alle tilknyttede produkter. Som ovenfor tilbydes alle s\u00e5danne oplysninger og tjenester &#8220;som de er&#8221; uden nogen garanti eller garanti underforst\u00e5et.   <\/p>\n\n<p>Vores ToS udelukker eller begr\u00e6nser ikke noget ansvar fra virksomhedens side over for sine kunder for enhver rolle, som det kan spille i deres egen personskade eller deres d\u00f8d som f\u00f8lge af virksomhedens uagtsomhed; udtrykkelig svig og svigagtig vildledning fra vores side; eller nogen anden handling eller omst\u00e6ndighed, hvor det ville v\u00e6re ulovligt for virksomheden at udelukke eller fors\u00f8ge at udelukke ansvar fra vores side.<\/p>\n\n<h2 class=\"wp-block-heading\">Denne hjemmeside<\/h2>\n\n<p>Virksomheden f\u00f8lger alle nuv\u00e6rende bedste praksisser for at opretholde, at webstedet &#8211; AltSignals. io &#8211; er tilg\u00e6ngeligt for alle hvert \u00f8jeblik hver dag. Virksomheden p\u00e5tager sig dog intet ansvar for, hvad der kan opst\u00e5, hvis og n\u00e5r webstedet ikke er tilg\u00e6ngeligt for en bruger. Virksomheden giver derfor ingen garanti for dens tilg\u00e6ngelighed. Ligeledes kan virksomheden ikke garantere, at hjemmesiden altid vil v\u00e6re fri for destruktive eller defekte elementer. Disse omfatter, men er ikke begr\u00e6nset til, virus, malware og andre skadelige digitale agenter.     <\/p>\n\n<p>Selvom virksomheden bestr\u00e6ber sig p\u00e5 at g\u00f8re hjemmesiden tilg\u00e6ngelig for s\u00e5 mange mennesker som muligt, kan den ikke garantere, at den vil v\u00e6re kompatibel med en brugers givne browser, version af Telegram eller anden software. Derudover kan virksomheden ikke garantere, at webstedet og nogen eller alle dets tjenester vil fungere med alle enheder og operativsystemer. Det er brugerens ansvar at sikre, at de bruger platforme, der er kompatible med webstedet og dets produkter som angivet i webstedets FAQ.  <\/p>\n\n<p>Lejlighedsvis vil indhold p\u00e5 webstedet linke til indhold fra andre websteder. Brugeren skal ikke holde virksomheden ansvarlig for indholdet af s\u00e5danne websteder eller for andre tredjepartselementer, der er linket til fra webstedet, af virksomheden eller tredjeparter. <\/p>\n\n<h2 class=\"wp-block-heading\">Data og vejledning, der pr\u00e6senteres p\u00e5 dette websted<\/h2>\n\n<p>Brugere skal bem\u00e6rke, at virksomheden ikke styres af FCA eller nogen anden statslig tilsynsgruppe. Tjenester, der leveres af virksomheden via webstedet og alle dens andre tjenester, tilbydes &#8220;som de er&#8221; via ovenst\u00e5ende vilk\u00e5r og er underlagt disse vilk\u00e5r og kun disse vilk\u00e5r. <\/p>\n\n<p>Dette websted er et apparat til b\u00e5de information og anvendelse heraf. Den er beregnet til generel brug som en ressource, ikke som et r\u00e5dgivningsorgan for ens \u00f8konomiske fremtid. Som s\u00e5dan vil de pr\u00e6senterede oplysninger typisk v\u00e6re af &#8220;generel&#8221; karakter og vil normalt ikke anbefale specifikke finansielle produkter eller tjenester. Virksomheden anbefaler, at dens kunder anvender en professionel finansiel r\u00e5dgiver til specifikke sp\u00f8rgsm\u00e5l, der ligger uden for dette websteds anvendelsesomr\u00e5de.   <\/p>\n\n<p>Af denne grund b\u00f8r brugerne ikke bruge nogen af oplysningerne p\u00e5 dette websted som den eneste faktor, n\u00e5r de tr\u00e6ffer beslutninger om k\u00f8b, salg eller handel med finansielle produkter.  <\/p>\n\n<p>Alle oplysninger, der pr\u00e6senteres p\u00e5 dette websted eller via dets produkter, skal anses for at v\u00e6re altomfattende og fuldst\u00e6ndige. Virksomheden, dens medarbejdere og dens konsulenter er ikke forpligtet til at give flere detaljer eller andre yderligere oplysninger end dem, der oprindeligt blev tilbudt. N\u00e5r nye oplysninger bliver gjort tilg\u00e6ngelige, kan noget indhold blive opdateret efter behov, men virksomheden er p\u00e5 ingen m\u00e5de forpligtet til at inkludere alle g\u00e6ldende opdateringer til enhver tid. Derudover er virksomheden ikke forpligtet til at opdatere noget specifikt indhold, da alle s\u00e5danne opdateringsbeslutninger tr\u00e6ffes efter eget sk\u00f8n af virksomhedens medarbejdere.   <\/p>\n\n<p>Dette websted er beregnet til et publikum af almindelige personlige brugere, ikke finansielle fagfolk. Den er ikke beregnet til at v\u00e6re et v\u00e6rkt\u00f8j for detailinvestorer, og som s\u00e5dan b\u00f8r disse fagfolk ikke bruge hjemmesidens indhold til professionelle finansielle anliggender. I forbindelse med dette websted skal finansfolk overholde de samme vilk\u00e5r som andre brugere, og som s\u00e5dan er de underlagt de ansvarsbetingelser, der er pr\u00e6senteret ovenfor.  <\/p>\n\n<h2 class=\"wp-block-heading\">Online-kontrakter via AltSignals<\/h2>\n\n<p>Fra tid til anden kan indhold p\u00e5 webstedet henvise brugere til tredjepartskonsulenter og andre fagfolk. Hvis en bruger finder det n\u00f8dvendigt at indg\u00e5 en kontrakt med en s\u00e5dan tredjepart p\u00e5 dette websted, er det op til brugeren at sikre, at s\u00e5danne kontrakter er retf\u00e6rdige, klare og juridisk utvetydige. Hvis brugeren oplever forvirring, er det desuden op til ham\/hende at finde og udnytte juridisk r\u00e5dgivning efter behov. Digitale tjenester, der tilbydes af entrepren\u00f8rer via dette websted, er alt inklusive, og der forventes ingen yderligere gebyrer, medmindre andet er angivet.   <\/p>\n\n<h2 class=\"wp-block-heading\">Tilbagebetaling og returnering<\/h2>\n\n<p>Abonnementer omfatter adgang til alt indhold p\u00e5 dette websted, herunder rapporter, v\u00e6rkt\u00f8jer, r\u00e5dgivning, dokumentation og andre elementer. Disse komponenter, n\u00e5r de samles som en del af et abonnement, udg\u00f8r en &#8220;digital vare&#8221; og er som s\u00e5dan undtaget fra tilbagebetaling i henhold til EU-lovgivningen. <\/p>\n\n<p>Af hensyn til god tro og kundeservice kan en bruger dog stadig anmode om tilbagebetaling, og s\u00e5danne tilbagebetalinger vil, hvis de godkendes, normalt blive foretaget inden for 24 timer fra det tidspunkt, hvor abonnementet eller andre digitale varer blev k\u00f8bt. M\u00e5nedlige kan have 24 timers refusionspolitik. Kvartalsvis og \u00e5rligt er der ingen refusionspolitik p\u00e5 grund af vores produkters karakter.  <br\/><br\/>Enhver bruger eller kunde, der spammer, chikanerer, misbruger eller generelt er aggressivt uh\u00f8flig over for personalet, er muligvis ikke berettiget til refusion.<\/p>\n\n<p>I tilf\u00e6lde af betaling med kreditkort vil tilbagebetalingen ske til det anvendte betalingskort. I tilf\u00e6lde af betaling i kryptovaluta vil brugerne modtage en refusion i den samme kryptovaluta, der blev brugt p\u00e5 k\u00f8bstidspunktet, og det modtagne bel\u00f8b vil have samme v\u00e6rdi i euro, som det havde p\u00e5 den oprindelige k\u00f8bsdato. <\/p>\n\n<p>P\u00e5 grund af vores tjenesters karakter tilbyder vi ikke ombytning mellem abonnementer uanset tjenestens l\u00e6ngde. Hvis du er i tvivl, f\u00f8r du k\u00f8ber, kan du kontakte vores support eller sende os en e-mail. <\/p>\n\n<p>En anmodning om tilbagebetaling af enhver art kan ske via <a href=\"https:\/\/altsignals.io\/da\/contact\">kontaktformularen<\/a>. Denne e-mailadresse kan ogs\u00e5 bruges, hvis en bruger finder nogle af disse tilbagebetalingsbetingelser uklare, eller hvis de har et sp\u00f8rgsm\u00e5l om tilbagebetalinger af enhver anden art. <\/p>\n\n<h2 class=\"wp-block-heading\">Forbudt brug af dette websted<\/h2>\n\n<p>Dette websted m\u00e5 ikke bruges til ulovlige eller p\u00e5 anden m\u00e5de forbudte handlinger, og det m\u00e5 heller ikke bruges i strid med disse vilk\u00e5r. Derudover er visse aktiviteter udtrykkeligt forbudt heri. Disse omfatter, men er ikke begr\u00e6nset til, brug af webstedet p\u00e5 en m\u00e5de, der er \u00e6rekr\u00e6nkende, uanst\u00e6ndig, st\u00f8dende, pornografisk eller p\u00e5 anden m\u00e5de skandal\u00f8s. Derudover m\u00e5 brugerne ikke bruge produkter eller elementer p\u00e5 dette websted p\u00e5 nogen m\u00e5de, der kan anses for at v\u00e6re truende, diskriminerende, truende, forn\u00e6rmende, opr\u00f8rsk, eller som med rimelighed kan forventes at fremme had baseret p\u00e5 m\u00e5lets race, k\u00f8n, religion, seksualitet eller anden minoritetsstatus. Desuden m\u00e5 det ikke bruges til at uds\u00e6tte sig selv eller andre for kontraktbrud, tillidsbrud eller brud p\u00e5 andres privatliv. Dette websted og dets elementer m\u00e5 heller ikke bruges p\u00e5 nogen m\u00e5de, der kr\u00e6nker andres ophavsret eller intellektuelle ejendomsret eller webstedet og virksomheden selv. Endelig m\u00e5 dette websted ikke bruges som en vektor for digitale skadelige agenter, herunder vira, &#8220;trojanske heste&#8221; eller andre destruktive former for data.      <\/p>\n\n<p>Hvis en bruger mist\u00e6nkes for at overtr\u00e6de ovenst\u00e5ende specifikationer, vil virksomheden og dens medarbejdere samarbejde med alle retsh\u00e5ndh\u00e6vende myndigheder efter behov og forbeholder sig den absolutte ret til at anl\u00e6gge sag mod alle brugere, der har overtr\u00e5dt ovenst\u00e5ende forbudte handlinger.<\/p>\n\n<h2 class=\"wp-block-heading\">EU&#8217;s generelle forordning om databeskyttelse (GDPR)<\/h2>\n\n<p>Virksomheden har brug for nogle data fra sine brugere, for at hjemmesiden kan fungere korrekt. Til dette form\u00e5l sendes, modtages og opbevares kundedata sikkert til brug for virksomheden af den udtrykkelige grund, der er n\u00e6vnt ovenfor. Virksomheden vil aldrig dele, s\u00e6lge eller overf\u00f8re sine kundedata til nogen tredjepart uden brugerens forudg\u00e5ende samtykke.  <\/p>\n\n<p>For yderligere at beskytte sine brugere mod datamisbrug begr\u00e6nser virksomheden den adgang, den giver sine underleverand\u00f8rer, til det, der er n\u00f8dvendigt for, at de kan udf\u00f8re deres opgaver, og ikke mere. Desuden holdes underleverand\u00f8rer og andre medarbejdere op p\u00e5 de h\u00f8jeste standarder, n\u00e5r det g\u00e6lder implementering af tjenester med hensyn til kundedata som kr\u00e6vet i GDPR. <\/p>\n\n<p>I overensstemmelse med artikel 33.2 i GDPR 2016\/6790 vil virksomheden efter bedste evne og inden for rimelighedens gr\u00e6nser s\u00e5 hurtigt som muligt meddele alle kunder enhver overtr\u00e6delse af GDPR, herunder, men ikke begr\u00e6nset til, uautoriseret eksponering af deres personligt identificerbare data, finansielle oplysninger og skatteoplysninger, som den m\u00e5tte opdage. Hvis en s\u00e5dan begivenhed opst\u00e5r, skal virksomheden ogs\u00e5 rapportere s\u00e5danne overtr\u00e6delser til den dedikerede tilsynsmyndighed. <\/p>\n\n<p>Og endelig, i overensstemmelse med GDPR, kan enhver kunde, der \u00f8nsker at slette eller studere sine egne data fuldt ud, ud\u00f8ve denne ret ved at kontakte os via <a href=\"https:\/\/altsignals.io\/da\/contact\">kontaktformularen<\/a>. I tilf\u00e6lde af at en bruger opsiger sit abonnement, opbevares en sikkerhedskopi af deres data i op til 1 \u00e5r fra afslutningen af deres autoriserede adgang. Ligesom alle andre data kan en bruger ogs\u00e5 v\u00e6lge at f\u00e5 disse data slettet.  <\/p>\n","protected":false},"excerpt":{"rendered":"<p>Generelle vilk\u00e5r om servicevilk\u00e5rene AltSignals har udarbejdet f\u00f8lgende servicevilk\u00e5r (herefter &#8220;ToS&#8221;) som et s\u00e6t generelle regler, der skal overholdes ved adgang til vores websted,&#8220;http:\/\/altsignals.io&#8221;,samt alle dets produkter og tjenester (herefter i f\u00e6llesskab ben\u00e6vnt &#8220;webstedet&#8221;). Det er dit ansvar som bruger at overholde disse vilk\u00e5r, s\u00e5 v\u00e6r sikker p\u00e5, at du har l\u00e6st dem fuldt ud [&hellip;]<\/p>\n","protected":false},"author":1,"featured_media":0,"parent":0,"menu_order":0,"comment_status":"closed","ping_status":"closed","template":"","meta":{"_acf_changed":false,"footnotes":""},"class_list":["post-38270","page","type-page","status-publish","hentry"],"acf":[],"_links":{"self":[{"href":"https:\/\/altsignals.io\/da\/wp-json\/wp\/v2\/pages\/38270","targetHints":{"allow":["GET"]}}],"collection":[{"href":"https:\/\/altsignals.io\/da\/wp-json\/wp\/v2\/pages"}],"about":[{"href":"https:\/\/altsignals.io\/da\/wp-json\/wp\/v2\/types\/page"}],"author":[{"embeddable":true,"href":"https:\/\/altsignals.io\/da\/wp-json\/wp\/v2\/users\/1"}],"replies":[{"embeddable":true,"href":"https:\/\/altsignals.io\/da\/wp-json\/wp\/v2\/comments?post=38270"}],"version-history":[{"count":2,"href":"https:\/\/altsignals.io\/da\/wp-json\/wp\/v2\/pages\/38270\/revisions"}],"predecessor-version":[{"id":52222,"href":"https:\/\/altsignals.io\/da\/wp-json\/wp\/v2\/pages\/38270\/revisions\/52222"}],"wp:attachment":[{"href":"https:\/\/altsignals.io\/da\/wp-json\/wp\/v2\/media?parent=38270"}],"curies":[{"name":"wp","href":"https:\/\/api.w.org\/{rel}","templated":true}]}}