{"id":11390,"date":"2023-12-19T10:20:05","date_gmt":"2023-12-19T10:20:05","guid":{"rendered":"https:\/\/altsignals.io\/ueber-altsignals"},"modified":"2025-04-07T03:51:59","modified_gmt":"2025-04-07T03:51:59","slug":"about","status":"publish","type":"page","link":"https:\/\/altsignals.io\/de\/about","title":{"rendered":"\u00dcber <span>AltSignals<\/span>"},"content":{"rendered":"\n<p class=\"has-text-align-center\">AltSignals wurde von einem Team aus H\u00e4ndlern und Unternehmern gegr\u00fcndet, die Transparenz, Vertrauen und Konsistenz in den Kryptomarkt bringen wollten.<\/p>\n<div class=\"social-links gut-block\">\n    <div>\n        <a href=\"https:\/\/t.me\/altsignals\/\" target=\"_blank\" class=\"s-i si-telegram w-inline-block\" rel=\"nofollow\"><\/a>\n        <a href=\"https:\/\/www.instagram.com\/altsignals.io\/\" target=\"_blank\" class=\"s-i w-inline-block\"><\/a>\n        <a href=\"https:\/\/www.facebook.com\/altsignalseng\/\" target=\"_blank\" class=\"s-i si-fb w-inline-block\" rel=\"nofollow noopener\"><\/a>\n        <a href=\"https:\/\/www.pinterest.com\/altsignalseng\/\" target=\"_blank\" class=\"s-i si-pin w-inline-block\" rel=\"nofollow noopener\"><\/a>\n        <a href=\"https:\/\/x.com\/AltSignalseng\/\" target=\"_blank\" class=\"s-i si-twit w-inline-block\" rel=\"nofollow\"><\/a>\n        <a href=\"https:\/\/www.youtube.com\/@AltSignalsTrade\" target=\"_blank\" class=\"s-i si-you w-inline-block\" rel=\"nofollow noopener\"><\/a>\n    <\/div>\n<\/div>\n<p>AltSignals konzentriert sich auf Trader, indem es ihnen p\u00e4dagogische Inhalte, die notwendige Technologie und einzigartiges Fachwissen zur Verf\u00fcgung stellt, um sowohl auf den Devisen- als auch auf den Kryptow\u00e4hrungsm\u00e4rkten profitabel zu sein.<\/p>\n\n<p>Die Finanzm\u00e4rkte gelten traditionell als volatil und mit hohen Risiken behaftet. Mit der Einf\u00fchrung neuer Technologien und der Ausbreitung neuer Konzepte wie Kryptow\u00e4hrungen bieten mehrere Unternehmen jetzt Dienstleistungen an, die H\u00e4ndlern helfen, sicher zu investieren.<\/p>\n\n<p>AltSignals ist ein Finanzdienstleister, der derzeit viele verschiedene Dienstleistungen anbietet, wie z.B. Handelssignale f\u00fcr Kryptow\u00e4hrungen, Forex-Handelswarnungen und Marktanalysen f\u00fcr Gold und Indizes, unter anderem.<\/p>\n\n<p>F\u00fcr diejenigen, die keine Ahnung haben, wie Handelssignale funktionieren: Es handelt sich dabei um Ausl\u00f6ser f\u00fcr den Kauf oder Verkauf von Verm\u00f6genswerten, die auf einer Reihe von vorher festgelegten Kriterien basieren. AltSignals bietet Handelssignale f\u00fcr BitMex, Binance, Coinbase, ByBit und andere Kryptow\u00e4hrungsb\u00f6rsen. Die Signale konzentrieren sich auf viele verschiedene Kryptow\u00e4hrungen, darunter Bitcoin (BTC) und Ethereum (ETH). H\u00e4ndler k\u00f6nnen diese Signale einfach kopieren und das Portfolio m\u00fchelos verwalten.<\/p>\n\n<p>Als AltSignals 2018 in den Kryptow\u00e4hrungs- und Devisenmarkt eintrat, war die Branche voll von Betr\u00fcgern oder Leuten, die irref\u00fchrende Informationen lieferten. Stattdessen wird AltSignals von einem Team von Handelsexperten unterst\u00fctzt, das \u00fcber mehr als zehn Jahre einschl\u00e4gige Branchenerfahrung verf\u00fcgt. Au\u00dferdem ist AltSignals auch die gr\u00f6\u00dfte Krypto-Handelsgemeinschaft der Welt. Dank AltSignals haben zahlreiche H\u00e4ndler mit verschiedenen Verm\u00f6genswerten gehandelt und einschl\u00e4gige Erfahrungen im Handel mit virtuellen W\u00e4hrungen gesammelt.<\/p>\n\n<p>Das Unternehmen hat k\u00fcrzlich eine einzigartige Software namens AltAlgo entwickelt. Diese L\u00f6sung ist in der Lage, f\u00fcr jeden Markt zu arbeiten und Kauf- und Verkaufssignale direkt in Tradingview auf den Charts und Zeitrahmen der Benutzer anzuzeigen. Dadurch m\u00fcssen sich die Nutzer nicht mehr auf Plattformen wie Telegram verlassen, um Kauf- und Verkaufssignale zu erhalten. Die Software ist besonders f\u00fcr Neueinsteiger hilfreich. Sie m\u00fcssen nur die Signale von AltAlgo direkt von TradingView kopieren.<\/p>\n\n<p>AltSignals konzentriert sich auch auf die Bereitstellung von Bildungsinhalten zu Kryptow\u00e4hrungen, Forex und zur Verbesserung von Handelsstrategien. Der Hauptgrund daf\u00fcr ist, dass die Nutzer die notwendigen Informationen erhalten, wenn sie auf diesen volatilen und spannenden M\u00e4rkten handeln m\u00f6chten. Obwohl die Branche risikoreich ist und es immer Volatilit\u00e4tsrisiken gibt, hat ein gut informierter H\u00e4ndler mit der Unterst\u00fctzung einer geeigneten Plattform bessere Chancen, profitabel zu sein.<\/p>\n\n<p>AltSignals arbeitet mit einem Abonnementmodell und verfolgt einen ganzheitlichen Ansatz anstelle eines verstreuten Ansatzes, indem es sowohl Neulingen als auch erfahrenen H\u00e4ndlern Bildung, Technologie und Fachwissen zur Verf\u00fcgung stellt. Das Unternehmen hat sich in die richtige Richtung bewegt, indem es die Verm\u00f6gensverwaltung f\u00fcr jeden leicht verst\u00e4ndlich gemacht hat.<\/p>\n\n<div class=\"wp-block-columns is-layout-flex wp-container-core-columns-is-layout-9d6595d7 wp-block-columns-is-layout-flex\">\n<div class=\"wp-block-column is-layout-flow wp-block-column-is-layout-flow\">\n<div class=\"wp-block-media-text is-stacked-on-mobile is-vertically-aligned-top team-2-column has-small-font-size\" style=\"grid-template-columns:30% auto\"><figure class=\"wp-block-media-text__media\"><img decoding=\"async\" width=\"300\" height=\"300\" src=\"https:\/\/altsignals.io\/wp-content\/uploads\/2023\/12\/bartosh-300x300.jpg\" alt=\"\" class=\"wp-image-325 size-medium\" title=\"\" srcset=\"https:\/\/altsignals.io\/wp-content\/uploads\/2023\/12\/bartosh-300x300.jpg 300w, https:\/\/altsignals.io\/wp-content\/uploads\/2023\/12\/bartosh-150x150.jpg 150w, https:\/\/altsignals.io\/wp-content\/uploads\/2023\/12\/bartosh.jpg 500w\" sizes=\"(max-width: 300px) 100vw, 300px\" \/><\/figure><div class=\"wp-block-media-text__content\">\n<p>MrCode alias Bartos ist unser leitender Kiefer-Skriptentwickler, der seit dem Fr\u00fchjahr 2021 zu AltSignals geh\u00f6rt. Er verwaltet alle unsere Codes\/Skripte und h\u00e4lt die Indikatoren mit den neuesten Marktbedingungen und Technologien auf dem Laufenden. Au\u00dferdem k\u00fcmmert er sich um die Vermarktung von AltAlgo bei neuen Kunden und unterst\u00fctzt sie bei Bedarf.<br\/><br\/><em>&#8211; Bartos<\/em><\/p>\n<\/div><\/div>\n<\/div>\n\n\n\n<div class=\"wp-block-column is-layout-flow wp-block-column-is-layout-flow\">\n<div class=\"wp-block-media-text is-stacked-on-mobile is-vertically-aligned-top team-2-column has-small-font-size\" style=\"grid-template-columns:30% auto\"><figure class=\"wp-block-media-text__media\"><img decoding=\"async\" width=\"500\" height=\"500\" src=\"https:\/\/altsignals.io\/wp-content\/uploads\/2023\/12\/jc.jpg\" alt=\"\" class=\"wp-image-327 size-medium\" title=\"\" srcset=\"https:\/\/altsignals.io\/wp-content\/uploads\/2023\/12\/jc.jpg 500w, https:\/\/altsignals.io\/wp-content\/uploads\/2023\/12\/jc-300x300.jpg 300w, https:\/\/altsignals.io\/wp-content\/uploads\/2023\/12\/jc-150x150.jpg 150w\" sizes=\"(max-width: 500px) 100vw, 500px\" \/><\/figure><div class=\"wp-block-media-text__content\">\n<p>JC ist seit 2021 Teil des AltSignals-Teams. Er ist f\u00fcr die Pflege aller Altalgo-Kan\u00e4le verantwortlich und bietet bei Bedarf technischen AltAlgo-Support. Dar\u00fcber hinaus leitet er auch Nebenprojekte, denn bei Altsignals entwickeln und verbessern wir st\u00e4ndig unsere Tools und Indikatoren. JC verwaltet auch unsere (Video-)Dokumentation, um neuen Benutzern zu helfen, sich nach dem Abonnement unserer Dienste zurechtzufinden.<br\/><br\/><em>&#8211; Janick<\/em><\/p>\n<\/div><\/div>\n<\/div>\n<\/div>\n\n<div class=\"wp-block-columns is-layout-flex wp-container-core-columns-is-layout-9d6595d7 wp-block-columns-is-layout-flex\">\n<div class=\"wp-block-column is-layout-flow wp-block-column-is-layout-flow\">\n<div class=\"wp-block-media-text is-stacked-on-mobile is-vertically-aligned-top team-2-column has-small-font-size\" style=\"grid-template-columns:30% auto\"><figure class=\"wp-block-media-text__media\"><img decoding=\"async\" width=\"500\" height=\"500\" src=\"https:\/\/altsignals.io\/wp-content\/uploads\/2023\/12\/jordan.jpg\" alt=\"\" class=\"wp-image-331 size-medium\" title=\"\" srcset=\"https:\/\/altsignals.io\/wp-content\/uploads\/2023\/12\/jordan.jpg 500w, https:\/\/altsignals.io\/wp-content\/uploads\/2023\/12\/jordan-300x300.jpg 300w, https:\/\/altsignals.io\/wp-content\/uploads\/2023\/12\/jordan-150x150.jpg 150w\" sizes=\"(max-width: 500px) 100vw, 500px\" \/><\/figure><div class=\"wp-block-media-text__content\">\n<p>Jordan ist unser leitender Finanzkontakt und Administrator, der seit 2020 bei AltSignals arbeitet. Sie wird Ihnen bei allem helfen, was mit dem Beitritt zu unseren Diensten zusammenh\u00e4ngt. Dar\u00fcber hinaus wird sie alle Ihre Fragen zu AltSignals und unserem Angebot beantworten. Wir sind f\u00fcr unseren erstklassigen Support bekannt und Jordan ist der Grund daf\u00fcr.<br\/><br\/><em>&#8211; Jordanien<\/em><\/p>\n<\/div><\/div>\n<\/div>\n\n\n\n<div class=\"wp-block-column is-layout-flow wp-block-column-is-layout-flow\">\n<div class=\"wp-block-media-text is-stacked-on-mobile is-vertically-aligned-top team-2-column has-small-font-size\" style=\"grid-template-columns:30% auto\"><figure class=\"wp-block-media-text__media\"><img decoding=\"async\" width=\"500\" height=\"500\" src=\"https:\/\/altsignals.io\/wp-content\/uploads\/2023\/12\/rod.jpg\" alt=\"\" class=\"wp-image-329 size-medium\" title=\"\" srcset=\"https:\/\/altsignals.io\/wp-content\/uploads\/2023\/12\/rod.jpg 500w, https:\/\/altsignals.io\/wp-content\/uploads\/2023\/12\/rod-300x300.jpg 300w, https:\/\/altsignals.io\/wp-content\/uploads\/2023\/12\/rod-150x150.jpg 150w\" sizes=\"(max-width: 500px) 100vw, 500px\" \/><\/figure><div class=\"wp-block-media-text__content\">\n<p>Rod, der CEO von AltSignals, leitet das operative Gesch\u00e4ft seit 2018 mit einer Leidenschaft f\u00fcr die kontinuierliche Verbesserung der angebotenen Handelsdienstleistungen. Rod hat den Gro\u00dfteil seiner Zeit mit der Produktentwicklung im Unternehmen verbracht, um den AltAlgo-eigenen Algorithmus zu verbessern und Mitarbeiter zu f\u00fchren.<br\/><br\/><em>&#8211; Stange<\/em><\/p>\n<\/div><\/div>\n<\/div>\n<\/div>\n","protected":false},"excerpt":{"rendered":"<p>AltSignals wurde von einem Team aus H\u00e4ndlern und Unternehmern gegr\u00fcndet, die Transparenz, Vertrauen und Konsistenz in den Kryptomarkt bringen wollten. AltSignals konzentriert sich auf Trader, indem es ihnen p\u00e4dagogische Inhalte, die notwendige Technologie und einzigartiges Fachwissen zur Verf\u00fcgung stellt, um sowohl auf den Devisen- als auch auf den Kryptow\u00e4hrungsm\u00e4rkten profitabel zu sein. Die Finanzm\u00e4rkte gelten [&hellip;]<\/p>\n","protected":false},"author":1,"featured_media":6167,"parent":0,"menu_order":0,"comment_status":"closed","ping_status":"closed","template":"","meta":{"_acf_changed":false,"footnotes":""},"page_category":[],"class_list":["post-11390","page","type-page","status-publish","has-post-thumbnail","hentry"],"acf":[],"_links":{"self":[{"href":"https:\/\/altsignals.io\/de\/wp-json\/wp\/v2\/pages\/11390","targetHints":{"allow":["GET"]}}],"collection":[{"href":"https:\/\/altsignals.io\/de\/wp-json\/wp\/v2\/pages"}],"about":[{"href":"https:\/\/altsignals.io\/de\/wp-json\/wp\/v2\/types\/page"}],"author":[{"embeddable":true,"href":"https:\/\/altsignals.io\/de\/wp-json\/wp\/v2\/users\/1"}],"replies":[{"embeddable":true,"href":"https:\/\/altsignals.io\/de\/wp-json\/wp\/v2\/comments?post=11390"}],"version-history":[{"count":5,"href":"https:\/\/altsignals.io\/de\/wp-json\/wp\/v2\/pages\/11390\/revisions"}],"predecessor-version":[{"id":11432,"href":"https:\/\/altsignals.io\/de\/wp-json\/wp\/v2\/pages\/11390\/revisions\/11432"}],"wp:featuredmedia":[{"embeddable":true,"href":"https:\/\/altsignals.io\/de\/wp-json\/wp\/v2\/media\/6167"}],"wp:attachment":[{"href":"https:\/\/altsignals.io\/de\/wp-json\/wp\/v2\/media?parent=11390"}],"wp:term":[{"taxonomy":"page_category","embeddable":true,"href":"https:\/\/altsignals.io\/de\/wp-json\/wp\/v2\/page_category?post=11390"}],"curies":[{"name":"wp","href":"https:\/\/api.w.org\/{rel}","templated":true}]}}