{"id":11391,"date":"2023-12-21T13:51:26","date_gmt":"2023-12-21T13:51:26","guid":{"rendered":"https:\/\/altsignals.io\/warum-altsignals"},"modified":"2025-04-07T04:39:19","modified_gmt":"2025-04-07T04:39:19","slug":"why-altsignals","status":"publish","type":"page","link":"https:\/\/altsignals.io\/de\/why-altsignals","title":{"rendered":"Warum <span>AltSignals?<\/span>"},"content":{"rendered":"\n<h2 class=\"wp-block-heading has-text-align-center\">Ob Sie ein erfahrener Trader sind oder gerade erst anfangen, bei AltSignals mitzumachen, gibt Ihnen die M\u00f6glichkeit, gute Gewinne zu erzielen und gleichzeitig Ihre Handelsf\u00e4higkeiten zu perfektionieren.<\/h2>\n\n<div class=\"wp-block-media-text is-stacked-on-mobile\"><figure class=\"wp-block-media-text__media\"><img decoding=\"async\" src=\"https:\/\/altsignals.io\/wp-content\/uploads\/2023\/12\/why1.svg\" alt=\"\" class=\"wp-image-566 size-full\" title=\"\"><\/figure><div class=\"wp-block-media-text__content\">\n<h3 class=\"wp-block-heading\">F\u00fchrend bei Krypto-Signalen<\/h3>\n\n\n\n<p>Vielleicht haben Sie in der Vergangenheit \u00fcber Bitcoin und Krypto-Signale gelesen, aber nie verstanden, was das alles bedeutet? Signale k\u00f6nnen verschiedene Themen mit Bitcoin und Altcoins umfassen, die von Dienstleistungen in den Bereichen Analyse, Signale und Portfolioverwaltung und -analyse reichen.<\/p>\n\n\n\n<p>Viele der Top-Websites und Signalanbieter im Internet und bei Telegram bieten Ihnen zwar Dienste an, aber sie verlangen einen Preis pro Dienst. Bei AltSignals bieten wir nicht nur einzelne Pakete an, die kosteng\u00fcnstig sind, sondern alles, wenn nicht mehr, was andere anbieten. Unser Ziel ist es, dass Sie Erfolg haben und in einem Gesch\u00e4ft arbeiten, das Gewinn abwirft und nicht das Portemonnaie leert.<\/p>\n<\/div><\/div>\n\n<div class=\"wp-block-media-text has-media-on-the-right is-stacked-on-mobile\"><div class=\"wp-block-media-text__content\">\n<h3 class=\"wp-block-heading\">Unsere Analyse zu Ihren Gewinnen<\/h3>\n\n\n\n<p>Der Kryptomarkt funktioniert \u00e4hnlich wie ein Aktien- oder Devisenmarkt. Je mehr Sie investieren, desto gr\u00f6\u00dfer ist die Belohnung. Viele Anbieter von Cryptocurrency-Signalen werben damit, dass Sie Ihre Gewinne in einem Monat um 100% steigern k\u00f6nnen, aber das sind keine genauen Zahlen, da der Markt jeden Monat andere M\u00f6glichkeiten schafft.<\/p>\n\n\n\n<p>H\u00e4ufig stellen Anbieter von Cryptocurrency-Signalen ein Signal erst dann zur Verf\u00fcgung, wenn sie ihre eigene Position eingenommen haben, um von der Marktbewegung des Signals f\u00fcr sich zu profitieren. Bei AltSignals haben wir einen Bot auf Telegram, der es Ihnen erm\u00f6glicht, die Position zur gleichen Zeit wie wir einzugeben, damit Sie mit uns profitieren k\u00f6nnen!<\/p>\n<\/div><figure class=\"wp-block-media-text__media\"><img decoding=\"async\" src=\"https:\/\/altsignals.io\/wp-content\/uploads\/2023\/12\/why2.svg\" alt=\"\" class=\"wp-image-567 size-full\" title=\"\"><\/figure><\/div>\n\n<div class=\"wp-block-media-text is-stacked-on-mobile\"><figure class=\"wp-block-media-text__media\"><img decoding=\"async\" src=\"https:\/\/altsignals.io\/wp-content\/uploads\/2023\/12\/why1.svg\" alt=\"\" class=\"wp-image-566 size-full\" title=\"\"><\/figure><div class=\"wp-block-media-text__content\">\n<h3 class=\"wp-block-heading\">Qualit\u00e4t vor Quantit\u00e4t<\/h3>\n\n\n\n<p>Bei AltSignals garantieren wir die Qualit\u00e4t der von uns angebotenen Trades. Egal ob Kryptow\u00e4hrung oder Forex, wir erstellen f\u00fcr jeden Handel eine gr\u00fcndliche Analyse. Das bedeutet, dass wir nur die bestm\u00f6gliche Qualit\u00e4t an Trades und Analysen anbieten werden.<\/p>\n\n\n\n<p>Im Gegensatz zu anderen Signalanbietern stellen wir lieber kein Signal zur Verf\u00fcgung, als es nur zur Unterhaltung unserer Mitglieder bereitzustellen, wenn die Qualit\u00e4t des Handels nicht unseren Standards entspricht. Unsere H\u00e4ndler sind Strategiespezialisten, die denjenigen, die nach Managementtaktiken im Bereich des Portfolios suchen, tiefergehende und pers\u00f6nlichere Hilfe anbieten.<\/p>\n<\/div><\/div>\n\n<div class=\"wp-block-columns features-4-columns is-layout-flex wp-container-core-columns-is-layout-9d6595d7 wp-block-columns-is-layout-flex\">\n<div class=\"wp-block-column is-layout-flow wp-block-column-is-layout-flow\"><div class=\"wp-block-image\">\n<figure class=\"aligncenter size-full is-resized\"><img decoding=\"async\" width=\"232\" height=\"232\" src=\"https:\/\/altsignals.io\/wp-content\/uploads\/2023\/12\/risk-management-features.png\" alt=\"\" class=\"wp-image-574\" style=\"width:180px\" title=\"\" srcset=\"https:\/\/altsignals.io\/wp-content\/uploads\/2023\/12\/risk-management-features.png 232w, https:\/\/altsignals.io\/wp-content\/uploads\/2023\/12\/risk-management-features-150x150.png 150w\" sizes=\"(max-width: 232px) 100vw, 232px\" \/><\/figure>\n<\/div>\n\n\n<p class=\"has-text-align-center\"><strong>Funktionen f\u00fcr das Risikomanagement<\/strong><\/p>\n<\/div>\n\n\n\n<div class=\"wp-block-column is-layout-flow wp-block-column-is-layout-flow\"><div class=\"wp-block-image\">\n<figure class=\"aligncenter size-full is-resized\"><img decoding=\"async\" width=\"232\" height=\"232\" src=\"https:\/\/altsignals.io\/wp-content\/uploads\/2023\/12\/trading-guides.png\" alt=\"\" class=\"wp-image-575\" style=\"width:180px\" title=\"\" srcset=\"https:\/\/altsignals.io\/wp-content\/uploads\/2023\/12\/trading-guides.png 232w, https:\/\/altsignals.io\/wp-content\/uploads\/2023\/12\/trading-guides-150x150.png 150w\" sizes=\"(max-width: 232px) 100vw, 232px\" \/><\/figure>\n<\/div>\n\n\n<p class=\"has-text-align-center\"><strong>Handelsleitf\u00e4den auf unserer Website<\/strong><\/p>\n<\/div>\n\n\n\n<div class=\"wp-block-column is-layout-flow wp-block-column-is-layout-flow\"><div class=\"wp-block-image\">\n<figure class=\"aligncenter size-full is-resized\"><img decoding=\"async\" width=\"232\" height=\"232\" src=\"https:\/\/altsignals.io\/wp-content\/uploads\/2023\/12\/markets-and-timeframes.png\" alt=\"\" class=\"wp-image-576\" style=\"width:180px\" title=\"\" srcset=\"https:\/\/altsignals.io\/wp-content\/uploads\/2023\/12\/markets-and-timeframes.png 232w, https:\/\/altsignals.io\/wp-content\/uploads\/2023\/12\/markets-and-timeframes-150x150.png 150w\" sizes=\"(max-width: 232px) 100vw, 232px\" \/><\/figure>\n<\/div>\n\n\n<p class=\"has-text-align-center\"><strong>Funktioniert auf allen M\u00e4rkten und in allen Zeitfenstern<\/strong><\/p>\n<\/div>\n\n\n\n<div class=\"wp-block-column is-layout-flow wp-block-column-is-layout-flow\"><div class=\"wp-block-image\">\n<figure class=\"aligncenter size-full is-resized\"><img decoding=\"async\" width=\"232\" height=\"232\" src=\"https:\/\/altsignals.io\/wp-content\/uploads\/2023\/12\/robust-trading-indicator.png\" alt=\"\" class=\"wp-image-577\" style=\"width:180px\" title=\"\" srcset=\"https:\/\/altsignals.io\/wp-content\/uploads\/2023\/12\/robust-trading-indicator.png 232w, https:\/\/altsignals.io\/wp-content\/uploads\/2023\/12\/robust-trading-indicator-150x150.png 150w\" sizes=\"(max-width: 232px) 100vw, 232px\" \/><\/figure>\n<\/div>\n\n\n<p class=\"has-text-align-center\"><strong>Robuster Handelsindikator bald auf dem Markt verf\u00fcgbar<\/strong><\/p>\n<\/div>\n<\/div>\n\n<div class=\"wp-block-columns features-4-columns is-layout-flex wp-container-core-columns-is-layout-9d6595d7 wp-block-columns-is-layout-flex\">\n<div class=\"wp-block-column is-layout-flow wp-block-column-is-layout-flow\"><div class=\"wp-block-image\">\n<figure class=\"aligncenter size-full is-resized\"><img decoding=\"async\" width=\"232\" height=\"232\" src=\"https:\/\/altsignals.io\/wp-content\/uploads\/2023\/12\/signals-support.png\" alt=\"\" class=\"wp-image-580\" style=\"width:180px\" title=\"\" srcset=\"https:\/\/altsignals.io\/wp-content\/uploads\/2023\/12\/signals-support.png 232w, https:\/\/altsignals.io\/wp-content\/uploads\/2023\/12\/signals-support-150x150.png 150w\" sizes=\"(max-width: 232px) 100vw, 232px\" \/><\/figure>\n<\/div>\n\n\n<p class=\"has-text-align-center\"><strong>Unsere Signale unterst\u00fctzen die meisten Handelspaare<\/strong><\/p>\n<\/div>\n\n\n\n<div class=\"wp-block-column is-layout-flow wp-block-column-is-layout-flow\"><div class=\"wp-block-image\">\n<figure class=\"aligncenter size-full is-resized\"><img decoding=\"async\" width=\"232\" height=\"232\" src=\"https:\/\/altsignals.io\/wp-content\/uploads\/2023\/12\/quality-over-quantity.png\" alt=\"\" class=\"wp-image-581\" style=\"width:180px\" title=\"\" srcset=\"https:\/\/altsignals.io\/wp-content\/uploads\/2023\/12\/quality-over-quantity.png 232w, https:\/\/altsignals.io\/wp-content\/uploads\/2023\/12\/quality-over-quantity-150x150.png 150w\" sizes=\"(max-width: 232px) 100vw, 232px\" \/><\/figure>\n<\/div>\n\n\n<p class=\"has-text-align-center\"><strong>Wir verschicken nur Qualit\u00e4t statt Quantit\u00e4t<\/strong><\/p>\n<\/div>\n\n\n\n<div class=\"wp-block-column is-layout-flow wp-block-column-is-layout-flow\"><div class=\"wp-block-image\">\n<figure class=\"aligncenter size-full is-resized\"><img decoding=\"async\" width=\"232\" height=\"232\" src=\"https:\/\/altsignals.io\/wp-content\/uploads\/2023\/12\/monthly-fee.png\" alt=\"\" class=\"wp-image-582\" style=\"width:180px\" title=\"\" srcset=\"https:\/\/altsignals.io\/wp-content\/uploads\/2023\/12\/monthly-fee.png 232w, https:\/\/altsignals.io\/wp-content\/uploads\/2023\/12\/monthly-fee-150x150.png 150w\" sizes=\"(max-width: 232px) 100vw, 232px\" \/><\/figure>\n<\/div>\n\n\n<p class=\"has-text-align-center\"><strong>Unsere monatliche Geb\u00fchr ist transparent und fair<\/strong><\/p>\n<\/div>\n\n\n\n<div class=\"wp-block-column is-layout-flow wp-block-column-is-layout-flow\"><div class=\"wp-block-image\">\n<figure class=\"aligncenter size-full is-resized\"><img decoding=\"async\" width=\"232\" height=\"232\" src=\"https:\/\/altsignals.io\/wp-content\/uploads\/2023\/12\/perfect-for-beginners.png\" alt=\"\" class=\"wp-image-583\" style=\"width:180px\" title=\"\" srcset=\"https:\/\/altsignals.io\/wp-content\/uploads\/2023\/12\/perfect-for-beginners.png 232w, https:\/\/altsignals.io\/wp-content\/uploads\/2023\/12\/perfect-for-beginners-150x150.png 150w\" sizes=\"(max-width: 232px) 100vw, 232px\" \/><\/figure>\n<\/div>\n\n\n<p class=\"has-text-align-center\"><strong>Perfekt f\u00fcr Anf\u00e4nger und Menschen mit Tagesjob<\/strong><\/p>\n<\/div>\n<\/div>\n","protected":false},"excerpt":{"rendered":"<p>Ob Sie ein erfahrener Trader sind oder gerade erst anfangen, bei AltSignals mitzumachen, gibt Ihnen die M\u00f6glichkeit, gute Gewinne zu erzielen und gleichzeitig Ihre Handelsf\u00e4higkeiten zu perfektionieren. F\u00fchrend bei Krypto-Signalen Vielleicht haben Sie in der Vergangenheit \u00fcber Bitcoin und Krypto-Signale gelesen, aber nie verstanden, was das alles bedeutet? Signale k\u00f6nnen verschiedene Themen mit Bitcoin und [&hellip;]<\/p>\n","protected":false},"author":1,"featured_media":6323,"parent":0,"menu_order":0,"comment_status":"closed","ping_status":"closed","template":"","meta":{"_acf_changed":false,"footnotes":""},"page_category":[],"class_list":["post-11391","page","type-page","status-publish","has-post-thumbnail","hentry"],"acf":[],"_links":{"self":[{"href":"https:\/\/altsignals.io\/de\/wp-json\/wp\/v2\/pages\/11391","targetHints":{"allow":["GET"]}}],"collection":[{"href":"https:\/\/altsignals.io\/de\/wp-json\/wp\/v2\/pages"}],"about":[{"href":"https:\/\/altsignals.io\/de\/wp-json\/wp\/v2\/types\/page"}],"author":[{"embeddable":true,"href":"https:\/\/altsignals.io\/de\/wp-json\/wp\/v2\/users\/1"}],"replies":[{"embeddable":true,"href":"https:\/\/altsignals.io\/de\/wp-json\/wp\/v2\/comments?post=11391"}],"version-history":[{"count":3,"href":"https:\/\/altsignals.io\/de\/wp-json\/wp\/v2\/pages\/11391\/revisions"}],"predecessor-version":[{"id":11409,"href":"https:\/\/altsignals.io\/de\/wp-json\/wp\/v2\/pages\/11391\/revisions\/11409"}],"wp:featuredmedia":[{"embeddable":true,"href":"https:\/\/altsignals.io\/de\/wp-json\/wp\/v2\/media\/6323"}],"wp:attachment":[{"href":"https:\/\/altsignals.io\/de\/wp-json\/wp\/v2\/media?parent=11391"}],"wp:term":[{"taxonomy":"page_category","embeddable":true,"href":"https:\/\/altsignals.io\/de\/wp-json\/wp\/v2\/page_category?post=11391"}],"curies":[{"name":"wp","href":"https:\/\/api.w.org\/{rel}","templated":true}]}}