{"id":11426,"date":"2024-01-05T08:00:09","date_gmt":"2024-01-05T08:00:09","guid":{"rendered":"https:\/\/altsignals.io\/terms-of-service"},"modified":"2025-05-21T03:50:47","modified_gmt":"2025-05-21T03:50:47","slug":"terms-of-service","status":"publish","type":"page","link":"https:\/\/altsignals.io\/de\/terms-of-service","title":{"rendered":"<span>Allgemeine<\/span> Gesch\u00e4ftsbedingungen"},"content":{"rendered":"\n<h2 class=\"wp-block-heading\">Allgemeine Bedingungen zu den Servicebedingungen<\/h2>\n\n<p>AltSignals hat die folgenden Nutzungsbedingungen (im Folgenden &#8222;AGB&#8220;) als allgemeine Regeln aufgestellt, die beim Zugriff auf unsere Website<a href=\"http:\/\/altsignals.io\/\">&#8222;http:\/\/altsignals.io&#8220;<\/a>sowie auf alle ihre Produkte und Dienstleistungen (im Folgenden gemeinhin als &#8222;die Website&#8220; bezeichnet) beachtet werden m\u00fcssen. Die Einhaltung dieser AGB liegt in Ihrer Verantwortung als Nutzer. Vergewissern Sie sich daher, dass Sie sie vollst\u00e4ndig gelesen und verstanden haben, bevor Sie die Website nutzen. Die Nutzung dieser Website bedeutet die stillschweigende Zustimmung zu den AGB und anderen damit verbundenen Richtlinien. F\u00fcr die Nutzung bestimmter Aspekte der Website sind m\u00f6glicherweise zus\u00e4tzliche AGB erforderlich, und die Nutzung solcher Produkte und Dienstleistungen bedeutet auch die Zustimmung zu den jeweiligen AGB.   <\/p>\n\n<p>Jeder Teil dieser AGB kann jederzeit und ohne vorherige Ank\u00fcndigung aktualisiert werden. Solche Aktualisierungen werden auf der Website in \u00f6ffentlich zug\u00e4nglicher Form ver\u00f6ffentlicht. Die fortgesetzte Nutzung dieser Website bedeutet, dass Sie mit allen \u00c4nderungen dieser AGB einverstanden sind und diese akzeptieren. Es liegt also in Ihrer Verantwortung, sich \u00fcber diese auf dem Laufenden zu halten.  <\/p>\n\n<h2 class=\"wp-block-heading\">Wer wir sind<\/h2>\n\n<p>Diese Website wurde erstellt und wird verwaltet von AltSignals LTD. (im Folgenden als &#8222;AltSignals LTD&#8220; bezeichnet), einem privaten Unternehmen mit Sitz in Schottland im Vereinigten K\u00f6nigreich mit demselben Namen. Fragen oder Bedenken zu diesen AGB, der Website oder dem Unternehmen selbst k\u00f6nnen \u00fcber <a href=\"https:\/\/altsignals.io\/de\/contact\">das Kontaktformular<\/a> eingereicht werden. <\/p>\n\n<p>Das Hauptaugenmerk des Unternehmens liegt auf dieser Website, f\u00fcr die alle AGB gelten. Dar\u00fcber hinaus kann das Unternehmen andere verbundene Websites und andere Einheiten im Internet betreiben. Sofern nicht anders angegeben, gelten diese AGB auch f\u00fcr deren Nutzung. Diese Website ist ein privates Unternehmen und wurde nicht von einer \u00f6ffentlichen Finanzaufsichtsbeh\u00f6rde genehmigt.   <\/p>\n\n<h2 class=\"wp-block-heading\">das geistige Eigentum des Unternehmens und wie es sich auf Ihre Nutzung dieser Website bezieht<\/h2>\n\n<p>Die Produkte und Dienstleistungen, die das Unternehmen auf dieser Website und den zugeh\u00f6rigen Telegram-Kan\u00e4len anbietet, werden &#8222;so wie sie sind&#8220; f\u00fcr die pers\u00f6nliche Nutzung durch den Nutzer angeboten. Die enthaltenen Tools d\u00fcrfen ohne vorherige Zustimmung des Unternehmens weder von anderen genutzt noch Informationen an andere weitergegeben werden. Handels- und Technologieberater k\u00f6nnen die Website als Informationsquelle nutzen, um ihren eigenen Kunden zu helfen, da dies nicht als Versto\u00df gegen die oben genannte Klausel angesehen wird. Alle anderen nicht-pers\u00f6nlichen Nutzungen bed\u00fcrfen einer schriftlichen Genehmigung, die \u00fcber <a href=\"https:\/\/altsignals.io\/de\/contact\">das Kontaktformular<\/a> erh\u00e4ltlich ist.  <\/p>\n\n<p>Das Unternehmen beh\u00e4lt sich das Recht vor, den Zugriff auf die Website jederzeit und ohne vorherige Ank\u00fcndigung zu modifizieren, zu ver\u00e4ndern, zu aktualisieren, herabzustufen oder zu verbieten, wenn es dies f\u00fcr angemessen h\u00e4lt. Ebenso kann ein Versto\u00df gegen diese AGB dazu f\u00fchren, dass ein Konto ohne vorherige Ank\u00fcndigung gesperrt oder gel\u00f6scht wird. Das Unternehmen sieht sich nicht verpflichtet, Nutzer, die ihr Recht auf Nutzung der Website missbrauchen, zu verwarnen.  <\/p>\n\n<p>Es wird davon ausgegangen, dass das Unternehmen die Urheberrechte und alle anderen anwendbaren Rechte an geistigem Eigentum (im Folgenden &#8222;IP&#8220;) an allen Inhalten der Website und den von ihr angebotenen Produkten besitzt. Diese IP-Rechte umfassen das &#8222;Look and Feel&#8220;, die Taxonomie, Grafiken, Dokumente und alle Texte auf der Website. Dar\u00fcber hinaus umfassen diese Rechte auch Informationen, die in anderen Produkten angeboten werden, die dem Unternehmen geh\u00f6ren und von ihm betrieben werden, sofern nicht anders angegeben.  <\/p>\n\n<p>Neben dem Inhalt dieser Website fallen auch alle herunterladbaren Materialien, die von der Gesellschaft hergestellt werden, unter die oben genannte IP-Klausel. Sofern nicht anders angegeben, verbietet das Unternehmen strikt die kommerzielle Verbreitung, \u00c4nderung, Neulizenzierung oder sonstige Nutzung solcher Dokumente und anderer Produkte ohne vorherige Genehmigung. Diese Materialien k\u00f6nnen jedoch im Rahmen der Doktrin der pers\u00f6nlichen &#8222;fairen Nutzung&#8220; verwendet werden, sofern das Unternehmen und\/oder die Website genannt werden.  <\/p>\n\n<p>Diese Website dient dazu, n\u00fctzliche Informationen an ihre Kunden weiterzugeben. Die Kunden sind selbst daf\u00fcr verantwortlich, wie sie diese Informationen nutzen. Daher gelten f\u00fcr alle Informationen, die einem Kunden zur Verf\u00fcgung gestellt werden, die folgenden Bestimmungen: Benutzer d\u00fcrfen die vom Unternehmen zur Verf\u00fcgung gestellten Informationen nicht in einer Weise wiederverwenden, zitieren oder extrahieren, die den Anschein erweckt, dass das Unternehmen einen bestimmten Standpunkt empfiehlt oder anderweitig bef\u00fcrwortet, oder dass es einen Standpunkt mit dem Benutzer teilt. Dar\u00fcber hinaus ist es Nutzern ebenfalls untersagt, Inhalte des Unternehmens zu ver\u00f6ffentlichen, die den Anschein erwecken, dass sie ein Produkt oder eine Dienstleistung bef\u00fcrworten oder unterst\u00fctzen, unabh\u00e4ngig davon, ob es sich um das eigene Produkt oder das einer anderen Person handelt.   <\/p>\n\n<p>Das Unternehmen liefert Marktberichte \u00fcber verschiedene Mechanismen. Kunden der Website d\u00fcrfen diese Berichte nicht in einer Weise ver\u00e4ndern &#8211; durch L\u00f6schen oder Hinzuf\u00fcgen von Inhalten -, die den Anschein erweckt, dass die Materialien vom Unternehmen gebilligt oder sanktioniert werden. Wie bereits erw\u00e4hnt, ist eine solche Weitergabe von Informationen des Unternehmens zul\u00e4ssig, solange das Unternehmen genannt wird; die Informationen des Unternehmens d\u00fcrfen auf keinen Fall als eigene Arbeit des Kunden dargestellt werden.  <\/p>\n\n<p>Kunden erkl\u00e4ren sich au\u00dferdem damit einverstanden, Teile der Berichte oder andere Inhalte der Website nicht als Teil einer Handlung oder eines Plans zu verwenden, der in irgendeiner Weise ungesetzlich, missbr\u00e4uchlich oder b\u00f6sartig ist. Dies umfasst unter anderem die Diffamierung des Unternehmens, der Website, seiner Mitarbeiter, seines geistigen Eigentums oder seiner anderen Kunden. <\/p>\n\n<h2 class=\"wp-block-heading\">Die Haftung des Unternehmens gegen\u00fcber Ihnen<\/h2>\n\n<p>Das Unternehmen stellt diese Website und die damit verbundenen Produkte und Dienstleistungen als Informationsquelle f\u00fcr den Kryptow\u00e4hrungsmarkt zur Verf\u00fcgung und nichts weiter. Als solches tut das Unternehmen alles, was im Rahmen des Zumutbaren getan werden kann, um sicherzustellen, dass die auf der Website enthaltenen Informationen &#8211; ebenso wie die Informationen, die in den Produkten und Dienstleistungen des Unternehmens enthalten sind &#8211; aktuell, korrekt und hilfreich sind. Das Unternehmen \u00fcbernimmt jedoch keine Garantie oder Gew\u00e4hrleistung, weder stillschweigend noch anderweitig, dass diese Informationen zuverl\u00e4ssig oder vollst\u00e4ndig sind. Diese Bedingungen gelten auch f\u00fcr Mitteilungen von Beratern, Partnern, Beratern, Vertretern und\/oder anderen Personen, die mit dem Unternehmen in Verbindung stehen. Dar\u00fcber hinaus k\u00f6nnen die Nutzer das Unternehmen nicht f\u00fcr Informationen haftbar machen, die von Dritten bereitgestellt werden. Dies gilt auch f\u00fcr Notizen, Artikel, Werbung und alle anderen Inhalte, die nicht unter der direkten Kontrolle des Unternehmens stehen.     <\/p>\n\n<p>Dar\u00fcber hinaus k\u00f6nnen die Nutzer das Unternehmen nicht f\u00fcr Sch\u00e4den verantwortlich machen, die aus der Nutzung (oder Nichtnutzung) der Dienste des Unternehmens entstehen k\u00f6nnen. Dies beinhaltet, ist aber nicht beschr\u00e4nkt auf, sowohl finanzielle Verluste als auch Gesch\u00e4ftsverluste. Diese Klausel gilt f\u00fcr alle Dienstleistungen des Unternehmens, einschlie\u00dflich, aber nicht beschr\u00e4nkt auf Telegram-Signale, Channels, Trading Bots, Handelsindikatoren, Berichte und alle damit verbundenen Produkte. Wie oben erw\u00e4hnt, werden alle diese Informationen und Dienstleistungen &#8222;wie besehen&#8220; angeboten, ohne implizite Garantie oder Gew\u00e4hrleistung.   <\/p>\n\n<p>Unsere AGB schlie\u00dfen keine Haftung des Unternehmens gegen\u00fcber seinen Kunden aus oder schr\u00e4nken diese ein, wenn das Unternehmen aufgrund von Fahrl\u00e4ssigkeit des Unternehmens eine Rolle bei der Verletzung oder dem Tod des Kunden spielt, ebenso wenig wie bei ausdr\u00fccklichem Betrug und arglistiger T\u00e4uschung unsererseits oder anderen Handlungen oder Umst\u00e4nden, bei denen es f\u00fcr das Unternehmen rechtswidrig w\u00e4re, die Haftung unsererseits auszuschlie\u00dfen oder dies zu versuchen.<\/p>\n\n<h2 class=\"wp-block-heading\">Diese Website<\/h2>\n\n<p>Das Unternehmen h\u00e4lt sich an alle g\u00e4ngigen Best Practices, um sicherzustellen, dass die Website &#8211; AltSignals. io &#8211; zu jedem Zeitpunkt des Tages f\u00fcr jedermann verf\u00fcgbar ist. Das Unternehmen \u00fcbernimmt jedoch keine Haftung f\u00fcr den Fall, dass die Website f\u00fcr einen Nutzer nicht verf\u00fcgbar ist. Daher \u00fcbernimmt das Unternehmen keine Garantie oder Gew\u00e4hrleistung f\u00fcr die Verf\u00fcgbarkeit der Website. Ebenso kann das Unternehmen nicht garantieren, dass die Website immer frei von zerst\u00f6rerischen oder fehlerhaften Elementen ist. Dazu geh\u00f6ren unter anderem Viren, Malware und andere sch\u00e4dliche digitale Elemente.     <\/p>\n\n<p>Obwohl das Unternehmen bestrebt ist, die Website so vielen Menschen wie m\u00f6glich zug\u00e4nglich zu machen, kann es nicht garantieren, dass sie mit dem jeweiligen Browser, der Telegram-Version oder einer anderen Software des Nutzers kompatibel ist. Dar\u00fcber hinaus kann das Unternehmen nicht garantieren, dass die Website und einige oder alle seiner Dienste mit allen Ger\u00e4ten und Betriebssystemen funktionieren. Es liegt in der Verantwortung des Nutzers, sicherzustellen, dass er Plattformen verwendet, die mit der Website und ihren Produkten kompatibel sind, wie in den FAQ der Website angegeben.  <\/p>\n\n<p>Gelegentlich werden Inhalte auf der Website mit Inhalten anderer Websites verlinkt. Der Nutzer kann das Unternehmen weder f\u00fcr den Inhalt dieser Seiten noch f\u00fcr andere Elemente von Dritten, die von der Website aus verlinkt sind, haftbar machen, weder vom Unternehmen noch von Dritten. <\/p>\n\n<h2 class=\"wp-block-heading\">Auf dieser Website pr\u00e4sentierte Daten und Anleitungen<\/h2>\n\n<p>Nutzer sollten beachten, dass das Unternehmen weder der FCA noch einer anderen staatlichen Aufsichtsbeh\u00f6rde untersteht. Die vom Unternehmen \u00fcber die Website erbrachten Dienstleistungen und alle anderen Dienstleistungen des Unternehmens werden &#8222;wie besehen&#8220; \u00fcber die oben genannten Bedingungen angeboten und unterliegen ausschlie\u00dflich diesen AGB. <\/p>\n\n<p>Diese Website dient sowohl der Information als auch deren Anwendung. Sie ist als allgemeines Hilfsmittel gedacht, nicht als Berater f\u00fcr die eigene finanzielle Zukunft. Daher sind die dargestellten Informationen in der Regel &#8222;allgemeiner&#8220; Natur und enthalten in der Regel keine Empfehlungen f\u00fcr bestimmte Finanzprodukte oder -dienstleistungen. Das Unternehmen empfiehlt seinen Kunden, f\u00fcr bestimmte Angelegenheiten, die \u00fcber den Rahmen dieser Website hinausgehen, einen professionellen Finanzberater zu konsultieren.   <\/p>\n\n<p>Aus diesem Grund sollten Nutzer die auf dieser Website zur Verf\u00fcgung gestellten Informationen nicht als alleinigen Entscheidungsfaktor f\u00fcr den Kauf, Verkauf oder Handel von Finanzprodukten verwenden.  <\/p>\n\n<p>Alle Informationen, die auf dieser Website oder \u00fcber die Produkte des Unternehmens pr\u00e4sentiert werden, sind als allumfassend und vollst\u00e4ndig zu betrachten. Das Unternehmen, seine Mitarbeiter und seine Berater sind nicht verpflichtet, weitere Details oder andere zus\u00e4tzliche Informationen als die urspr\u00fcnglich angebotenen bereitzustellen. Wenn neue Informationen zur Verf\u00fcgung gestellt werden, k\u00f6nnen einige Inhalte nach Bedarf aktualisiert werden. Das Unternehmen ist jedoch keinesfalls verpflichtet, alle anwendbaren Aktualisierungen zu einem bestimmten Zeitpunkt aufzunehmen. Dar\u00fcber hinaus ist das Unternehmen nicht verpflichtet, bestimmte Inhalte zu aktualisieren, da alle Entscheidungen \u00fcber die Aktualisierung im Ermessen der Mitarbeiter des Unternehmens liegen.   <\/p>\n\n<p>Diese Website ist f\u00fcr ein Publikum von allgemeinen Privatanwendern und nicht f\u00fcr Finanzfachleute gedacht. Sie ist nicht als Werkzeug f\u00fcr Kleinanleger gedacht, und daher sollten diese Fachleute die Inhalte der Website nicht f\u00fcr professionelle Finanzangelegenheiten nutzen. F\u00fcr die Zwecke dieser Website gelten f\u00fcr Finanzfachleute dieselben Nutzungsbedingungen wie f\u00fcr andere Nutzer, und sie unterliegen den oben genannten Haftungsbedingungen.  <\/p>\n\n<h2 class=\"wp-block-heading\">Online-Vertragsabschluss \u00fcber AltSignals<\/h2>\n\n<p>Von Zeit zu Zeit kann der Inhalt der Website die Nutzer auf Berater und andere Fachleute von Dritten verweisen. Sollte ein Nutzer die Notwendigkeit sehen, einen Vertrag mit einem solchen auf dieser Website vorgestellten Dritten abzuschlie\u00dfen, so obliegt es dem Nutzer, sicherzustellen, dass diese Vertr\u00e4ge fair, klar und rechtlich eindeutig sind. Sollte der Nutzer Verwirrung stiften, liegt es an ihm, sich bei Bedarf juristischen Rat zu holen und diesen zu nutzen. Digitale Dienstleistungen, die von Vertragspartnern \u00fcber diese Website angeboten werden, sind im Preis inbegriffen, und es werden keine zus\u00e4tzlichen Geb\u00fchren erwartet, sofern nicht anders angegeben.   <\/p>\n\n<h2 class=\"wp-block-heading\">Erstattungen und R\u00fccksendungen<\/h2>\n\n<p>Abonnements beinhalten den Zugang zum gesamten Inhalt dieser Website, einschlie\u00dflich Berichten, Tools, Ratschl\u00e4gen, Dokumentation und anderen Elementen. Diese Komponenten sind, wenn sie als Teil eines Abonnements zusammengenommen werden, eine &#8222;digitale Ware&#8220; und als solche gem\u00e4\u00df der EU-Gesetzgebung von der Erstattung ausgenommen. <\/p>\n\n<p>Im Interesse von Treu und Glauben und des Kundendienstes kann ein Nutzer jedoch einen Antrag auf R\u00fcckerstattung stellen. Solche R\u00fcckerstattungen werden, wenn sie genehmigt werden, in der Regel innerhalb von 24 Stunden nach dem Kauf des Abonnements oder anderer digitaler Waren vorgenommen. F\u00fcr monatliche Abonnements gilt eine R\u00fcckerstattungsregelung von 24 Stunden. Viertelj\u00e4hrliche und j\u00e4hrliche R\u00fcckerstattungen sind aufgrund der Beschaffenheit unserer Produkte nicht m\u00f6glich.  <br\/><br\/>Jeder Nutzer oder Kunde, der spammt, bel\u00e4stigt, beleidigt oder sich generell aggressiv und unh\u00f6flich gegen\u00fcber dem Personal verh\u00e4lt, hat keinen Anspruch auf eine R\u00fcckerstattung.<\/p>\n\n<p>Im Falle einer Zahlung per Kreditkarte erfolgt die R\u00fcckerstattung auf die verwendete Zahlungskarte. Im Falle einer Zahlung in Kryptow\u00e4hrung erhalten Sie eine R\u00fcckerstattung in der gleichen Kryptow\u00e4hrung, die Sie zum Zeitpunkt des Kaufs verwendet haben, und der erhaltene Betrag entspricht dem Euro-Gegenwert zum Zeitpunkt des urspr\u00fcnglichen Kaufs. <\/p>\n\n<p>Aufgrund der Art unserer Dienste bieten wir keinen Tausch zwischen Abonnements an, unabh\u00e4ngig von der Dauer des Dienstes. Wenn Sie sich vor dem Kauf unsicher sind, k\u00f6nnen Sie unseren Support kontaktieren oder uns eine E-Mail schreiben. <\/p>\n\n<p>Eine R\u00fcckerstattungsanfrage jeglicher Art kann \u00fcber <a href=\"https:\/\/altsignals.io\/de\/contact\">das Kontaktformular<\/a> gestellt werden. Diese E-Mail-Adresse kann auch verwendet werden, wenn einem Nutzer eine dieser R\u00fcckerstattungsbedingungen unklar ist oder er eine Frage zu R\u00fcckerstattungen jeglicher Art hat. <\/p>\n\n<h2 class=\"wp-block-heading\">Verbotene Nutzung dieser Website<\/h2>\n\n<p>Diese Website darf nicht f\u00fcr ungesetzliche oder anderweitig verbotene Handlungen verwendet werden, noch darf sie unter Verletzung dieser AGBs genutzt werden. Dar\u00fcber hinaus sind bestimmte Aktivit\u00e4ten hier ausdr\u00fccklich verboten. Dazu geh\u00f6rt unter anderem die Nutzung der Website in einer Weise, die verleumderisch, obsz\u00f6n, unanst\u00e4ndig, beleidigend, pornografisch oder anderweitig skandal\u00f6s ist. Dar\u00fcber hinaus d\u00fcrfen Nutzer Produkte oder Elemente dieser Website nicht in einer Weise verwenden, die als bedrohlich, diskriminierend, bedrohlich, missbr\u00e4uchlich oder aufr\u00fchrerisch angesehen werden k\u00f6nnte oder die geeignet ist, Hass aufgrund der Ethnie, des Geschlechts, der Religion, der Sexualit\u00e4t oder eines anderen Minderheitenstatus einer Zielperson zu f\u00f6rdern. Dar\u00fcber hinaus darf die Website nicht dazu verwendet werden, sich selbst oder eine andere Person in die Lage zu versetzen, den Vertrag, das Vertrauen oder die Privatsph\u00e4re einer anderen Person zu verletzen. Diese Website und ihre Elemente d\u00fcrfen auch nicht in einer Weise verwendet werden, die die Urheberrechte oder das geistige Eigentum anderer oder der Website und des Unternehmens selbst verletzt. Schlie\u00dflich darf diese Website nicht als Vektor f\u00fcr digitale Schadstoffe, einschlie\u00dflich Viren, &#8222;Trojaner&#8220; oder andere zerst\u00f6rerische Formen von Daten verwendet werden.      <\/p>\n\n<p>Wenn ein Benutzer verd\u00e4chtigt wird, gegen die oben genannten Bestimmungen zu versto\u00dfen, werden das Unternehmen und seine Mitarbeiter mit allen Strafverfolgungsbeh\u00f6rden zusammenarbeiten und behalten sich das uneingeschr\u00e4nkte Recht vor, rechtliche Schritte gegen alle Benutzer einzuleiten, die gegen die oben genannten verbotenen Handlungen versto\u00dfen.<\/p>\n\n<h2 class=\"wp-block-heading\">Die Allgemeine Datenschutzverordnung der EU (GDPR)<\/h2>\n\n<p>Das Unternehmen ben\u00f6tigt einige Daten seiner Nutzer, damit die Website ordnungsgem\u00e4\u00df funktionieren kann. Zu diesem Zweck werden die Kundendaten f\u00fcr die Verwendung durch das Unternehmen aus dem oben genannten Grund gesendet, empfangen und sicher gespeichert. Das Unternehmen wird seine Kundendaten niemals ohne die vorherige Zustimmung des Benutzers an Dritte weitergeben, verkaufen oder \u00fcbertragen.  <\/p>\n\n<p>Um seine Nutzer noch besser vor Datenmissbrauch zu sch\u00fctzen, beschr\u00e4nkt das Unternehmen den Zugriff seiner Subunternehmer auf das, was f\u00fcr die Erf\u00fcllung ihrer Aufgaben erforderlich ist, und nicht mehr. Dar\u00fcber hinaus gelten f\u00fcr Subunternehmer und andere Mitarbeiter die h\u00f6chsten Standards bei der Ausf\u00fchrung von Dienstleistungen in Bezug auf Kundendaten, wie sie von der Datenschutz-Grundverordnung gefordert werden. <\/p>\n\n<p>In \u00dcbereinstimmung mit Artikel 33.2 der Datenschutz-Grundverordnung 2016\/6790 wird das Unternehmen nach bestem Wissen und Gewissen alle Kunden so schnell wie m\u00f6glich \u00fcber Verst\u00f6\u00dfe gegen die Datenschutz-Grundverordnung informieren, einschlie\u00dflich, aber nicht beschr\u00e4nkt auf die unbefugte Offenlegung ihrer personenbezogenen Daten, Finanzinformationen und Steuerdaten, die es entdeckt. Sollte ein solcher Fall eintreten, wird das Unternehmen solche Verst\u00f6\u00dfe auch der zust\u00e4ndigen Aufsichtsbeh\u00f6rde melden. <\/p>\n\n<p>Und schlie\u00dflich kann jeder Kunde, der seine eigenen Daten vollst\u00e4ndig l\u00f6schen oder einsehen m\u00f6chte, dieses Recht in \u00dcbereinstimmung mit der GDPR \u00fcber <a href=\"https:\/\/altsignals.io\/de\/contact\">das Kontaktformular<\/a> aus\u00fcben. <\/a> Falls ein Nutzer sein Abonnement k\u00fcndigt, wird eine Sicherungskopie seiner Daten bis zu 1 Jahr nach dem Ende seines autorisierten Zugriffs aufbewahrt. Wie alle anderen Daten kann ein Nutzer auch diese Daten l\u00f6schen lassen.  <\/p>\n","protected":false},"excerpt":{"rendered":"<p>Allgemeine Bedingungen zu den Servicebedingungen AltSignals hat die folgenden Nutzungsbedingungen (im Folgenden &#8222;AGB&#8220;) als allgemeine Regeln aufgestellt, die beim Zugriff auf unsere Website&#8222;http:\/\/altsignals.io&#8220;sowie auf alle ihre Produkte und Dienstleistungen (im Folgenden gemeinhin als &#8222;die Website&#8220; bezeichnet) beachtet werden m\u00fcssen. Die Einhaltung dieser AGB liegt in Ihrer Verantwortung als Nutzer. Vergewissern Sie sich daher, dass Sie [&hellip;]<\/p>\n","protected":false},"author":1,"featured_media":0,"parent":0,"menu_order":0,"comment_status":"closed","ping_status":"closed","template":"","meta":{"_acf_changed":false,"footnotes":""},"class_list":["post-11426","page","type-page","status-publish","hentry"],"acf":[],"_links":{"self":[{"href":"https:\/\/altsignals.io\/de\/wp-json\/wp\/v2\/pages\/11426","targetHints":{"allow":["GET"]}}],"collection":[{"href":"https:\/\/altsignals.io\/de\/wp-json\/wp\/v2\/pages"}],"about":[{"href":"https:\/\/altsignals.io\/de\/wp-json\/wp\/v2\/types\/page"}],"author":[{"embeddable":true,"href":"https:\/\/altsignals.io\/de\/wp-json\/wp\/v2\/users\/1"}],"replies":[{"embeddable":true,"href":"https:\/\/altsignals.io\/de\/wp-json\/wp\/v2\/comments?post=11426"}],"version-history":[{"count":3,"href":"https:\/\/altsignals.io\/de\/wp-json\/wp\/v2\/pages\/11426\/revisions"}],"predecessor-version":[{"id":52228,"href":"https:\/\/altsignals.io\/de\/wp-json\/wp\/v2\/pages\/11426\/revisions\/52228"}],"wp:attachment":[{"href":"https:\/\/altsignals.io\/de\/wp-json\/wp\/v2\/media?parent=11426"}],"curies":[{"name":"wp","href":"https:\/\/api.w.org\/{rel}","templated":true}]}}