{"id":11388,"date":"2023-12-21T13:51:26","date_gmt":"2023-12-21T13:51:26","guid":{"rendered":"https:\/\/altsignals.io\/por-que-altsignals"},"modified":"2025-04-07T04:40:06","modified_gmt":"2025-04-07T04:40:06","slug":"why-altsignals","status":"publish","type":"page","link":"https:\/\/altsignals.io\/es\/why-altsignals","title":{"rendered":"\u00bfPor qu\u00e9 <span>AltSignals?<\/span>"},"content":{"rendered":"\n<h2 class=\"wp-block-heading has-text-align-center\">Si eres un operador con experiencia o acabas de empezar, unirte a AltSignals te dar\u00e1 la oportunidad de obtener buenos beneficios y tambi\u00e9n de perfeccionar tus habilidades de negociaci\u00f3n.<\/h2>\n\n<div class=\"wp-block-media-text is-stacked-on-mobile\"><figure class=\"wp-block-media-text__media\"><img decoding=\"async\" src=\"https:\/\/altsignals.io\/wp-content\/uploads\/2023\/12\/why1.svg\" alt=\"\" class=\"wp-image-566 size-full\" title=\"\"><\/figure><div class=\"wp-block-media-text__content\">\n<h3 class=\"wp-block-heading\">L\u00edderes en Cripto Se\u00f1ales<\/h3>\n\n\n\n<p>Puede que hayas le\u00eddo en el pasado sobre Bitcoin y las se\u00f1ales criptogr\u00e1ficas, pero \u00bfnunca has entendido lo que significan? Las Se\u00f1ales pueden incluir varios temas con Bitcoin y Altcoins que van desde servicios de an\u00e1lisis, Se\u00f1ales y gesti\u00f3n y an\u00e1lisis de carteras.<\/p>\n\n\n\n<p>Muchos de los mejores sitios web y proveedores de se\u00f1ales de la web y Telegram te ofrecer\u00e1n servicios, pero te dar\u00e1n un coste por servicio. En AltSignals no s\u00f3lo ofrecemos paquetes individuales que ser\u00e1n rentables, sino que incluyen todo, si no m\u00e1s, lo que otros pueden ofrecer. Nuestro objetivo es que tengas \u00e9xito y te dediques a obtener beneficios y no a vaciar tu cartera.<\/p>\n<\/div><\/div>\n\n<div class=\"wp-block-media-text has-media-on-the-right is-stacked-on-mobile\"><div class=\"wp-block-media-text__content\">\n<h3 class=\"wp-block-heading\">Nuestro an\u00e1lisis de tus beneficios<\/h3>\n\n\n\n<p>El mercado de criptomonedas funciona de forma similar a los mercados burs\u00e1til y de divisas. Cuanto m\u00e1s inviertas, mayor ser\u00e1 la recompensa. Muchos proveedores de se\u00f1ales de Criptodivisas anunciar\u00e1n c\u00f3mo aumentar\u00e1s tus beneficios un 100% en un mes, pero no son cifras exactas, ya que el mercado crea diferentes oportunidades cada mes.<\/p>\n\n\n\n<p>Muchas veces los proveedores de se\u00f1ales de Criptodivisas proporcionar\u00e1n una se\u00f1al s\u00f3lo despu\u00e9s de haber entrado en su propia posici\u00f3n para beneficiarse del movimiento del mercado de la se\u00f1al en su propio beneficio. \u00a1En AltSignals tenemos un bot en telegram que te permite entrar en la posici\u00f3n al mismo tiempo que nosotros para asegurarte de que ganas con nosotros!<\/p>\n<\/div><figure class=\"wp-block-media-text__media\"><img decoding=\"async\" src=\"https:\/\/altsignals.io\/wp-content\/uploads\/2023\/12\/why2.svg\" alt=\"\" class=\"wp-image-567 size-full\" title=\"\"><\/figure><\/div>\n\n<div class=\"wp-block-media-text is-stacked-on-mobile\"><figure class=\"wp-block-media-text__media\"><img decoding=\"async\" src=\"https:\/\/altsignals.io\/wp-content\/uploads\/2023\/12\/why1.svg\" alt=\"\" class=\"wp-image-566 size-full\" title=\"\"><\/figure><div class=\"wp-block-media-text__content\">\n<h3 class=\"wp-block-heading\">Calidad sobre cantidad<\/h3>\n\n\n\n<p>En AltSignals garantizamos la calidad de las operaciones que proporcionamos. No importa si se trata de Criptodivisas o Forex, realizamos an\u00e1lisis en profundidad para cada operaci\u00f3n. Esto significa que s\u00f3lo proporcionaremos operaciones y an\u00e1lisis de la mayor calidad posible a nuestras capacidades.<\/p>\n\n\n\n<p>A diferencia de otros proveedores de se\u00f1ales, nosotros preferimos no proporcionar una se\u00f1al que s\u00f3lo proporcionarla para mantener entretenidos a nuestros miembros si la calidad de la operaci\u00f3n no cumple nuestros est\u00e1ndares. Nuestros operadores son especialistas estrat\u00e9gicos, ofrecen una ayuda m\u00e1s profunda y personal a quienes buscan t\u00e1cticas de gesti\u00f3n en el \u00e1mbito de la cartera.<\/p>\n<\/div><\/div>\n\n<div class=\"wp-block-columns features-4-columns is-layout-flex wp-container-core-columns-is-layout-9d6595d7 wp-block-columns-is-layout-flex\">\n<div class=\"wp-block-column is-layout-flow wp-block-column-is-layout-flow\"><div class=\"wp-block-image\">\n<figure class=\"aligncenter size-full is-resized\"><img decoding=\"async\" width=\"232\" height=\"232\" src=\"https:\/\/altsignals.io\/wp-content\/uploads\/2023\/12\/risk-management-features.png\" alt=\"\" class=\"wp-image-574\" style=\"width:180px\" title=\"\" srcset=\"https:\/\/altsignals.io\/wp-content\/uploads\/2023\/12\/risk-management-features.png 232w, https:\/\/altsignals.io\/wp-content\/uploads\/2023\/12\/risk-management-features-150x150.png 150w\" sizes=\"(max-width: 232px) 100vw, 232px\" \/><\/figure>\n<\/div>\n\n\n<p class=\"has-text-align-center\"><strong>Funciones de gesti\u00f3n de riesgos<\/strong><\/p>\n<\/div>\n\n\n\n<div class=\"wp-block-column is-layout-flow wp-block-column-is-layout-flow\"><div class=\"wp-block-image\">\n<figure class=\"aligncenter size-full is-resized\"><img decoding=\"async\" width=\"232\" height=\"232\" src=\"https:\/\/altsignals.io\/wp-content\/uploads\/2023\/12\/trading-guides.png\" alt=\"\" class=\"wp-image-575\" style=\"width:180px\" title=\"\" srcset=\"https:\/\/altsignals.io\/wp-content\/uploads\/2023\/12\/trading-guides.png 232w, https:\/\/altsignals.io\/wp-content\/uploads\/2023\/12\/trading-guides-150x150.png 150w\" sizes=\"(max-width: 232px) 100vw, 232px\" \/><\/figure>\n<\/div>\n\n\n<p class=\"has-text-align-center\"><strong>Gu\u00edas de negociaci\u00f3n en nuestro sitio web<\/strong><\/p>\n<\/div>\n\n\n\n<div class=\"wp-block-column is-layout-flow wp-block-column-is-layout-flow\"><div class=\"wp-block-image\">\n<figure class=\"aligncenter size-full is-resized\"><img decoding=\"async\" width=\"232\" height=\"232\" src=\"https:\/\/altsignals.io\/wp-content\/uploads\/2023\/12\/markets-and-timeframes.png\" alt=\"\" class=\"wp-image-576\" style=\"width:180px\" title=\"\" srcset=\"https:\/\/altsignals.io\/wp-content\/uploads\/2023\/12\/markets-and-timeframes.png 232w, https:\/\/altsignals.io\/wp-content\/uploads\/2023\/12\/markets-and-timeframes-150x150.png 150w\" sizes=\"(max-width: 232px) 100vw, 232px\" \/><\/figure>\n<\/div>\n\n\n<p class=\"has-text-align-center\"><strong>Funciona en todos los mercados y en todos los plazos<\/strong><\/p>\n<\/div>\n\n\n\n<div class=\"wp-block-column is-layout-flow wp-block-column-is-layout-flow\"><div class=\"wp-block-image\">\n<figure class=\"aligncenter size-full is-resized\"><img decoding=\"async\" width=\"232\" height=\"232\" src=\"https:\/\/altsignals.io\/wp-content\/uploads\/2023\/12\/robust-trading-indicator.png\" alt=\"\" class=\"wp-image-577\" style=\"width:180px\" title=\"\" srcset=\"https:\/\/altsignals.io\/wp-content\/uploads\/2023\/12\/robust-trading-indicator.png 232w, https:\/\/altsignals.io\/wp-content\/uploads\/2023\/12\/robust-trading-indicator-150x150.png 150w\" sizes=\"(max-width: 232px) 100vw, 232px\" \/><\/figure>\n<\/div>\n\n\n<p class=\"has-text-align-center\"><strong>Indicador de negociaci\u00f3n robusto pronto disponible en el mercado<\/strong><\/p>\n<\/div>\n<\/div>\n\n<div class=\"wp-block-columns features-4-columns is-layout-flex wp-container-core-columns-is-layout-9d6595d7 wp-block-columns-is-layout-flex\">\n<div class=\"wp-block-column is-layout-flow wp-block-column-is-layout-flow\"><div class=\"wp-block-image\">\n<figure class=\"aligncenter size-full is-resized\"><img decoding=\"async\" width=\"232\" height=\"232\" src=\"https:\/\/altsignals.io\/wp-content\/uploads\/2023\/12\/signals-support.png\" alt=\"\" class=\"wp-image-580\" style=\"width:180px\" title=\"\" srcset=\"https:\/\/altsignals.io\/wp-content\/uploads\/2023\/12\/signals-support.png 232w, https:\/\/altsignals.io\/wp-content\/uploads\/2023\/12\/signals-support-150x150.png 150w\" sizes=\"(max-width: 232px) 100vw, 232px\" \/><\/figure>\n<\/div>\n\n\n<p class=\"has-text-align-center\"><strong>Nuestras se\u00f1ales son compatibles con la mayor\u00eda de los pares<\/strong><\/p>\n<\/div>\n\n\n\n<div class=\"wp-block-column is-layout-flow wp-block-column-is-layout-flow\"><div class=\"wp-block-image\">\n<figure class=\"aligncenter size-full is-resized\"><img decoding=\"async\" width=\"232\" height=\"232\" src=\"https:\/\/altsignals.io\/wp-content\/uploads\/2023\/12\/quality-over-quantity.png\" alt=\"\" class=\"wp-image-581\" style=\"width:180px\" title=\"\" srcset=\"https:\/\/altsignals.io\/wp-content\/uploads\/2023\/12\/quality-over-quantity.png 232w, https:\/\/altsignals.io\/wp-content\/uploads\/2023\/12\/quality-over-quantity-150x150.png 150w\" sizes=\"(max-width: 232px) 100vw, 232px\" \/><\/figure>\n<\/div>\n\n\n<p class=\"has-text-align-center\"><strong>S\u00f3lo enviamos calidad por encima de la cantidad<\/strong><\/p>\n<\/div>\n\n\n\n<div class=\"wp-block-column is-layout-flow wp-block-column-is-layout-flow\"><div class=\"wp-block-image\">\n<figure class=\"aligncenter size-full is-resized\"><img decoding=\"async\" width=\"232\" height=\"232\" src=\"https:\/\/altsignals.io\/wp-content\/uploads\/2023\/12\/monthly-fee.png\" alt=\"\" class=\"wp-image-582\" style=\"width:180px\" title=\"\" srcset=\"https:\/\/altsignals.io\/wp-content\/uploads\/2023\/12\/monthly-fee.png 232w, https:\/\/altsignals.io\/wp-content\/uploads\/2023\/12\/monthly-fee-150x150.png 150w\" sizes=\"(max-width: 232px) 100vw, 232px\" \/><\/figure>\n<\/div>\n\n\n<p class=\"has-text-align-center\"><strong>Nuestra cuota mensual es transparente y justa<\/strong><\/p>\n<\/div>\n\n\n\n<div class=\"wp-block-column is-layout-flow wp-block-column-is-layout-flow\"><div class=\"wp-block-image\">\n<figure class=\"aligncenter size-full is-resized\"><img decoding=\"async\" width=\"232\" height=\"232\" src=\"https:\/\/altsignals.io\/wp-content\/uploads\/2023\/12\/perfect-for-beginners.png\" alt=\"\" class=\"wp-image-583\" style=\"width:180px\" title=\"\" srcset=\"https:\/\/altsignals.io\/wp-content\/uploads\/2023\/12\/perfect-for-beginners.png 232w, https:\/\/altsignals.io\/wp-content\/uploads\/2023\/12\/perfect-for-beginners-150x150.png 150w\" sizes=\"(max-width: 232px) 100vw, 232px\" \/><\/figure>\n<\/div>\n\n\n<p class=\"has-text-align-center\"><strong>Perfecto para principiantes y personas con trabajos diarios<\/strong><\/p>\n<\/div>\n<\/div>\n","protected":false},"excerpt":{"rendered":"<p>Si eres un operador con experiencia o acabas de empezar, unirte a AltSignals te dar\u00e1 la oportunidad de obtener buenos beneficios y tambi\u00e9n de perfeccionar tus habilidades de negociaci\u00f3n. L\u00edderes en Cripto Se\u00f1ales Puede que hayas le\u00eddo en el pasado sobre Bitcoin y las se\u00f1ales criptogr\u00e1ficas, pero \u00bfnunca has entendido lo que significan? Las Se\u00f1ales [&hellip;]<\/p>\n","protected":false},"author":1,"featured_media":6324,"parent":0,"menu_order":0,"comment_status":"closed","ping_status":"closed","template":"","meta":{"_acf_changed":false,"footnotes":""},"page_category":[],"class_list":["post-11388","page","type-page","status-publish","has-post-thumbnail","hentry"],"acf":[],"_links":{"self":[{"href":"https:\/\/altsignals.io\/es\/wp-json\/wp\/v2\/pages\/11388","targetHints":{"allow":["GET"]}}],"collection":[{"href":"https:\/\/altsignals.io\/es\/wp-json\/wp\/v2\/pages"}],"about":[{"href":"https:\/\/altsignals.io\/es\/wp-json\/wp\/v2\/types\/page"}],"author":[{"embeddable":true,"href":"https:\/\/altsignals.io\/es\/wp-json\/wp\/v2\/users\/1"}],"replies":[{"embeddable":true,"href":"https:\/\/altsignals.io\/es\/wp-json\/wp\/v2\/comments?post=11388"}],"version-history":[{"count":3,"href":"https:\/\/altsignals.io\/es\/wp-json\/wp\/v2\/pages\/11388\/revisions"}],"predecessor-version":[{"id":11413,"href":"https:\/\/altsignals.io\/es\/wp-json\/wp\/v2\/pages\/11388\/revisions\/11413"}],"wp:featuredmedia":[{"embeddable":true,"href":"https:\/\/altsignals.io\/es\/wp-json\/wp\/v2\/media\/6324"}],"wp:attachment":[{"href":"https:\/\/altsignals.io\/es\/wp-json\/wp\/v2\/media?parent=11388"}],"wp:term":[{"taxonomy":"page_category","embeddable":true,"href":"https:\/\/altsignals.io\/es\/wp-json\/wp\/v2\/page_category?post=11388"}],"curies":[{"name":"wp","href":"https:\/\/api.w.org\/{rel}","templated":true}]}}