{"id":11395,"date":"2023-12-19T10:20:05","date_gmt":"2023-12-19T10:20:05","guid":{"rendered":"https:\/\/altsignals.io\/acerca-de-altsignals"},"modified":"2025-04-07T03:52:51","modified_gmt":"2025-04-07T03:52:51","slug":"about","status":"publish","type":"page","link":"https:\/\/altsignals.io\/es\/about","title":{"rendered":"Acerca de <span>AltSignals<\/span>"},"content":{"rendered":"\n<p class=\"has-text-align-center\">AltSignals fue creada por un equipo de operadores y empresarios que quer\u00edan aportar transparencia, confianza y coherencia al mercado de criptomonedas.<\/p>\n<div class=\"social-links gut-block\">\n    <div>\n        <a href=\"https:\/\/t.me\/altsignals\/\" target=\"_blank\" class=\"s-i si-telegram w-inline-block\" rel=\"nofollow\"><\/a>\n        <a href=\"https:\/\/www.instagram.com\/altsignals.io\/\" target=\"_blank\" class=\"s-i w-inline-block\"><\/a>\n        <a href=\"https:\/\/www.facebook.com\/altsignalseng\/\" target=\"_blank\" class=\"s-i si-fb w-inline-block\" rel=\"nofollow noopener\"><\/a>\n        <a href=\"https:\/\/www.pinterest.com\/altsignalseng\/\" target=\"_blank\" class=\"s-i si-pin w-inline-block\" rel=\"nofollow noopener\"><\/a>\n        <a href=\"https:\/\/x.com\/AltSignalseng\/\" target=\"_blank\" class=\"s-i si-twit w-inline-block\" rel=\"nofollow\"><\/a>\n        <a href=\"https:\/\/www.youtube.com\/@AltSignalsTrade\" target=\"_blank\" class=\"s-i si-you w-inline-block\" rel=\"nofollow noopener\"><\/a>\n    <\/div>\n<\/div>\n<p>El enfoque de AltSignals es centrarse en los operadores proporcion\u00e1ndoles contenido educativo, la tecnolog\u00eda necesaria y una experiencia \u00fanica para poder ser rentables tanto en el mercado de divisas como en el de criptomonedas.<\/p>\n\n<p>Tradicionalmente se ha asumido que los mercados financieros son vol\u00e1tiles y que hay mucho en juego. Adem\u00e1s, con la inclusi\u00f3n de nuevas tecnolog\u00edas y la expansi\u00f3n de nuevos conceptos como las criptodivisas, varias empresas ofrecen ahora servicios para ayudar a los operadores a invertir con seguridad.<\/p>\n\n<p>AltSignals es un proveedor de servicios financieros que actualmente ofrece muchos servicios diferentes, como se\u00f1ales de negociaci\u00f3n de futuros de criptomonedas, alertas de negociaci\u00f3n de divisas y an\u00e1lisis de mercado para oro e \u00edndices, entre otras cosas.<\/p>\n\n<p>Para los que no tengan ni idea de c\u00f3mo funcionan las se\u00f1ales de trading, se trata de activadores para comprar o vender activos en funci\u00f3n de una serie de criterios predeterminados. AltSignals ofrece se\u00f1ales de trading para BitMex, Binance, Coinbase, ByBit y otras bolsas de criptomonedas. Las se\u00f1ales se centran en muchas criptomonedas diferentes, como Bitcoin (BTC) y Ethereum (ETH). Los operadores pueden copiar f\u00e1cilmente estas se\u00f1ales y gestionar la cartera con facilidad.<\/p>\n\n<p>Cuando AltSignals entr\u00f3 en los mercados de criptomonedas y divisas en 2018, el sector estaba lleno de estafadores o de gente que proporcionaba informaci\u00f3n enga\u00f1osa. En cambio, AltSignals est\u00e1 respaldada por un equipo de expertos en trading que cuenta con m\u00e1s de diez a\u00f1os de experiencia relevante en el sector. Adem\u00e1s, AltSignals es tambi\u00e9n la mayor comunidad de comercio de criptomonedas del mundo. Gracias a ella, AltSignals ha ayudado a numerosos operadores a negociar diferentes activos y a adquirir experiencia relevante en el comercio de monedas virtuales.<\/p>\n\n<p>La empresa ha creado recientemente un software \u00fanico llamado AltAlgo. Esta soluci\u00f3n es capaz de trabajar para cualquier mercado y mostrar se\u00f1ales de compra y venta directamente en Tradingview en los gr\u00e1ficos y plazos de los usuarios. Esto elimina la necesidad de que los usuarios dependan de plataformas como Telegram para recibir se\u00f1ales de compra y venta. El programa es especialmente \u00fatil para los reci\u00e9n llegados. S\u00f3lo tienen que copiar las se\u00f1ales dadas por AltAlgo directamente desde TradingView.<\/p>\n\n<p>AltSignals tambi\u00e9n se centra en proporcionar contenido educativo relacionado con las criptomonedas, el mercado de divisas y c\u00f3mo mejorar las estrategias de negociaci\u00f3n. La raz\u00f3n principal es ayudar a los usuarios a recibir la informaci\u00f3n necesaria si quieren operar en estos mercados vol\u00e1tiles y apasionantes. Aunque el sector es arriesgado y siempre hay riesgos de volatilidad, un operador bien informado con el apoyo de una plataforma adecuada tiene m\u00e1s posibilidades de ser rentable.<\/p>\n\n<p>AltSignals funciona con un modelo de suscripci\u00f3n y tambi\u00e9n ha adoptado un enfoque hol\u00edstico en lugar de disperso, proporcionando educaci\u00f3n, tecnolog\u00eda y experiencia tanto a los reci\u00e9n llegados como a los operadores expertos. La empresa ha avanzado en la direcci\u00f3n correcta haciendo que la gesti\u00f3n de activos sea f\u00e1cil de entender para todos.<\/p>\n\n<div class=\"wp-block-columns is-layout-flex wp-container-core-columns-is-layout-9d6595d7 wp-block-columns-is-layout-flex\">\n<div class=\"wp-block-column is-layout-flow wp-block-column-is-layout-flow\">\n<div class=\"wp-block-media-text is-stacked-on-mobile is-vertically-aligned-top team-2-column has-small-font-size\" style=\"grid-template-columns:30% auto\"><figure class=\"wp-block-media-text__media\"><img decoding=\"async\" width=\"300\" height=\"300\" src=\"https:\/\/altsignals.io\/wp-content\/uploads\/2023\/12\/bartosh-300x300.jpg\" alt=\"\" class=\"wp-image-325 size-medium\" title=\"\" srcset=\"https:\/\/altsignals.io\/wp-content\/uploads\/2023\/12\/bartosh-300x300.jpg 300w, https:\/\/altsignals.io\/wp-content\/uploads\/2023\/12\/bartosh-150x150.jpg 150w, https:\/\/altsignals.io\/wp-content\/uploads\/2023\/12\/bartosh.jpg 500w\" sizes=\"(max-width: 300px) 100vw, 300px\" \/><\/figure><div class=\"wp-block-media-text__content\">\n<p>MrCode, alias Bartos, es nuestro desarrollador jefe de scripts de pino y forma parte de AltSignals desde la primavera de 2021. Gestiona todos nuestros c\u00f3digos\/scripts y mantiene los indicadores actualizados con las \u00faltimas condiciones y tecnolog\u00edas del mercado. Adem\u00e1s, tambi\u00e9n se centra en la comercializaci\u00f3n de AltAlgo entre nuevos clientes y les presta apoyo cuando es necesario.<br\/><br\/><em>&#8211; Bartos<\/em><\/p>\n<\/div><\/div>\n<\/div>\n\n\n\n<div class=\"wp-block-column is-layout-flow wp-block-column-is-layout-flow\">\n<div class=\"wp-block-media-text is-stacked-on-mobile is-vertically-aligned-top team-2-column has-small-font-size\" style=\"grid-template-columns:30% auto\"><figure class=\"wp-block-media-text__media\"><img decoding=\"async\" width=\"500\" height=\"500\" src=\"https:\/\/altsignals.io\/wp-content\/uploads\/2023\/12\/jc.jpg\" alt=\"\" class=\"wp-image-327 size-medium\" title=\"\" srcset=\"https:\/\/altsignals.io\/wp-content\/uploads\/2023\/12\/jc.jpg 500w, https:\/\/altsignals.io\/wp-content\/uploads\/2023\/12\/jc-300x300.jpg 300w, https:\/\/altsignals.io\/wp-content\/uploads\/2023\/12\/jc-150x150.jpg 150w\" sizes=\"(max-width: 500px) 100vw, 500px\" \/><\/figure><div class=\"wp-block-media-text__content\">\n<p>JC forma parte del equipo de AltSignals desde 2021, es responsable del mantenimiento de todos los canales de Altalgo y de proporcionar soporte t\u00e9cnico de AltAlgo cuando sea necesario. Aparte de eso, tambi\u00e9n gestiona proyectos paralelos, porque en Altsignals estamos constantemente desarrollando y mejorando nuestras herramientas e indicadores. JC tambi\u00e9n gestiona nuestra documentaci\u00f3n (en v\u00eddeo) para ayudar a los nuevos usuarios a orientarse tras suscribirse a nuestros servicios.<br\/><br\/><em>&#8211; Janick<\/em><\/p>\n<\/div><\/div>\n<\/div>\n<\/div>\n\n<div class=\"wp-block-columns is-layout-flex wp-container-core-columns-is-layout-9d6595d7 wp-block-columns-is-layout-flex\">\n<div class=\"wp-block-column is-layout-flow wp-block-column-is-layout-flow\">\n<div class=\"wp-block-media-text is-stacked-on-mobile is-vertically-aligned-top team-2-column has-small-font-size\" style=\"grid-template-columns:30% auto\"><figure class=\"wp-block-media-text__media\"><img decoding=\"async\" width=\"500\" height=\"500\" src=\"https:\/\/altsignals.io\/wp-content\/uploads\/2023\/12\/jordan.jpg\" alt=\"\" class=\"wp-image-331 size-medium\" title=\"\" srcset=\"https:\/\/altsignals.io\/wp-content\/uploads\/2023\/12\/jordan.jpg 500w, https:\/\/altsignals.io\/wp-content\/uploads\/2023\/12\/jordan-300x300.jpg 300w, https:\/\/altsignals.io\/wp-content\/uploads\/2023\/12\/jordan-150x150.jpg 150w\" sizes=\"(max-width: 500px) 100vw, 500px\" \/><\/figure><div class=\"wp-block-media-text__content\">\n<p>Jordan es nuestro principal contacto financiero y administrador, y lleva en AltSignals desde 2020. Te ayudar\u00e1 en todo lo relacionado con la adhesi\u00f3n a nuestros servicios. Adem\u00e1s, responder\u00e1 a todas tus preguntas sobre AltSignals y lo que podemos ofrecerte. Se nos conoce por nuestra asistencia de primera clase y Jordan es la raz\u00f3n.<br\/><br\/><em>&#8211; Jordania<\/em><\/p>\n<\/div><\/div>\n<\/div>\n\n\n\n<div class=\"wp-block-column is-layout-flow wp-block-column-is-layout-flow\">\n<div class=\"wp-block-media-text is-stacked-on-mobile is-vertically-aligned-top team-2-column has-small-font-size\" style=\"grid-template-columns:30% auto\"><figure class=\"wp-block-media-text__media\"><img decoding=\"async\" width=\"500\" height=\"500\" src=\"https:\/\/altsignals.io\/wp-content\/uploads\/2023\/12\/rod.jpg\" alt=\"\" class=\"wp-image-329 size-medium\" title=\"\" srcset=\"https:\/\/altsignals.io\/wp-content\/uploads\/2023\/12\/rod.jpg 500w, https:\/\/altsignals.io\/wp-content\/uploads\/2023\/12\/rod-300x300.jpg 300w, https:\/\/altsignals.io\/wp-content\/uploads\/2023\/12\/rod-150x150.jpg 150w\" sizes=\"(max-width: 500px) 100vw, 500px\" \/><\/figure><div class=\"wp-block-media-text__content\">\n<p>Rod, Director General de AltSignals, dirige las operaciones desde 2018, con pasi\u00f3n por mejorar continuamente los servicios de negociaci\u00f3n ofrecidos. Rod ha dedicado la mayor parte de su tiempo al desarrollo de productos en la empresa, mejorando el algoritmo propietario AltAlgo y dirigiendo al personal.<br\/><br\/><em>&#8211; Vara<\/em><\/p>\n<\/div><\/div>\n<\/div>\n<\/div>\n","protected":false},"excerpt":{"rendered":"<p>AltSignals fue creada por un equipo de operadores y empresarios que quer\u00edan aportar transparencia, confianza y coherencia al mercado de criptomonedas. El enfoque de AltSignals es centrarse en los operadores proporcion\u00e1ndoles contenido educativo, la tecnolog\u00eda necesaria y una experiencia \u00fanica para poder ser rentables tanto en el mercado de divisas como en el de criptomonedas. [&hellip;]<\/p>\n","protected":false},"author":1,"featured_media":6168,"parent":0,"menu_order":0,"comment_status":"closed","ping_status":"closed","template":"","meta":{"_acf_changed":false,"footnotes":""},"class_list":["post-11395","page","type-page","status-publish","has-post-thumbnail","hentry"],"acf":[],"_links":{"self":[{"href":"https:\/\/altsignals.io\/es\/wp-json\/wp\/v2\/pages\/11395","targetHints":{"allow":["GET"]}}],"collection":[{"href":"https:\/\/altsignals.io\/es\/wp-json\/wp\/v2\/pages"}],"about":[{"href":"https:\/\/altsignals.io\/es\/wp-json\/wp\/v2\/types\/page"}],"author":[{"embeddable":true,"href":"https:\/\/altsignals.io\/es\/wp-json\/wp\/v2\/users\/1"}],"replies":[{"embeddable":true,"href":"https:\/\/altsignals.io\/es\/wp-json\/wp\/v2\/comments?post=11395"}],"version-history":[{"count":4,"href":"https:\/\/altsignals.io\/es\/wp-json\/wp\/v2\/pages\/11395\/revisions"}],"predecessor-version":[{"id":11440,"href":"https:\/\/altsignals.io\/es\/wp-json\/wp\/v2\/pages\/11395\/revisions\/11440"}],"wp:featuredmedia":[{"embeddable":true,"href":"https:\/\/altsignals.io\/es\/wp-json\/wp\/v2\/media\/6168"}],"wp:attachment":[{"href":"https:\/\/altsignals.io\/es\/wp-json\/wp\/v2\/media?parent=11395"}],"curies":[{"name":"wp","href":"https:\/\/api.w.org\/{rel}","templated":true}]}}