{"id":38169,"date":"2023-12-21T13:51:26","date_gmt":"2023-12-21T13:51:26","guid":{"rendered":"https:\/\/altsignals.io\/pourquoi-altsignals"},"modified":"2025-04-07T04:39:10","modified_gmt":"2025-04-07T04:39:10","slug":"pourquoi-altsignals","status":"publish","type":"page","link":"https:\/\/altsignals.io\/fr\/pourquoi-altsignals","title":{"rendered":"Pourquoi <span>AltSignals ?<\/span>"},"content":{"rendered":"\n<h2 class=\"wp-block-heading has-text-align-center\">Si vous \u00eates un trader exp\u00e9riment\u00e9 ou si vous d\u00e9butez, rejoindre AltSignals vous donnera l&rsquo;opportunit\u00e9 de faire de bons profits mais aussi de perfectionner vos comp\u00e9tences en trading.<\/h2>\n\n<div class=\"wp-block-media-text is-stacked-on-mobile\"><figure class=\"wp-block-media-text__media\"><img decoding=\"async\" src=\"https:\/\/altsignals.io\/wp-content\/uploads\/2023\/12\/why1.svg\" alt=\"\" class=\"wp-image-566 size-full\" title=\"\"><\/figure><div class=\"wp-block-media-text__content\">\n<h3 class=\"wp-block-heading\">Leaders en mati\u00e8re de signaux cryptographiques<\/h3>\n\n\n\n<p>Vous avez peut-\u00eatre d\u00e9j\u00e0 lu des articles sur les signaux Bitcoin et Crypto, mais vous n&rsquo;avez jamais compris ce que cela signifiait ? Les signaux peuvent porter sur diff\u00e9rents sujets li\u00e9s au bitcoin et aux altcoins, tels que les services d&rsquo;analyse, les signaux et la gestion et l&rsquo;analyse de portefeuille. <\/p>\n\n\n\n<p>De nombreux sites web et fournisseurs de signaux sur le web et Telegram vous offriront des services mais vous donneront un co\u00fbt par service. Chez AltSignals, nous ne nous contentons pas d&rsquo;offrir des forfaits uniques qui seront rentables, mais nous incluons tous les services, sinon plus, que d&rsquo;autres peuvent offrir. Notre objectif est que vous r\u00e9ussissiez et que vous fassiez des b\u00e9n\u00e9fices et non que votre portefeuille soit vid\u00e9.  <\/p>\n<\/div><\/div>\n\n<div class=\"wp-block-media-text has-media-on-the-right is-stacked-on-mobile\"><div class=\"wp-block-media-text__content\">\n<h3 class=\"wp-block-heading\">Notre analyse de vos b\u00e9n\u00e9fices<\/h3>\n\n\n\n<p>Le march\u00e9 des crypto-monnaies fonctionne de la m\u00eame mani\u00e8re que les march\u00e9s boursiers et les march\u00e9s des changes. Plus vous investissez, plus vous \u00eates r\u00e9compens\u00e9. De nombreux fournisseurs de signaux de crypto-monnaies annoncent qu&rsquo;ils peuvent augmenter leurs profits de 100 % en un mois, mais ces chiffres ne sont pas exacts car le march\u00e9 cr\u00e9e des opportunit\u00e9s diff\u00e9rentes chaque mois.  <\/p>\n\n\n\n<p>La plupart du temps, les fournisseurs de signaux de crypto-monnaies ne fournissent un signal qu&rsquo;apr\u00e8s \u00eatre entr\u00e9s dans leur propre position afin de b\u00e9n\u00e9ficier du mouvement du march\u00e9 du signal pour leur propre compte. Chez AltSignals, nous avons un bot sur Telegram qui vous permet d&rsquo;entrer en position en m\u00eame temps que nous pour vous assurer de profiter avec nous ! <\/p>\n<\/div><figure class=\"wp-block-media-text__media\"><img decoding=\"async\" src=\"https:\/\/altsignals.io\/wp-content\/uploads\/2023\/12\/why2.svg\" alt=\"\" class=\"wp-image-567 size-full\" title=\"\"><\/figure><\/div>\n\n<div class=\"wp-block-media-text is-stacked-on-mobile\"><figure class=\"wp-block-media-text__media\"><img decoding=\"async\" src=\"https:\/\/altsignals.io\/wp-content\/uploads\/2023\/12\/why1.svg\" alt=\"\" class=\"wp-image-566 size-full\" title=\"\"><\/figure><div class=\"wp-block-media-text__content\">\n<h3 class=\"wp-block-heading\">La qualit\u00e9 plut\u00f4t que la quantit\u00e9<\/h3>\n\n\n\n<p>Chez AltSignals, nous garantissons la qualit\u00e9 des transactions que nous fournissons. Qu&rsquo;il s&rsquo;agisse de Cryptocurrency ou de Forex, nous effectuons des analyses approfondies pour chaque transaction. Cela signifie que nous ne fournirons que des trades et des analyses de la plus haute qualit\u00e9 possible \u00e0 nos capacit\u00e9s.  <\/p>\n\n\n\n<p>Contrairement \u00e0 d&rsquo;autres fournisseurs de signaux, nous pr\u00e9f\u00e9rons ne pas fournir de signal plut\u00f4t que de le faire pour divertir nos membres si la qualit\u00e9 de la transaction ne r\u00e9pond pas \u00e0 nos normes. Nos traders sont des sp\u00e9cialistes de la strat\u00e9gie, ils offrent une aide plus profonde et plus personnelle \u00e0 ceux qui recherchent des tactiques de gestion dans la sph\u00e8re du portefeuille. <\/p>\n<\/div><\/div>\n\n<div class=\"wp-block-columns features-4-columns is-layout-flex wp-container-core-columns-is-layout-9d6595d7 wp-block-columns-is-layout-flex\">\n<div class=\"wp-block-column is-layout-flow wp-block-column-is-layout-flow\"><div class=\"wp-block-image\">\n<figure class=\"aligncenter size-full is-resized\"><img decoding=\"async\" width=\"232\" height=\"232\" src=\"https:\/\/altsignals.io\/wp-content\/uploads\/2023\/12\/risk-management-features.png\" alt=\"\" class=\"wp-image-574\" style=\"width:180px\" title=\"\" srcset=\"https:\/\/altsignals.io\/wp-content\/uploads\/2023\/12\/risk-management-features.png 232w, https:\/\/altsignals.io\/wp-content\/uploads\/2023\/12\/risk-management-features-150x150.png 150w\" sizes=\"(max-width: 232px) 100vw, 232px\" \/><\/figure>\n<\/div>\n\n\n<p class=\"has-text-align-center\"><strong>Caract\u00e9ristiques de la gestion des risques<\/strong><\/p>\n<\/div>\n\n\n\n<div class=\"wp-block-column is-layout-flow wp-block-column-is-layout-flow\"><div class=\"wp-block-image\">\n<figure class=\"aligncenter size-full is-resized\"><img decoding=\"async\" width=\"232\" height=\"232\" src=\"https:\/\/altsignals.io\/wp-content\/uploads\/2023\/12\/trading-guides.png\" alt=\"\" class=\"wp-image-575\" style=\"width:180px\" title=\"\" srcset=\"https:\/\/altsignals.io\/wp-content\/uploads\/2023\/12\/trading-guides.png 232w, https:\/\/altsignals.io\/wp-content\/uploads\/2023\/12\/trading-guides-150x150.png 150w\" sizes=\"(max-width: 232px) 100vw, 232px\" \/><\/figure>\n<\/div>\n\n\n<p class=\"has-text-align-center\"><strong>Guides de n\u00e9gociation sur notre site web<\/strong><\/p>\n<\/div>\n\n\n\n<div class=\"wp-block-column is-layout-flow wp-block-column-is-layout-flow\"><div class=\"wp-block-image\">\n<figure class=\"aligncenter size-full is-resized\"><img decoding=\"async\" width=\"232\" height=\"232\" src=\"https:\/\/altsignals.io\/wp-content\/uploads\/2023\/12\/markets-and-timeframes.png\" alt=\"\" class=\"wp-image-576\" style=\"width:180px\" title=\"\" srcset=\"https:\/\/altsignals.io\/wp-content\/uploads\/2023\/12\/markets-and-timeframes.png 232w, https:\/\/altsignals.io\/wp-content\/uploads\/2023\/12\/markets-and-timeframes-150x150.png 150w\" sizes=\"(max-width: 232px) 100vw, 232px\" \/><\/figure>\n<\/div>\n\n\n<p class=\"has-text-align-center\"><strong>Fonctionne sur tous les march\u00e9s et tous les d\u00e9lais<\/strong><\/p>\n<\/div>\n\n\n\n<div class=\"wp-block-column is-layout-flow wp-block-column-is-layout-flow\"><div class=\"wp-block-image\">\n<figure class=\"aligncenter size-full is-resized\"><img decoding=\"async\" width=\"232\" height=\"232\" src=\"https:\/\/altsignals.io\/wp-content\/uploads\/2023\/12\/robust-trading-indicator.png\" alt=\"\" class=\"wp-image-577\" style=\"width:180px\" title=\"\" srcset=\"https:\/\/altsignals.io\/wp-content\/uploads\/2023\/12\/robust-trading-indicator.png 232w, https:\/\/altsignals.io\/wp-content\/uploads\/2023\/12\/robust-trading-indicator-150x150.png 150w\" sizes=\"(max-width: 232px) 100vw, 232px\" \/><\/figure>\n<\/div>\n\n\n<p class=\"has-text-align-center\"><strong>Un indicateur commercial robuste bient\u00f4t disponible sur le march\u00e9<\/strong><\/p>\n<\/div>\n<\/div>\n\n<div class=\"wp-block-columns features-4-columns is-layout-flex wp-container-core-columns-is-layout-9d6595d7 wp-block-columns-is-layout-flex\">\n<div class=\"wp-block-column is-layout-flow wp-block-column-is-layout-flow\"><div class=\"wp-block-image\">\n<figure class=\"aligncenter size-full is-resized\"><img decoding=\"async\" width=\"232\" height=\"232\" src=\"https:\/\/altsignals.io\/wp-content\/uploads\/2023\/12\/signals-support.png\" alt=\"\" class=\"wp-image-580\" style=\"width:180px\" title=\"\" srcset=\"https:\/\/altsignals.io\/wp-content\/uploads\/2023\/12\/signals-support.png 232w, https:\/\/altsignals.io\/wp-content\/uploads\/2023\/12\/signals-support-150x150.png 150w\" sizes=\"(max-width: 232px) 100vw, 232px\" \/><\/figure>\n<\/div>\n\n\n<p class=\"has-text-align-center\"><strong>Nos signaux sont compatibles avec la plupart des paires de devises<\/strong><\/p>\n<\/div>\n\n\n\n<div class=\"wp-block-column is-layout-flow wp-block-column-is-layout-flow\"><div class=\"wp-block-image\">\n<figure class=\"aligncenter size-full is-resized\"><img decoding=\"async\" width=\"232\" height=\"232\" src=\"https:\/\/altsignals.io\/wp-content\/uploads\/2023\/12\/quality-over-quantity.png\" alt=\"\" class=\"wp-image-581\" style=\"width:180px\" title=\"\" srcset=\"https:\/\/altsignals.io\/wp-content\/uploads\/2023\/12\/quality-over-quantity.png 232w, https:\/\/altsignals.io\/wp-content\/uploads\/2023\/12\/quality-over-quantity-150x150.png 150w\" sizes=\"(max-width: 232px) 100vw, 232px\" \/><\/figure>\n<\/div>\n\n\n<p class=\"has-text-align-center\"><strong>Nous n&rsquo;envoyons que de la qualit\u00e9 plut\u00f4t que de la quantit\u00e9<\/strong><\/p>\n<\/div>\n\n\n\n<div class=\"wp-block-column is-layout-flow wp-block-column-is-layout-flow\"><div class=\"wp-block-image\">\n<figure class=\"aligncenter size-full is-resized\"><img decoding=\"async\" width=\"232\" height=\"232\" src=\"https:\/\/altsignals.io\/wp-content\/uploads\/2023\/12\/monthly-fee.png\" alt=\"\" class=\"wp-image-582\" style=\"width:180px\" title=\"\" srcset=\"https:\/\/altsignals.io\/wp-content\/uploads\/2023\/12\/monthly-fee.png 232w, https:\/\/altsignals.io\/wp-content\/uploads\/2023\/12\/monthly-fee-150x150.png 150w\" sizes=\"(max-width: 232px) 100vw, 232px\" \/><\/figure>\n<\/div>\n\n\n<p class=\"has-text-align-center\"><strong>Nos frais mensuels sont transparents et \u00e9quitables<\/strong><\/p>\n<\/div>\n\n\n\n<div class=\"wp-block-column is-layout-flow wp-block-column-is-layout-flow\"><div class=\"wp-block-image\">\n<figure class=\"aligncenter size-full is-resized\"><img decoding=\"async\" width=\"232\" height=\"232\" src=\"https:\/\/altsignals.io\/wp-content\/uploads\/2023\/12\/perfect-for-beginners.png\" alt=\"\" class=\"wp-image-583\" style=\"width:180px\" title=\"\" srcset=\"https:\/\/altsignals.io\/wp-content\/uploads\/2023\/12\/perfect-for-beginners.png 232w, https:\/\/altsignals.io\/wp-content\/uploads\/2023\/12\/perfect-for-beginners-150x150.png 150w\" sizes=\"(max-width: 232px) 100vw, 232px\" \/><\/figure>\n<\/div>\n\n\n<p class=\"has-text-align-center\"><strong>Parfait pour les d\u00e9butants et les personnes ayant un emploi \u00e0 la journ\u00e9e<\/strong><\/p>\n<\/div>\n<\/div>\n","protected":false},"excerpt":{"rendered":"<p>Si vous \u00eates un trader exp\u00e9riment\u00e9 ou si vous d\u00e9butez, rejoindre AltSignals vous donnera l&rsquo;opportunit\u00e9 de faire de bons profits mais aussi de perfectionner vos comp\u00e9tences en trading. Leaders en mati\u00e8re de signaux cryptographiques Vous avez peut-\u00eatre d\u00e9j\u00e0 lu des articles sur les signaux Bitcoin et Crypto, mais vous n&rsquo;avez jamais compris ce que cela [&hellip;]<\/p>\n","protected":false},"author":1,"featured_media":566,"parent":0,"menu_order":0,"comment_status":"closed","ping_status":"closed","template":"","meta":{"_acf_changed":false,"footnotes":""},"page_category":[],"class_list":["post-38169","page","type-page","status-publish","has-post-thumbnail","hentry"],"acf":[],"_links":{"self":[{"href":"https:\/\/altsignals.io\/fr\/wp-json\/wp\/v2\/pages\/38169","targetHints":{"allow":["GET"]}}],"collection":[{"href":"https:\/\/altsignals.io\/fr\/wp-json\/wp\/v2\/pages"}],"about":[{"href":"https:\/\/altsignals.io\/fr\/wp-json\/wp\/v2\/types\/page"}],"author":[{"embeddable":true,"href":"https:\/\/altsignals.io\/fr\/wp-json\/wp\/v2\/users\/1"}],"replies":[{"embeddable":true,"href":"https:\/\/altsignals.io\/fr\/wp-json\/wp\/v2\/comments?post=38169"}],"version-history":[{"count":1,"href":"https:\/\/altsignals.io\/fr\/wp-json\/wp\/v2\/pages\/38169\/revisions"}],"predecessor-version":[{"id":38182,"href":"https:\/\/altsignals.io\/fr\/wp-json\/wp\/v2\/pages\/38169\/revisions\/38182"}],"wp:featuredmedia":[{"embeddable":true,"href":"https:\/\/altsignals.io\/fr\/wp-json\/wp\/v2\/media\/566"}],"wp:attachment":[{"href":"https:\/\/altsignals.io\/fr\/wp-json\/wp\/v2\/media?parent=38169"}],"wp:term":[{"taxonomy":"page_category","embeddable":true,"href":"https:\/\/altsignals.io\/fr\/wp-json\/wp\/v2\/page_category?post=38169"}],"curies":[{"name":"wp","href":"https:\/\/api.w.org\/{rel}","templated":true}]}}