{"id":38949,"date":"2023-12-19T10:20:05","date_gmt":"2023-12-19T10:20:05","guid":{"rendered":"https:\/\/altsignals.io\/a-propos-de-altsignals"},"modified":"2025-04-07T03:51:50","modified_gmt":"2025-04-07T03:51:50","slug":"about","status":"publish","type":"page","link":"https:\/\/altsignals.io\/fr\/about","title":{"rendered":"\u00c0 propos de <span>AltSignals<\/span>"},"content":{"rendered":"\n<p class=\"has-text-align-center\">AltSignals a \u00e9t\u00e9 cr\u00e9\u00e9 par une \u00e9quipe de traders et d&rsquo;entrepreneurs qui souhaitaient apporter de la transparence, de la confiance et de la coh\u00e9rence au march\u00e9 des crypto-monnaies.<\/p>\n<div class=\"social-links gut-block\">\n    <div>\n        <a href=\"https:\/\/t.me\/altsignals\/\" target=\"_blank\" class=\"s-i si-telegram w-inline-block\" rel=\"nofollow\"><\/a>\n        <a href=\"https:\/\/www.instagram.com\/altsignals.io\/\" target=\"_blank\" class=\"s-i w-inline-block\"><\/a>\n        <a href=\"https:\/\/www.facebook.com\/altsignalseng\/\" target=\"_blank\" class=\"s-i si-fb w-inline-block\" rel=\"nofollow noopener\"><\/a>\n        <a href=\"https:\/\/www.pinterest.com\/altsignalseng\/\" target=\"_blank\" class=\"s-i si-pin w-inline-block\" rel=\"nofollow noopener\"><\/a>\n        <a href=\"https:\/\/x.com\/AltSignalseng\/\" target=\"_blank\" class=\"s-i si-twit w-inline-block\" rel=\"nofollow\"><\/a>\n        <a href=\"https:\/\/www.youtube.com\/@AltSignalsTrade\" target=\"_blank\" class=\"s-i si-you w-inline-block\" rel=\"nofollow noopener\"><\/a>\n    <\/div>\n<\/div>\n<p>L&rsquo;approche d&rsquo;AltSignals est de se concentrer sur les traders en leur fournissant un contenu \u00e9ducatif, la technologie n\u00e9cessaire et une expertise unique pour \u00eatre en mesure d&rsquo;\u00eatre rentable \u00e0 la fois sur les march\u00e9s du forex et des crypto-monnaies.<\/p>\n\n<p>Les march\u00e9s financiers sont traditionnellement consid\u00e9r\u00e9s comme volatils, avec des enjeux \u00e9lev\u00e9s. En outre, avec l&rsquo;inclusion de nouvelles technologies et l&rsquo;expansion de nouveaux concepts tels que les crypto-monnaies, plusieurs entreprises proposent d\u00e9sormais des services pour aider les traders \u00e0 investir en toute s\u00e9curit\u00e9. <\/p>\n\n<p>AltSignals est un fournisseur de services financiers qui propose actuellement de nombreux services diff\u00e9rents tels que des signaux de trading de futures sur crypto-monnaies, des alertes de trading sur le forex et des analyses de march\u00e9 pour l&rsquo;or et les indices, entre autres.<\/p>\n\n<p>Pour ceux qui n&rsquo;ont aucune id\u00e9e du fonctionnement des signaux de trading, il s&rsquo;agit de d\u00e9clencheurs pour acheter ou vendre des actifs sur la base d&rsquo;un ensemble de crit\u00e8res pr\u00e9d\u00e9termin\u00e9s. AltSignals propose des signaux de trading pour BitMex, Binance, Coinbase, ByBit et d&rsquo;autres bourses de crypto-monnaies. Les signaux se concentrent sur de nombreuses crypto-monnaies diff\u00e9rentes, y compris Bitcoin (BTC) et Ethereum (ETH). Les traders peuvent facilement copier ces signaux et g\u00e9rer leur portefeuille en toute simplicit\u00e9.   <\/p>\n\n<p>Lorsque AltSignals est entr\u00e9 sur les march\u00e9s des crypto-monnaies et du forex en 2018, l&rsquo;industrie \u00e9tait pleine d&rsquo;escrocs ou de personnes fournissant des informations trompeuses. Au lieu de cela, AltSignals est soutenu par une \u00e9quipe d&rsquo;experts en trading qui a plus de dix ans d&rsquo;exp\u00e9rience pertinente dans l&rsquo;industrie. En outre, AltSignals est \u00e9galement la plus grande communaut\u00e9 de trading crypto au monde. Gr\u00e2ce \u00e0 elle, AltSignals a aid\u00e9 de nombreux traders \u00e0 n\u00e9gocier diff\u00e9rents actifs et \u00e0 acqu\u00e9rir une exp\u00e9rience pertinente dans le trading des monnaies virtuelles.   <\/p>\n\n<p>La soci\u00e9t\u00e9 a r\u00e9cemment mis au point un logiciel unique appel\u00e9 AltAlgo. Cette solution est capable de fonctionner sur n&rsquo;importe quel march\u00e9 et d&rsquo;afficher des signaux d&rsquo;achat et de vente directement sur Tradingview, sur les graphiques et les \u00e9ch\u00e9ances des utilisateurs. Les utilisateurs n&rsquo;ont donc plus besoin de recourir \u00e0 des plateformes telles que Telegram pour recevoir des signaux d&rsquo;achat et de vente. Le logiciel est particuli\u00e8rement utile pour les nouveaux venus. Il leur suffit de copier les signaux donn\u00e9s par AltAlgo directement depuis TradingView.    <\/p>\n\n<p>AltSignals se concentre \u00e9galement sur la fourniture de contenu \u00e9ducatif li\u00e9 aux cryptocurrencies, au forex et \u00e0 la fa\u00e7on d&rsquo;am\u00e9liorer les strat\u00e9gies de trading. La raison principale derri\u00e8re cela est d&rsquo;aider les utilisateurs \u00e0 recevoir les informations n\u00e9cessaires s&rsquo;ils veulent trader sur ces march\u00e9s volatiles et passionnants. Bien que l&rsquo;industrie soit risqu\u00e9e et qu&rsquo;il y ait toujours des risques de volatilit\u00e9, un trader bien inform\u00e9 avec le soutien d&rsquo;une plateforme appropri\u00e9e a de meilleures chances d&rsquo;\u00eatre rentable.  <\/p>\n\n<p>AltSignals fonctionne sur la base d&rsquo;un mod\u00e8le d&rsquo;abonnement et a \u00e9galement adopt\u00e9 une approche holistique plut\u00f4t que dispers\u00e9e en fournissant une formation, une technologie et une expertise aux nouveaux venus ainsi qu&rsquo;aux traders experts. La soci\u00e9t\u00e9 est all\u00e9e dans la bonne direction en rendant la gestion d&rsquo;actifs facile \u00e0 comprendre pour tout le monde. <\/p>\n\n<div class=\"wp-block-columns is-layout-flex wp-container-core-columns-is-layout-9d6595d7 wp-block-columns-is-layout-flex\">\n<div class=\"wp-block-column is-layout-flow wp-block-column-is-layout-flow\">\n<div class=\"wp-block-media-text is-stacked-on-mobile is-vertically-aligned-top team-2-column has-small-font-size\" style=\"grid-template-columns:30% auto\"><figure class=\"wp-block-media-text__media\"><img decoding=\"async\" width=\"300\" height=\"300\" src=\"https:\/\/altsignals.io\/wp-content\/uploads\/2023\/12\/bartosh-300x300.jpg\" alt=\"\" class=\"wp-image-325 size-medium\" title=\"\" srcset=\"https:\/\/altsignals.io\/wp-content\/uploads\/2023\/12\/bartosh-300x300.jpg 300w, https:\/\/altsignals.io\/wp-content\/uploads\/2023\/12\/bartosh-150x150.jpg 150w, https:\/\/altsignals.io\/wp-content\/uploads\/2023\/12\/bartosh.jpg 500w\" sizes=\"(max-width: 300px) 100vw, 300px\" \/><\/figure><div class=\"wp-block-media-text__content\">\n<p>MrCode AKA Bartos est notre d\u00e9veloppeur de script de pin en chef, faisant partie d&rsquo;AltSignals depuis le printemps 2021. Il g\u00e8re tous nos codes\/scripts et maintient les indicateurs \u00e0 jour avec les derni\u00e8res conditions de march\u00e9 et technologies. En outre, il se concentre \u00e9galement sur la commercialisation de l&rsquo;AltAlgo aupr\u00e8s de nouveaux clients et les soutient en cas de besoin.  <br\/><br\/><em>&#8211; Bartos<\/em><\/p>\n<\/div><\/div>\n<\/div>\n\n\n\n<div class=\"wp-block-column is-layout-flow wp-block-column-is-layout-flow\">\n<div class=\"wp-block-media-text is-stacked-on-mobile is-vertically-aligned-top team-2-column has-small-font-size\" style=\"grid-template-columns:30% auto\"><figure class=\"wp-block-media-text__media\"><img decoding=\"async\" width=\"500\" height=\"500\" src=\"https:\/\/altsignals.io\/wp-content\/uploads\/2023\/12\/jc.jpg\" alt=\"\" class=\"wp-image-327 size-medium\" title=\"\" srcset=\"https:\/\/altsignals.io\/wp-content\/uploads\/2023\/12\/jc.jpg 500w, https:\/\/altsignals.io\/wp-content\/uploads\/2023\/12\/jc-300x300.jpg 300w, https:\/\/altsignals.io\/wp-content\/uploads\/2023\/12\/jc-150x150.jpg 150w\" sizes=\"(max-width: 500px) 100vw, 500px\" \/><\/figure><div class=\"wp-block-media-text__content\">\n<p>JC fait partie de l&rsquo;\u00e9quipe AltSignals depuis 2021, il est responsable de la maintenance de tous les canaux Altalgo et de l&rsquo;assistance technique AltAlgo en cas de besoin. En plus de cela, il g\u00e8re \u00e9galement des projets parall\u00e8les, car chez Altsignals, nous d\u00e9veloppons et am\u00e9liorons constamment nos outils et nos indicateurs. JC g\u00e8re \u00e9galement notre documentation (vid\u00e9o) pour aider les nouveaux utilisateurs \u00e0 trouver leur chemin apr\u00e8s avoir souscrit \u00e0 nos services.  <br\/><br\/><em>&#8211; Janick<\/em><\/p>\n<\/div><\/div>\n<\/div>\n<\/div>\n\n<div class=\"wp-block-columns is-layout-flex wp-container-core-columns-is-layout-9d6595d7 wp-block-columns-is-layout-flex\">\n<div class=\"wp-block-column is-layout-flow wp-block-column-is-layout-flow\">\n<div class=\"wp-block-media-text is-stacked-on-mobile is-vertically-aligned-top team-2-column has-small-font-size\" style=\"grid-template-columns:30% auto\"><figure class=\"wp-block-media-text__media\"><img decoding=\"async\" width=\"500\" height=\"500\" src=\"https:\/\/altsignals.io\/wp-content\/uploads\/2023\/12\/jordan.jpg\" alt=\"\" class=\"wp-image-331 size-medium\" title=\"\" srcset=\"https:\/\/altsignals.io\/wp-content\/uploads\/2023\/12\/jordan.jpg 500w, https:\/\/altsignals.io\/wp-content\/uploads\/2023\/12\/jordan-300x300.jpg 300w, https:\/\/altsignals.io\/wp-content\/uploads\/2023\/12\/jordan-150x150.jpg 150w\" sizes=\"(max-width: 500px) 100vw, 500px\" \/><\/figure><div class=\"wp-block-media-text__content\">\n<p>Jordan est notre contact financier principal et notre administratrice qui travaille avec AltSignals depuis 2020. Elle vous aidera pour tout ce qui concerne l&rsquo;adh\u00e9sion \u00e0 nos services. En outre, elle r\u00e9pondra \u00e0 toutes vos questions sur AltSignals et ce que nous avons \u00e0 offrir. Nous sommes connus pour notre support de premier ordre et Jordan en est la raison.   <br\/><br\/><em>&#8211; Jordanie<\/em><\/p>\n<\/div><\/div>\n<\/div>\n\n\n\n<div class=\"wp-block-column is-layout-flow wp-block-column-is-layout-flow\">\n<div class=\"wp-block-media-text is-stacked-on-mobile is-vertically-aligned-top team-2-column has-small-font-size\" style=\"grid-template-columns:30% auto\"><figure class=\"wp-block-media-text__media\"><img decoding=\"async\" width=\"500\" height=\"500\" src=\"https:\/\/altsignals.io\/wp-content\/uploads\/2023\/12\/rod.jpg\" alt=\"\" class=\"wp-image-329 size-medium\" title=\"\" srcset=\"https:\/\/altsignals.io\/wp-content\/uploads\/2023\/12\/rod.jpg 500w, https:\/\/altsignals.io\/wp-content\/uploads\/2023\/12\/rod-300x300.jpg 300w, https:\/\/altsignals.io\/wp-content\/uploads\/2023\/12\/rod-150x150.jpg 150w\" sizes=\"(max-width: 500px) 100vw, 500px\" \/><\/figure><div class=\"wp-block-media-text__content\">\n<p>Rod, le PDG d&rsquo;AltSignals, dirige les op\u00e9rations depuis 2018, avec une passion pour l&rsquo;am\u00e9lioration continue des services de trading offerts. Rod a pass\u00e9 la majorit\u00e9 de son temps sur le d\u00e9veloppement de produits au sein de la soci\u00e9t\u00e9, am\u00e9liorant l&rsquo;algorithme propri\u00e9taire AltAlgo et g\u00e9rant le personnel. <br\/><br\/><em>&#8211; Tige<\/em><\/p>\n<\/div><\/div>\n<\/div>\n<\/div>\n","protected":false},"excerpt":{"rendered":"<p>AltSignals a \u00e9t\u00e9 cr\u00e9\u00e9 par une \u00e9quipe de traders et d&rsquo;entrepreneurs qui souhaitaient apporter de la transparence, de la confiance et de la coh\u00e9rence au march\u00e9 des crypto-monnaies. L&rsquo;approche d&rsquo;AltSignals est de se concentrer sur les traders en leur fournissant un contenu \u00e9ducatif, la technologie n\u00e9cessaire et une expertise unique pour \u00eatre en mesure d&rsquo;\u00eatre [&hellip;]<\/p>\n","protected":false},"author":1,"featured_media":325,"parent":0,"menu_order":0,"comment_status":"closed","ping_status":"closed","template":"","meta":{"_acf_changed":false,"footnotes":""},"class_list":["post-38949","page","type-page","status-publish","has-post-thumbnail","hentry"],"acf":[],"_links":{"self":[{"href":"https:\/\/altsignals.io\/fr\/wp-json\/wp\/v2\/pages\/38949","targetHints":{"allow":["GET"]}}],"collection":[{"href":"https:\/\/altsignals.io\/fr\/wp-json\/wp\/v2\/pages"}],"about":[{"href":"https:\/\/altsignals.io\/fr\/wp-json\/wp\/v2\/types\/page"}],"author":[{"embeddable":true,"href":"https:\/\/altsignals.io\/fr\/wp-json\/wp\/v2\/users\/1"}],"replies":[{"embeddable":true,"href":"https:\/\/altsignals.io\/fr\/wp-json\/wp\/v2\/comments?post=38949"}],"version-history":[{"count":2,"href":"https:\/\/altsignals.io\/fr\/wp-json\/wp\/v2\/pages\/38949\/revisions"}],"predecessor-version":[{"id":40866,"href":"https:\/\/altsignals.io\/fr\/wp-json\/wp\/v2\/pages\/38949\/revisions\/40866"}],"wp:featuredmedia":[{"embeddable":true,"href":"https:\/\/altsignals.io\/fr\/wp-json\/wp\/v2\/media\/325"}],"wp:attachment":[{"href":"https:\/\/altsignals.io\/fr\/wp-json\/wp\/v2\/media?parent=38949"}],"curies":[{"name":"wp","href":"https:\/\/api.w.org\/{rel}","templated":true}]}}