{"id":99063,"date":"2026-02-12T13:40:11","date_gmt":"2026-02-12T13:40:11","guid":{"rendered":"https:\/\/altsignals.io\/camp-dentrainement-a-la-negociation"},"modified":"2026-03-31T15:12:06","modified_gmt":"2026-03-31T15:12:06","slug":"course","status":"publish","type":"page","link":"https:\/\/altsignals.io\/fr\/course","title":{"rendered":"Camp d&rsquo;entra\u00eenement \u00e0 la n\u00e9gociation"},"content":{"rendered":"","protected":false},"excerpt":{"rendered":"","protected":false},"author":3511,"featured_media":0,"parent":0,"menu_order":0,"comment_status":"closed","ping_status":"closed","template":"page-trading-program.php","meta":{"_acf_changed":false,"footnotes":""},"class_list":["post-99063","page","type-page","status-publish","hentry"],"acf":[],"_links":{"self":[{"href":"https:\/\/altsignals.io\/fr\/wp-json\/wp\/v2\/pages\/99063","targetHints":{"allow":["GET"]}}],"collection":[{"href":"https:\/\/altsignals.io\/fr\/wp-json\/wp\/v2\/pages"}],"about":[{"href":"https:\/\/altsignals.io\/fr\/wp-json\/wp\/v2\/types\/page"}],"author":[{"embeddable":true,"href":"https:\/\/altsignals.io\/fr\/wp-json\/wp\/v2\/users\/3511"}],"replies":[{"embeddable":true,"href":"https:\/\/altsignals.io\/fr\/wp-json\/wp\/v2\/comments?post=99063"}],"version-history":[{"count":1,"href":"https:\/\/altsignals.io\/fr\/wp-json\/wp\/v2\/pages\/99063\/revisions"}],"predecessor-version":[{"id":99068,"href":"https:\/\/altsignals.io\/fr\/wp-json\/wp\/v2\/pages\/99063\/revisions\/99068"}],"wp:attachment":[{"href":"https:\/\/altsignals.io\/fr\/wp-json\/wp\/v2\/media?parent=99063"}],"curies":[{"name":"wp","href":"https:\/\/api.w.org\/{rel}","templated":true}]}}