{"id":38155,"date":"2023-12-21T13:51:26","date_gmt":"2023-12-21T13:51:26","guid":{"rendered":"https:\/\/altsignals.io\/perche-altsignals"},"modified":"2025-04-07T04:39:28","modified_gmt":"2025-04-07T04:39:28","slug":"perche-altsignals","status":"publish","type":"page","link":"https:\/\/altsignals.io\/it\/perche-altsignals","title":{"rendered":"Perch\u00e9 <span>AltSignals?<\/span>"},"content":{"rendered":"\n<h2 class=\"wp-block-heading has-text-align-center\">Se sei un trader esperto o hai appena iniziato, unirti ad AltSignals ti dar\u00e0 l&#8217;opportunit\u00e0 di ottenere buoni profitti e di perfezionare le tue abilit\u00e0 di trading.<\/h2>\n\n<div class=\"wp-block-media-text is-stacked-on-mobile\"><figure class=\"wp-block-media-text__media\"><img decoding=\"async\" src=\"https:\/\/altsignals.io\/wp-content\/uploads\/2023\/12\/why1.svg\" alt=\"\" class=\"wp-image-566 size-full\" title=\"\"><\/figure><div class=\"wp-block-media-text__content\">\n<h3 class=\"wp-block-heading\">Leader nei segnali di criptovaluta<\/h3>\n\n\n\n<p>Potresti aver letto in passato di segnali Bitcoin e Crypto ma non hai mai capito cosa significhi? I segnali possono includere vari argomenti relativi al Bitcoin e alle Altcoin che vanno dai servizi di analisi, ai segnali e alla gestione e analisi del portafoglio. <\/p>\n\n\n\n<p>Molti dei migliori siti web e fornitori di segnali sul web e su Telegram ti offriranno dei servizi ma con un costo per servizio. Noi di AltSignals non solo offriamo singoli pacchetti che saranno economicamente vantaggiosi, ma che includono tutto, se non di pi\u00f9, di ci\u00f2 che gli altri possono offrire. Il nostro obiettivo \u00e8 che tu abbia successo e che tu abbia un&#8217;attivit\u00e0 di profitto e non di prosciugamento del portafoglio.  <\/p>\n<\/div><\/div>\n\n<div class=\"wp-block-media-text has-media-on-the-right is-stacked-on-mobile\"><div class=\"wp-block-media-text__content\">\n<h3 class=\"wp-block-heading\">La nostra analisi dei tuoi profitti<\/h3>\n\n\n\n<p>Il mercato delle criptovalute funziona in modo simile a quello delle azioni e del mercato forex. Pi\u00f9 si investe e maggiori sono i guadagni. Molti fornitori di segnali per le criptovalute pubblicizzano l&#8217;aumento dei profitti del 100% in un mese, ma non si tratta di cifre precise perch\u00e9 il mercato crea opportunit\u00e0 diverse su base mensile.  <\/p>\n\n\n\n<p>Spesso i fornitori di segnali per le criptovalute forniscono un segnale solo dopo aver inserito la propria posizione per approfittare del movimento di mercato del segnale a loro vantaggio. Noi di AltSignals abbiamo un bot su telegram che ti permette di entrare in posizione contemporaneamente a noi per assicurarti di guadagnare con noi! <\/p>\n<\/div><figure class=\"wp-block-media-text__media\"><img decoding=\"async\" src=\"https:\/\/altsignals.io\/wp-content\/uploads\/2023\/12\/why2.svg\" alt=\"\" class=\"wp-image-567 size-full\" title=\"\"><\/figure><\/div>\n\n<div class=\"wp-block-media-text is-stacked-on-mobile\"><figure class=\"wp-block-media-text__media\"><img decoding=\"async\" src=\"https:\/\/altsignals.io\/wp-content\/uploads\/2023\/12\/why1.svg\" alt=\"\" class=\"wp-image-566 size-full\" title=\"\"><\/figure><div class=\"wp-block-media-text__content\">\n<h3 class=\"wp-block-heading\">Qualit\u00e0 pi\u00f9 che quantit\u00e0<\/h3>\n\n\n\n<p>Noi di AltSignals garantiamo la qualit\u00e0 delle operazioni che forniamo. Che si tratti di criptovalute o di Forex, effettuiamo analisi approfondite per ogni trade. Questo significa che forniremo solo operazioni e analisi della massima qualit\u00e0 possibile alle nostre capacit\u00e0.  <\/p>\n\n\n\n<p>A differenza di altri fornitori di segnali, noi preferiamo non fornire un segnale piuttosto che limitarci a farlo per intrattenere i nostri membri se la qualit\u00e0 dell&#8217;operazione non soddisfa i nostri standard. I nostri trader sono specialisti strategici e offrono un aiuto pi\u00f9 profondo e personale a chi cerca tattiche di gestione nell&#8217;ambito del portafoglio. <\/p>\n<\/div><\/div>\n\n<div class=\"wp-block-columns features-4-columns is-layout-flex wp-container-core-columns-is-layout-9d6595d7 wp-block-columns-is-layout-flex\">\n<div class=\"wp-block-column is-layout-flow wp-block-column-is-layout-flow\"><div class=\"wp-block-image\">\n<figure class=\"aligncenter size-full is-resized\"><img decoding=\"async\" width=\"232\" height=\"232\" src=\"https:\/\/altsignals.io\/wp-content\/uploads\/2023\/12\/risk-management-features.png\" alt=\"\" class=\"wp-image-574\" style=\"width:180px\" title=\"\" srcset=\"https:\/\/altsignals.io\/wp-content\/uploads\/2023\/12\/risk-management-features.png 232w, https:\/\/altsignals.io\/wp-content\/uploads\/2023\/12\/risk-management-features-150x150.png 150w\" sizes=\"(max-width: 232px) 100vw, 232px\" \/><\/figure>\n<\/div>\n\n\n<p class=\"has-text-align-center\"><strong>Caratteristiche della gestione del rischio<\/strong><\/p>\n<\/div>\n\n\n\n<div class=\"wp-block-column is-layout-flow wp-block-column-is-layout-flow\"><div class=\"wp-block-image\">\n<figure class=\"aligncenter size-full is-resized\"><img decoding=\"async\" width=\"232\" height=\"232\" src=\"https:\/\/altsignals.io\/wp-content\/uploads\/2023\/12\/trading-guides.png\" alt=\"\" class=\"wp-image-575\" style=\"width:180px\" title=\"\" srcset=\"https:\/\/altsignals.io\/wp-content\/uploads\/2023\/12\/trading-guides.png 232w, https:\/\/altsignals.io\/wp-content\/uploads\/2023\/12\/trading-guides-150x150.png 150w\" sizes=\"(max-width: 232px) 100vw, 232px\" \/><\/figure>\n<\/div>\n\n\n<p class=\"has-text-align-center\"><strong>Guide al trading sul nostro sito web<\/strong><\/p>\n<\/div>\n\n\n\n<div class=\"wp-block-column is-layout-flow wp-block-column-is-layout-flow\"><div class=\"wp-block-image\">\n<figure class=\"aligncenter size-full is-resized\"><img decoding=\"async\" width=\"232\" height=\"232\" src=\"https:\/\/altsignals.io\/wp-content\/uploads\/2023\/12\/markets-and-timeframes.png\" alt=\"\" class=\"wp-image-576\" style=\"width:180px\" title=\"\" srcset=\"https:\/\/altsignals.io\/wp-content\/uploads\/2023\/12\/markets-and-timeframes.png 232w, https:\/\/altsignals.io\/wp-content\/uploads\/2023\/12\/markets-and-timeframes-150x150.png 150w\" sizes=\"(max-width: 232px) 100vw, 232px\" \/><\/figure>\n<\/div>\n\n\n<p class=\"has-text-align-center\"><strong>Funziona su tutti i mercati e su tutti i periodi di tempo<\/strong><\/p>\n<\/div>\n\n\n\n<div class=\"wp-block-column is-layout-flow wp-block-column-is-layout-flow\"><div class=\"wp-block-image\">\n<figure class=\"aligncenter size-full is-resized\"><img decoding=\"async\" width=\"232\" height=\"232\" src=\"https:\/\/altsignals.io\/wp-content\/uploads\/2023\/12\/robust-trading-indicator.png\" alt=\"\" class=\"wp-image-577\" style=\"width:180px\" title=\"\" srcset=\"https:\/\/altsignals.io\/wp-content\/uploads\/2023\/12\/robust-trading-indicator.png 232w, https:\/\/altsignals.io\/wp-content\/uploads\/2023\/12\/robust-trading-indicator-150x150.png 150w\" sizes=\"(max-width: 232px) 100vw, 232px\" \/><\/figure>\n<\/div>\n\n\n<p class=\"has-text-align-center\"><strong>Un robusto indicatore di trading presto disponibile sul mercato<\/strong><\/p>\n<\/div>\n<\/div>\n\n<div class=\"wp-block-columns features-4-columns is-layout-flex wp-container-core-columns-is-layout-9d6595d7 wp-block-columns-is-layout-flex\">\n<div class=\"wp-block-column is-layout-flow wp-block-column-is-layout-flow\"><div class=\"wp-block-image\">\n<figure class=\"aligncenter size-full is-resized\"><img decoding=\"async\" width=\"232\" height=\"232\" src=\"https:\/\/altsignals.io\/wp-content\/uploads\/2023\/12\/signals-support.png\" alt=\"\" class=\"wp-image-580\" style=\"width:180px\" title=\"\" srcset=\"https:\/\/altsignals.io\/wp-content\/uploads\/2023\/12\/signals-support.png 232w, https:\/\/altsignals.io\/wp-content\/uploads\/2023\/12\/signals-support-150x150.png 150w\" sizes=\"(max-width: 232px) 100vw, 232px\" \/><\/figure>\n<\/div>\n\n\n<p class=\"has-text-align-center\"><strong>I nostri segnali supportano la maggior parte delle coppie di trading<\/strong><\/p>\n<\/div>\n\n\n\n<div class=\"wp-block-column is-layout-flow wp-block-column-is-layout-flow\"><div class=\"wp-block-image\">\n<figure class=\"aligncenter size-full is-resized\"><img decoding=\"async\" width=\"232\" height=\"232\" src=\"https:\/\/altsignals.io\/wp-content\/uploads\/2023\/12\/quality-over-quantity.png\" alt=\"\" class=\"wp-image-581\" style=\"width:180px\" title=\"\" srcset=\"https:\/\/altsignals.io\/wp-content\/uploads\/2023\/12\/quality-over-quantity.png 232w, https:\/\/altsignals.io\/wp-content\/uploads\/2023\/12\/quality-over-quantity-150x150.png 150w\" sizes=\"(max-width: 232px) 100vw, 232px\" \/><\/figure>\n<\/div>\n\n\n<p class=\"has-text-align-center\"><strong>Inviamo solo qualit\u00e0 piuttosto che quantit\u00e0<\/strong><\/p>\n<\/div>\n\n\n\n<div class=\"wp-block-column is-layout-flow wp-block-column-is-layout-flow\"><div class=\"wp-block-image\">\n<figure class=\"aligncenter size-full is-resized\"><img decoding=\"async\" width=\"232\" height=\"232\" src=\"https:\/\/altsignals.io\/wp-content\/uploads\/2023\/12\/monthly-fee.png\" alt=\"\" class=\"wp-image-582\" style=\"width:180px\" title=\"\" srcset=\"https:\/\/altsignals.io\/wp-content\/uploads\/2023\/12\/monthly-fee.png 232w, https:\/\/altsignals.io\/wp-content\/uploads\/2023\/12\/monthly-fee-150x150.png 150w\" sizes=\"(max-width: 232px) 100vw, 232px\" \/><\/figure>\n<\/div>\n\n\n<p class=\"has-text-align-center\"><strong>Il nostro canone mensile \u00e8 trasparente ed equo<\/strong><\/p>\n<\/div>\n\n\n\n<div class=\"wp-block-column is-layout-flow wp-block-column-is-layout-flow\"><div class=\"wp-block-image\">\n<figure class=\"aligncenter size-full is-resized\"><img decoding=\"async\" width=\"232\" height=\"232\" src=\"https:\/\/altsignals.io\/wp-content\/uploads\/2023\/12\/perfect-for-beginners.png\" alt=\"\" class=\"wp-image-583\" style=\"width:180px\" title=\"\" srcset=\"https:\/\/altsignals.io\/wp-content\/uploads\/2023\/12\/perfect-for-beginners.png 232w, https:\/\/altsignals.io\/wp-content\/uploads\/2023\/12\/perfect-for-beginners-150x150.png 150w\" sizes=\"(max-width: 232px) 100vw, 232px\" \/><\/figure>\n<\/div>\n\n\n<p class=\"has-text-align-center\"><strong>Perfetto per i principianti e per chi ha un lavoro giornaliero<\/strong><\/p>\n<\/div>\n<\/div>\n","protected":false},"excerpt":{"rendered":"<p>Se sei un trader esperto o hai appena iniziato, unirti ad AltSignals ti dar\u00e0 l&#8217;opportunit\u00e0 di ottenere buoni profitti e di perfezionare le tue abilit\u00e0 di trading. Leader nei segnali di criptovaluta Potresti aver letto in passato di segnali Bitcoin e Crypto ma non hai mai capito cosa significhi? I segnali possono includere vari argomenti [&hellip;]<\/p>\n","protected":false},"author":1,"featured_media":566,"parent":0,"menu_order":0,"comment_status":"closed","ping_status":"closed","template":"","meta":{"_acf_changed":false,"footnotes":""},"page_category":[],"class_list":["post-38155","page","type-page","status-publish","has-post-thumbnail","hentry"],"acf":[],"_links":{"self":[{"href":"https:\/\/altsignals.io\/it\/wp-json\/wp\/v2\/pages\/38155","targetHints":{"allow":["GET"]}}],"collection":[{"href":"https:\/\/altsignals.io\/it\/wp-json\/wp\/v2\/pages"}],"about":[{"href":"https:\/\/altsignals.io\/it\/wp-json\/wp\/v2\/types\/page"}],"author":[{"embeddable":true,"href":"https:\/\/altsignals.io\/it\/wp-json\/wp\/v2\/users\/1"}],"replies":[{"embeddable":true,"href":"https:\/\/altsignals.io\/it\/wp-json\/wp\/v2\/comments?post=38155"}],"version-history":[{"count":1,"href":"https:\/\/altsignals.io\/it\/wp-json\/wp\/v2\/pages\/38155\/revisions"}],"predecessor-version":[{"id":38168,"href":"https:\/\/altsignals.io\/it\/wp-json\/wp\/v2\/pages\/38155\/revisions\/38168"}],"wp:featuredmedia":[{"embeddable":true,"href":"https:\/\/altsignals.io\/it\/wp-json\/wp\/v2\/media\/566"}],"wp:attachment":[{"href":"https:\/\/altsignals.io\/it\/wp-json\/wp\/v2\/media?parent=38155"}],"wp:term":[{"taxonomy":"page_category","embeddable":true,"href":"https:\/\/altsignals.io\/it\/wp-json\/wp\/v2\/page_category?post=38155"}],"curies":[{"name":"wp","href":"https:\/\/api.w.org\/{rel}","templated":true}]}}