{"id":38277,"date":"2024-01-05T08:00:09","date_gmt":"2024-01-05T08:00:09","guid":{"rendered":"https:\/\/altsignals.io\/termini-di-servizio"},"modified":"2025-05-21T03:52:38","modified_gmt":"2025-05-21T03:52:38","slug":"terms-of-service","status":"publish","type":"page","link":"https:\/\/altsignals.io\/it\/terms-of-service","title":{"rendered":"Termini di <span>servizio<\/span>"},"content":{"rendered":"\n<h2 class=\"wp-block-heading\">Condizioni generali dei Termini di servizio<\/h2>\n\n<p>AltSignals ha definito i seguenti termini di servizio (di seguito &#8220;ToS&#8221;) come una serie di regole generali che devono essere rispettate quando si accede al nostro sito web,<a href=\"http:\/\/altsignals.io\/\">&#8220;http:\/\/altsignals.io&#8221;,<\/a>nonch\u00e9 a qualsiasi suo prodotto e servizio (di seguito, comunemente, &#8220;il Sito web&#8221;). L&#8217;osservanza di questi ToS \u00e8 una tua responsabilit\u00e0 in quanto utente, pertanto assicurati di averli letti integralmente e di averli compresi prima di utilizzare il Sito web. L&#8217;utilizzo del Sito web implica l&#8217;accettazione implicita dei ToS e delle altre linee guida associate. Alcuni aspetti del Sito web possono richiedere ulteriori ToS e l&#8217;uso di tali prodotti e servizi implica l&#8217;accettazione dei loro ToS specifici.   <\/p>\n\n<p>Qualsiasi parte dei presenti ToS pu\u00f2 essere aggiornata in qualsiasi momento senza preavviso. Tali aggiornamenti saranno pubblicati sul Sito web in modo pubblicamente accessibile. L&#8217;uso continuato del Sito web implica l&#8217;accettazione di tutte le modifiche ai presenti Termini e condizioni d&#8217;uso, pertanto \u00e8 tua responsabilit\u00e0 rimanere aggiornato.  <\/p>\n\n<h2 class=\"wp-block-heading\">Chi siamo<\/h2>\n\n<p>Questo Sito web \u00e8 stato realizzato e viene amministrato da AltSignals LTD. (di seguito denominata &#8220;AltSignals LTD&#8221;), una societ\u00e0 privata con sede in Scozia, nel Regno Unito, che porta lo stesso nome. Eventuali domande o dubbi sui presenti ToS, sul Sito web o sulla Societ\u00e0 stessa possono essere inviati tramite <a href=\"https:\/\/altsignals.io\/it\/contact\">il modulo di contatto<\/a>.<\/p>\n\n<p>L&#8217;obiettivo principale della Societ\u00e0 \u00e8 questo Sito web, per il quale si applicano tutti i ToS. Oltre a questo, la Societ\u00e0 pu\u00f2 gestire altri siti web associati e altre entit\u00e0 su Internet. Se non diversamente indicato, i presenti ToS regolano anche l&#8217;utilizzo di questi siti. Questo Sito web \u00e8 un&#8217;impresa privata e non \u00e8 stato approvato da alcuna agenzia di regolamentazione finanziaria pubblica.   <\/p>\n\n<h2 class=\"wp-block-heading\">La propriet\u00e0 intellettuale dell&#8217;Azienda e il modo in cui si riferisce all&#8217;utilizzo del Sito da parte dell&#8217;utente<\/h2>\n\n<p>I prodotti e i servizi che la Societ\u00e0 offre su questo Sito web e sui canali Telegram associati sono offerti &#8220;cos\u00ec come sono&#8221; per l&#8217;uso personale dell&#8217;utente. Gli strumenti inclusi non possono essere utilizzati da, n\u00e9 le informazioni diffuse ad altri, senza il previo consenso della Societ\u00e0. I consulenti di trading e tecnologici possono utilizzare il Sito come fonte di informazioni per aiutare i propri clienti, in quanto ci\u00f2 non \u00e8 considerato una violazione della clausola di cui sopra. Per tutti gli altri usi non personali \u00e8 necessario un consenso scritto, disponibile tramite <a href=\"https:\/\/altsignals.io\/it\/contact\">il modulo di contatto<\/a>. <\/p>\n\n<p>La Societ\u00e0 si riserva il diritto di modificare, alterare, aggiornare, declassare o vietare l&#8217;accesso al Sito web in qualsiasi momento, senza alcun preavviso, per qualsiasi ragione ritenga opportuna. Allo stesso modo, la violazione di uno qualsiasi dei presenti ToS pu\u00f2 comportare la sospensione o l&#8217;eliminazione dell&#8217;account senza preavviso. La Societ\u00e0 non riconosce alcun obbligo di fornire &#8220;avvertimenti&#8221; agli utenti che abusano del loro diritto di utilizzare il Sito web.  <\/p>\n\n<p>Si presume che la Societ\u00e0 sia titolare dei diritti d&#8217;autore e di tutti gli altri diritti di Propriet\u00e0 Intellettuale (di seguito &#8220;PI&#8221;) applicabili a tutti i contenuti del Sito web e dei prodotti offerti. Tali diritti di propriet\u00e0 intellettuale riguardano il &#8220;look and feel&#8221;, la tassonomia, la grafica, i documenti e tutte le copie presenti sul Sito. Inoltre, tali diritti coprono le informazioni offerte in altri prodotti di propriet\u00e0 e gestiti dalla Societ\u00e0, salvo diversa indicazione.  <\/p>\n\n<p>Oltre al contenuto di questo Sito web, anche tutti i materiali scaricabili prodotti dalla Societ\u00e0 sono coperti dalla suddetta clausola di propriet\u00e0 intellettuale. Se non diversamente indicato, la Societ\u00e0 proibisce rigorosamente la distribuzione commerciale, la modifica, la concessione di nuove licenze o altri usi di tali documenti e altri prodotti senza previa autorizzazione. Tali materiali possono tuttavia essere utilizzati in base alla dottrina del &#8220;fair use&#8221; personale, a condizione che venga dato credito alla Societ\u00e0 e\/o al Sito web.  <\/p>\n\n<p>Questo sito web esiste per diffondere informazioni utili ai suoi clienti. I clienti sono responsabili dell&#8217;uso che fanno di tali informazioni. Pertanto, tutte le informazioni fornite ai clienti sono soggette alle seguenti condizioni: Gli utenti non possono riutilizzare, citare o estrapolare le informazioni fornite dall&#8217;Azienda in modo da far sembrare che l&#8217;Azienda stia raccomandando o sostenendo in altro modo un determinato punto di vista o che condivida un punto di vista comune con l&#8217;utente. Inoltre, agli utenti \u00e8 vietato presentare contenuti della Societ\u00e0 che sembrino sostenere o appoggiare qualsiasi prodotto o servizio, sia esso proprio o di altri.   <\/p>\n\n<p>La Societ\u00e0 fornisce rapporti di mercato attraverso diversi meccanismi. I clienti del Sito web non possono alterare tali rapporti &#8211; eliminando o aggiungendo contenuti &#8211; in alcun modo che possa far apparire i materiali come un&#8217;approvazione o una sanzione da parte della Societ\u00e0. Come gi\u00e0 detto, la condivisione delle informazioni della Societ\u00e0 \u00e8 consentita a condizione che venga dato credito alla Societ\u00e0; in nessun caso le informazioni della Societ\u00e0 possono essere rappresentate come opera propria del Cliente.  <\/p>\n\n<p>I clienti accettano inoltre di non utilizzare parti dei rapporti o di altri contenuti del Sito web come parte di qualsiasi trama o schema illegale, abusivo o dannoso in qualsiasi modo. Ci\u00f2 include, a titolo esemplificativo ma non esaustivo, la diffamazione dell&#8217;Azienda, del Sito web, dei suoi lavoratori, della sua IP o degli altri clienti. <\/p>\n\n<h2 class=\"wp-block-heading\">La responsabilit\u00e0 della Societ\u00e0 nei confronti dell&#8217;utente<\/h2>\n\n<p>La Societ\u00e0 fornisce questo Sito web e i prodotti e servizi ad esso associati come fonte di informazioni per il mercato delle criptovalute e nient&#8217;altro. In quanto tale, la Societ\u00e0 fa tutto il possibile per assicurarsi che le informazioni contenute nel Sito web &#8211; cos\u00ec come quelle incluse nei suoi prodotti e servizi &#8211; siano aggiornate, accurate e utili. Tuttavia, la Societ\u00e0 non offre alcuna garanzia, implicita o altrimenti articolata, che tali informazioni siano affidabili o complete. Queste condizioni &#8220;cos\u00ec come sono&#8221; regolano anche le comunicazioni di consulenti, partner, consiglieri, agenti e\/o qualsiasi altra persona collegata alla Societ\u00e0. Inoltre, gli utenti non riterranno la Societ\u00e0 responsabile delle informazioni fornite da terzi. Ci\u00f2 include note, articoli, pubblicit\u00e0 e qualsiasi altro contenuto che non sia sotto il diretto controllo della Societ\u00e0.     <\/p>\n\n<p>Inoltre, gli Utenti non possono ritenere la Societ\u00e0 responsabile per i danni che possono derivare dall&#8217;uso (o dal mancato uso) dei servizi della Societ\u00e0. Ci\u00f2 include, a titolo esemplificativo e non esaustivo, sia le perdite finanziarie che le perdite di affari. La presente clausola copre tutti i servizi della Societ\u00e0, compresi, a titolo esemplificativo e non esaustivo, i segnali Telegram, i canali, i bot di trading, gli indicatori di trading, i report e tutti i prodotti associati. Come sopra, tutte le informazioni e i servizi sono offerti &#8220;cos\u00ec come sono&#8221; senza alcuna garanzia implicita.   <\/p>\n\n<p>I nostri ToS non escludono o limitano alcuna responsabilit\u00e0 dell&#8217;Azienda nei confronti dei suoi clienti per il ruolo che essa pu\u00f2 svolgere in caso di lesioni personali o morte degli stessi a causa della negligenza dell&#8217;Azienda, di frodi esplicite e di dichiarazioni fraudolente da parte nostra, n\u00e9 di qualsiasi altra azione o circostanza in cui sarebbe illegale per l&#8217;Azienda escludere o tentare di escludere la responsabilit\u00e0 da parte nostra.<\/p>\n\n<h2 class=\"wp-block-heading\">Questo sito web<\/h2>\n\n<p>La Societ\u00e0 segue tutte le migliori pratiche attuali per garantire che il Sito web &#8211; AltSignals. io &#8211; sia disponibile a chiunque in ogni momento della giornata. La Societ\u00e0, tuttavia, non si assume alcuna responsabilit\u00e0 per ci\u00f2 che pu\u00f2 accadere se e quando il Sito web non \u00e8 disponibile per un utente. Pertanto, la Societ\u00e0 non fornisce alcuna garanzia in merito alla sua disponibilit\u00e0. Allo stesso modo, la Societ\u00e0 non pu\u00f2 garantire che il Sito sia sempre privo di elementi distruttivi o difettosi. Questi includono, a titolo esemplificativo ma non esaustivo, virus, malware e altri agenti digitali dannosi.     <\/p>\n\n<p>Pur sforzandosi di rendere il Sito web accessibile al maggior numero di persone possibile, la Societ\u00e0 non pu\u00f2 garantire che sia compatibile con il browser, la versione di Telegram o qualsiasi altro software dell&#8217;utente. Inoltre, la Societ\u00e0 non pu\u00f2 garantire che il Sito web e tutti i suoi servizi funzionino con tutti i dispositivi e sistemi operativi. \u00c8 responsabilit\u00e0 dell&#8217;utente assicurarsi di utilizzare piattaforme compatibili con il Sito web e i suoi prodotti, come indicato nelle FAQ del Sito web.  <\/p>\n\n<p>Occasionalmente i contenuti del Sito web rimandano a contenuti di altri siti. L&#8217;utente non riterr\u00e0 la Societ\u00e0 responsabile del contenuto di tali siti, n\u00e9 di altri elementi di terze parti collegati al Sito web dalla Societ\u00e0 o da terzi. <\/p>\n\n<h2 class=\"wp-block-heading\">I dati e le indicazioni presentate in questo sito web<\/h2>\n\n<p>Gli utenti devono tenere presente che la Societ\u00e0 non \u00e8 governata dalla FCA n\u00e9 da altri gruppi di controllo governativi. I servizi forniti dalla Societ\u00e0 tramite il Sito web e tutti gli altri suoi servizi sono offerti &#8220;cos\u00ec come sono&#8221; in base ai Termini di cui sopra e sono disciplinati esclusivamente dai presenti ToS. <\/p>\n\n<p>Questo sito web \u00e8 un apparato informativo e applicativo. \u00c8 pensato come una risorsa di uso generale, non come un agente di consulenza per il proprio futuro finanziario. Per questo motivo, le informazioni presentate sono di natura &#8220;generale&#8221; e non raccomandano prodotti o servizi finanziari specifici. La Societ\u00e0 raccomanda ai propri clienti di rivolgersi a un consulente finanziario professionista per questioni specifiche che esulano dall&#8217;ambito di questo sito web.   <\/p>\n\n<p>Per questo motivo, gli utenti non devono utilizzare le informazioni fornite da questo sito web come unico fattore per prendere decisioni relative all&#8217;acquisto, alla vendita o alla negoziazione di prodotti finanziari.  <\/p>\n\n<p>Tutte le informazioni presentate su questo Sito web o attraverso i suoi prodotti devono essere considerate come onnicomprensive e complete. La Societ\u00e0, i suoi dipendenti e i suoi consulenti non hanno l&#8217;obbligo di fornire ulteriori dettagli o altre informazioni aggiuntive rispetto a quelle inizialmente offerte. Man mano che vengono rese disponibili nuove informazioni, alcuni contenuti possono essere aggiornati secondo necessit\u00e0, tuttavia la Societ\u00e0 non \u00e8 in alcun modo obbligata a includere tutti gli aggiornamenti applicabili in qualsiasi momento. Inoltre, la Societ\u00e0 non ha l&#8217;obbligo di aggiornare alcun contenuto specifico, in quanto tutte le decisioni di aggiornamento sono prese a discrezione dei dipendenti della Societ\u00e0.   <\/p>\n\n<p>Questo sito web \u00e8 destinato a un pubblico di utenti privati e non di professionisti della finanza. Non \u00e8 inteso come strumento per gli investitori al dettaglio e, pertanto, questi professionisti non dovrebbero utilizzare i contenuti del Sito per questioni finanziarie professionali. Ai fini di questo Sito web, i professionisti della finanza sono tenuti a rispettare gli stessi ToS degli altri utenti e, in quanto tali, sono disciplinati dai termini di responsabilit\u00e0 sopra indicati.  <\/p>\n\n<h2 class=\"wp-block-heading\">Contratti online tramite AltSignals<\/h2>\n\n<p>Di tanto in tanto i contenuti del Sito web possono rimandare gli utenti a consulenti e altri professionisti di terze parti. Nel caso in cui un utente si trovi nella necessit\u00e0 di stipulare un contratto con una terza parte presente sul Sito, \u00e8 suo compito assicurarsi che tali contratti siano equi, chiari e giuridicamente inequivocabili. Inoltre, nel caso in cui l&#8217;utente dovesse trovarsi in una situazione di confusione, \u00e8 suo compito trovare e sfruttare qualsiasi consulenza legale necessaria. I servizi digitali offerti dagli appaltatori tramite il presente Sito web sono tutti inclusi e non \u00e8 previsto alcun costo aggiuntivo, a meno che non sia indicato diversamente.   <\/p>\n\n<h2 class=\"wp-block-heading\">Rimborsi e restituzioni<\/h2>\n\n<p>Gli abbonamenti includono l&#8217;accesso a tutti i contenuti del Sito web, compresi report, strumenti, consigli, documentazione e altri elementi. Questi componenti, se presi insieme come parte di un abbonamento, equivalgono a un &#8220;bene digitale&#8221; e come tali sono esenti da rimborsi ai sensi della legislazione UE. <\/p>\n\n<p>Nell&#8217;interesse della buona fede e del servizio clienti, tuttavia, l&#8217;utente pu\u00f2 comunque presentare una richiesta di rimborso che, se approvata, verr\u00e0 solitamente effettuata entro 24 ore dal momento dell&#8217;acquisto dell&#8217;abbonamento o di altri beni digitali. I mensili possono avere una politica di rimborso di 24 ore. I trimestrali e gli annuali non prevedono alcuna politica di rimborso a causa della natura dei nostri prodotti.  <br\/><br\/>Gli utenti o i clienti che spammano, molestano, abusano o in generale sono aggressivamente maleducati nei confronti del personale non hanno diritto al rimborso.<\/p>\n\n<p>In caso di pagamento con carta di credito, il rimborso verr\u00e0 effettuato sulla carta di pagamento utilizzata. In caso di pagamento in criptovaluta, gli utenti riceveranno un rimborso nella stessa criptovaluta utilizzata al momento dell&#8217;acquisto e l&#8217;importo ricevuto sar\u00e0 equivalente in euro alla data dell&#8217;acquisto originale. <\/p>\n\n<p>A causa della natura dei nostri servizi, non offriamo la possibilit\u00e0 di scambiare abbonamenti di qualsiasi durata. Se non sei sicuro prima dell&#8217;acquisto, puoi contattare il nostro supporto o lasciarci un&#8217;e-mail. <\/p>\n\n<p>Una richiesta di rimborso di qualsiasi tipo pu\u00f2 essere inoltrata tramite <a href=\"https:\/\/altsignals.io\/it\/contact\">il modulo di contatto<\/a>. Questo indirizzo e-mail pu\u00f2 essere utilizzato anche nel caso in cui un utente ritenga che i termini di rimborso non siano chiari o abbia domande su qualsiasi altro tipo di rimborso. <\/p>\n\n<h2 class=\"wp-block-heading\">Usi vietati di questo Sito web<\/h2>\n\n<p>Questo Sito web non pu\u00f2 essere utilizzato per azioni illegali o altrimenti vietate, n\u00e9 pu\u00f2 essere utilizzato in violazione dei presenti ToS. Inoltre, alcune attivit\u00e0 sono espressamente vietate dal presente documento. Queste includono, a titolo esemplificativo ma non esaustivo, l&#8217;utilizzo del sito web in modo diffamatorio, osceno, indecente, offensivo, pornografico o comunque scandaloso. Inoltre, gli utenti non possono utilizzare i prodotti o gli elementi di questo sito web in qualsiasi modo che possa essere considerato minaccioso, discriminatorio, minaccioso, abusivo, sedizioso o che possa ragionevolmente promuovere l&#8217;odio basato sulla razza, il sesso, la religione, la sessualit\u00e0 o altre minoranze. Inoltre, non pu\u00f2 essere utilizzato per mettere se stessi o qualsiasi altra persona in violazione del contratto, della fiducia o della privacy di un&#8217;altra persona. Il Sito e i suoi elementi non possono essere utilizzati in modo da violare i diritti d&#8217;autore o la propriet\u00e0 intellettuale di altri, o del Sito e della Societ\u00e0 stessa. Infine, questo Sito web non pu\u00f2 essere utilizzato come vettore di agenti digitali dannosi, inclusi virus, &#8220;trojan&#8221; o altre forme distruttive di dati.      <\/p>\n\n<p>Se un utente \u00e8 sospettato di violare le specifiche di cui sopra, la Societ\u00e0 e i suoi dipendenti collaboreranno con tutte le autorit\u00e0 preposte all&#8217;applicazione della legge, se necessario, e si riservano il diritto assoluto di intraprendere azioni legali nei confronti di tutti gli utenti che risultino aver violato i suddetti divieti.<\/p>\n\n<h2 class=\"wp-block-heading\">Il Regolamento generale sulla protezione dei dati (GDPR) dell&#8217;UE<\/h2>\n\n<p>La Societ\u00e0 necessita di alcuni dati dei propri utenti per il corretto funzionamento del Sito web. A tal fine, i dati dei clienti vengono inviati, ricevuti e conservati in modo sicuro per l&#8217;uso da parte della Societ\u00e0 per l&#8217;esplicito motivo sopra menzionato. La Societ\u00e0 non condivider\u00e0, vender\u00e0 o trasmetter\u00e0 mai i dati dei clienti a terzi senza il preventivo consenso dell&#8217;utente.  <\/p>\n\n<p>Al fine di proteggere ulteriormente i propri utenti da una cattiva gestione dei dati, l&#8217;azienda limita l&#8217;accesso concesso ai propri subappaltatori a ci\u00f2 che \u00e8 necessario per portare a termine i loro compiti e nulla di pi\u00f9. Inoltre, i subappaltatori e gli altri dipendenti sono tenuti a rispettare gli standard pi\u00f9 elevati per quanto riguarda l&#8217;implementazione dei servizi relativi ai dati dei clienti, come richiesto dal GDPR. <\/p>\n\n<p>In linea con l&#8217;articolo 33.2 del GDPR 2016\/6790, l&#8217;Azienda comunicher\u00e0 ai clienti, al meglio delle sue possibilit\u00e0 e nei limiti del ragionevole, qualsiasi violazione del GDPR, inclusa, ma non solo, l&#8217;esposizione non autorizzata dei loro dati di identificazione personale, delle informazioni finanziarie e dei dati fiscali, che potrebbe scoprire. In tal caso, la Societ\u00e0 segnaler\u00e0 tali violazioni anche all&#8217;autorit\u00e0 di vigilanza competente. <\/p>\n\n<p>Infine, in conformit\u00e0 con il GDPR, qualsiasi cliente che desideri cancellare completamente o studiare i propri dati pu\u00f2 esercitare tale diritto tramite <a href=\"https:\/\/altsignals.io\/it\/contact\">il modulo di contatto<\/a>. Nel caso in cui un utente cancelli il proprio abbonamento, verr\u00e0 conservato un backup dei suoi dati per un periodo massimo di 1 anno dalla fine del suo accesso autorizzato. Come per tutti gli altri dati, l&#8217;utente pu\u00f2 scegliere di cancellare anche questi dati.  <\/p>\n","protected":false},"excerpt":{"rendered":"<p>Condizioni generali dei Termini di servizio AltSignals ha definito i seguenti termini di servizio (di seguito &#8220;ToS&#8221;) come una serie di regole generali che devono essere rispettate quando si accede al nostro sito web,&#8220;http:\/\/altsignals.io&#8221;,nonch\u00e9 a qualsiasi suo prodotto e servizio (di seguito, comunemente, &#8220;il Sito web&#8221;). L&#8217;osservanza di questi ToS \u00e8 una tua responsabilit\u00e0 in [&hellip;]<\/p>\n","protected":false},"author":1,"featured_media":0,"parent":0,"menu_order":0,"comment_status":"closed","ping_status":"closed","template":"","meta":{"_acf_changed":false,"footnotes":""},"class_list":["post-38277","page","type-page","status-publish","hentry"],"acf":[],"_links":{"self":[{"href":"https:\/\/altsignals.io\/it\/wp-json\/wp\/v2\/pages\/38277","targetHints":{"allow":["GET"]}}],"collection":[{"href":"https:\/\/altsignals.io\/it\/wp-json\/wp\/v2\/pages"}],"about":[{"href":"https:\/\/altsignals.io\/it\/wp-json\/wp\/v2\/types\/page"}],"author":[{"embeddable":true,"href":"https:\/\/altsignals.io\/it\/wp-json\/wp\/v2\/users\/1"}],"replies":[{"embeddable":true,"href":"https:\/\/altsignals.io\/it\/wp-json\/wp\/v2\/comments?post=38277"}],"version-history":[{"count":2,"href":"https:\/\/altsignals.io\/it\/wp-json\/wp\/v2\/pages\/38277\/revisions"}],"predecessor-version":[{"id":52231,"href":"https:\/\/altsignals.io\/it\/wp-json\/wp\/v2\/pages\/38277\/revisions\/52231"}],"wp:attachment":[{"href":"https:\/\/altsignals.io\/it\/wp-json\/wp\/v2\/media?parent=38277"}],"curies":[{"name":"wp","href":"https:\/\/api.w.org\/{rel}","templated":true}]}}