{"id":38944,"date":"2023-12-19T10:20:05","date_gmt":"2023-12-19T10:20:05","guid":{"rendered":"https:\/\/altsignals.io\/informazioni-su-altsignals"},"modified":"2025-04-07T03:52:11","modified_gmt":"2025-04-07T03:52:11","slug":"about","status":"publish","type":"page","link":"https:\/\/altsignals.io\/it\/about","title":{"rendered":"Informazioni su <span>AltSignals<\/span>"},"content":{"rendered":"\n<p class=\"has-text-align-center\">AltSignals \u00e8 stata creata da un team di trader e imprenditori che volevano portare trasparenza, fiducia e coerenza nel mercato delle criptovalute.<\/p>\n<div class=\"social-links gut-block\">\n    <div>\n        <a href=\"https:\/\/t.me\/altsignals\/\" target=\"_blank\" class=\"s-i si-telegram w-inline-block\" rel=\"nofollow\"><\/a>\n        <a href=\"https:\/\/www.instagram.com\/altsignals.io\/\" target=\"_blank\" class=\"s-i w-inline-block\"><\/a>\n        <a href=\"https:\/\/www.facebook.com\/altsignalseng\/\" target=\"_blank\" class=\"s-i si-fb w-inline-block\" rel=\"nofollow noopener\"><\/a>\n        <a href=\"https:\/\/www.pinterest.com\/altsignalseng\/\" target=\"_blank\" class=\"s-i si-pin w-inline-block\" rel=\"nofollow noopener\"><\/a>\n        <a href=\"https:\/\/x.com\/AltSignalseng\/\" target=\"_blank\" class=\"s-i si-twit w-inline-block\" rel=\"nofollow\"><\/a>\n        <a href=\"https:\/\/www.youtube.com\/@AltSignalsTrade\" target=\"_blank\" class=\"s-i si-you w-inline-block\" rel=\"nofollow noopener\"><\/a>\n    <\/div>\n<\/div>\n<p>L&#8217;approccio di AltSignals \u00e8 quello di concentrarsi sui trader fornendo loro contenuti educativi, la tecnologia necessaria e un&#8217;esperienza unica per poter essere redditizi sia nel mercato del forex che in quello delle criptovalute.<\/p>\n\n<p>I mercati finanziari sono stati tradizionalmente considerati volatili e con alte poste in gioco. Inoltre, con l&#8217;introduzione di nuove tecnologie e l&#8217;espansione di nuovi concetti come le criptovalute, diverse aziende offrono servizi per aiutare i trader a investire in modo sicuro. <\/p>\n\n<p>AltSignals \u00e8 un fornitore di servizi finanziari che attualmente offre molti servizi diversi come segnali di trading sui futures delle criptovalute, avvisi di trading sul forex e analisi di mercato per l&#8217;oro e gli indici, tra le altre cose.<\/p>\n\n<p>Per coloro che non hanno idea di come funzionino i segnali di trading, si tratta di segnali di acquisto o vendita di asset basati su una serie di criteri predeterminati. AltSignals offre segnali di trading per BitMex, Binance, Coinbase, ByBit e altre borse di criptovalute. I segnali si concentrano su diverse criptovalute, tra cui Bitcoin (BTC) ed Ethereum (ETH). I trader possono facilmente copiare questi segnali e gestire il portafoglio con facilit\u00e0.   <\/p>\n\n<p>Quando AltSignals \u00e8 entrato nel mercato delle criptovalute e del forex nel 2018, il settore era pieno di truffatori o di persone che fornivano informazioni fuorvianti. Invece, AltSignals \u00e8 supportato da un team di esperti di trading che vanta pi\u00f9 di dieci anni di esperienza nel settore. Inoltre, AltSignals \u00e8 anche la pi\u00f9 grande comunit\u00e0 di trading di criptovalute al mondo. Grazie ad essa, AltSignals ha aiutato numerosi trader a negoziare diversi asset e ad acquisire esperienza nel trading di valute virtuali.   <\/p>\n\n<p>L&#8217;azienda ha recentemente ideato un software unico nel suo genere, chiamato AltAlgo. Questa soluzione \u00e8 in grado di funzionare su qualsiasi mercato e di visualizzare i segnali di acquisto e vendita direttamente su Tradingview sui grafici e sui timeframe degli utenti. Questo elimina la necessit\u00e0 per gli utenti di affidarsi a piattaforme come Telegram per ricevere segnali di trading di acquisto e vendita. Il software \u00e8 particolarmente utile per i principianti. Questi ultimi devono solo copiare i segnali forniti da AltAlgo direttamente da TradingView.    <\/p>\n\n<p>AltSignals si concentra anche sulla fornitura di contenuti educativi relativi alle criptovalute, al forex e a come migliorare le strategie di trading. Il motivo principale \u00e8 quello di aiutare gli utenti a ricevere le informazioni necessarie per operare in questi mercati volatili ed entusiasmanti. Anche se il settore \u00e8 rischioso e ci sono sempre rischi di volatilit\u00e0, un trader ben informato e con il supporto di una piattaforma adeguata ha maggiori possibilit\u00e0 di essere redditizio.  <\/p>\n\n<p>AltSignals opera con un modello di abbonamento e ha adottato un approccio olistico anzich\u00e9 dispersivo, fornendo formazione, tecnologia e competenze sia ai neofiti che ai trader esperti. L&#8217;azienda si \u00e8 mossa nella giusta direzione rendendo la gestione degli asset di facile comprensione per tutti. <\/p>\n\n<div class=\"wp-block-columns is-layout-flex wp-container-core-columns-is-layout-9d6595d7 wp-block-columns-is-layout-flex\">\n<div class=\"wp-block-column is-layout-flow wp-block-column-is-layout-flow\">\n<div class=\"wp-block-media-text is-stacked-on-mobile is-vertically-aligned-top team-2-column has-small-font-size\" style=\"grid-template-columns:30% auto\"><figure class=\"wp-block-media-text__media\"><img decoding=\"async\" width=\"300\" height=\"300\" src=\"https:\/\/altsignals.io\/wp-content\/uploads\/2023\/12\/bartosh-300x300.jpg\" alt=\"\" class=\"wp-image-325 size-medium\" title=\"\" srcset=\"https:\/\/altsignals.io\/wp-content\/uploads\/2023\/12\/bartosh-300x300.jpg 300w, https:\/\/altsignals.io\/wp-content\/uploads\/2023\/12\/bartosh-150x150.jpg 150w, https:\/\/altsignals.io\/wp-content\/uploads\/2023\/12\/bartosh.jpg 500w\" sizes=\"(max-width: 300px) 100vw, 300px\" \/><\/figure><div class=\"wp-block-media-text__content\">\n<p>MrCode AKA Bartos \u00e8 il nostro capo sviluppatore di script di pino e fa parte di AltSignals dalla primavera del 2021. Gestisce tutti i nostri codici\/script e mantiene gli indicatori aggiornati con le ultime condizioni e tecnologie di mercato. Oltre a questo, si concentra anche sul marketing di AltAlgo verso nuovi clienti e li supporta dove necessario.  <br\/><br\/><em>&#8211; Bartos<\/em><\/p>\n<\/div><\/div>\n<\/div>\n\n\n\n<div class=\"wp-block-column is-layout-flow wp-block-column-is-layout-flow\">\n<div class=\"wp-block-media-text is-stacked-on-mobile is-vertically-aligned-top team-2-column has-small-font-size\" style=\"grid-template-columns:30% auto\"><figure class=\"wp-block-media-text__media\"><img decoding=\"async\" width=\"500\" height=\"500\" src=\"https:\/\/altsignals.io\/wp-content\/uploads\/2023\/12\/jc.jpg\" alt=\"\" class=\"wp-image-327 size-medium\" title=\"\" srcset=\"https:\/\/altsignals.io\/wp-content\/uploads\/2023\/12\/jc.jpg 500w, https:\/\/altsignals.io\/wp-content\/uploads\/2023\/12\/jc-300x300.jpg 300w, https:\/\/altsignals.io\/wp-content\/uploads\/2023\/12\/jc-150x150.jpg 150w\" sizes=\"(max-width: 500px) 100vw, 500px\" \/><\/figure><div class=\"wp-block-media-text__content\">\n<p>JC fa parte del team di AltSignals dal 2021, \u00e8 responsabile della manutenzione di tutti i canali Altalgo e del supporto tecnico AltAlgo quando necessario. Oltre a questo, gestisce anche progetti collaterali perch\u00e9 in Altsignals sviluppiamo e miglioriamo costantemente i nostri strumenti e indicatori. JC gestisce anche la nostra documentazione (video) per aiutare i nuovi utenti ad orientarsi dopo la sottoscrizione dei nostri servizi.  <br\/><br\/><em>&#8211; Janick<\/em><\/p>\n<\/div><\/div>\n<\/div>\n<\/div>\n\n<div class=\"wp-block-columns is-layout-flex wp-container-core-columns-is-layout-9d6595d7 wp-block-columns-is-layout-flex\">\n<div class=\"wp-block-column is-layout-flow wp-block-column-is-layout-flow\">\n<div class=\"wp-block-media-text is-stacked-on-mobile is-vertically-aligned-top team-2-column has-small-font-size\" style=\"grid-template-columns:30% auto\"><figure class=\"wp-block-media-text__media\"><img decoding=\"async\" width=\"500\" height=\"500\" src=\"https:\/\/altsignals.io\/wp-content\/uploads\/2023\/12\/jordan.jpg\" alt=\"\" class=\"wp-image-331 size-medium\" title=\"\" srcset=\"https:\/\/altsignals.io\/wp-content\/uploads\/2023\/12\/jordan.jpg 500w, https:\/\/altsignals.io\/wp-content\/uploads\/2023\/12\/jordan-300x300.jpg 300w, https:\/\/altsignals.io\/wp-content\/uploads\/2023\/12\/jordan-150x150.jpg 150w\" sizes=\"(max-width: 500px) 100vw, 500px\" \/><\/figure><div class=\"wp-block-media-text__content\">\n<p>Jordan \u00e8 la nostra responsabile finanziaria e amministratrice che lavora con AltSignals dal 2020. Ti aiuter\u00e0 in tutto ci\u00f2 che riguarda l&#8217;adesione ai nostri servizi. Inoltre, risponder\u00e0 a tutte le tue domande su AltSignals e su ci\u00f2 che abbiamo da offrire. Siamo conosciuti per la nostra assistenza di alto livello e Jordan ne \u00e8 la ragione.   <br\/><br\/><em>&#8211; Giordania<\/em><\/p>\n<\/div><\/div>\n<\/div>\n\n\n\n<div class=\"wp-block-column is-layout-flow wp-block-column-is-layout-flow\">\n<div class=\"wp-block-media-text is-stacked-on-mobile is-vertically-aligned-top team-2-column has-small-font-size\" style=\"grid-template-columns:30% auto\"><figure class=\"wp-block-media-text__media\"><img decoding=\"async\" width=\"500\" height=\"500\" src=\"https:\/\/altsignals.io\/wp-content\/uploads\/2023\/12\/rod.jpg\" alt=\"\" class=\"wp-image-329 size-medium\" title=\"\" srcset=\"https:\/\/altsignals.io\/wp-content\/uploads\/2023\/12\/rod.jpg 500w, https:\/\/altsignals.io\/wp-content\/uploads\/2023\/12\/rod-300x300.jpg 300w, https:\/\/altsignals.io\/wp-content\/uploads\/2023\/12\/rod-150x150.jpg 150w\" sizes=\"(max-width: 500px) 100vw, 500px\" \/><\/figure><div class=\"wp-block-media-text__content\">\n<p>Rod, il CEO di AltSignals, dirige le operazioni dal 2018, con la passione di migliorare continuamente i servizi di trading offerti. Rod ha dedicato la maggior parte del suo tempo allo sviluppo dei prodotti della societ\u00e0, migliorando l&#8217;algoritmo proprietario AltAlgo e gestendo il personale. <br\/><br\/><em>&#8211; Rod<\/em><\/p>\n<\/div><\/div>\n<\/div>\n<\/div>\n","protected":false},"excerpt":{"rendered":"<p>AltSignals \u00e8 stata creata da un team di trader e imprenditori che volevano portare trasparenza, fiducia e coerenza nel mercato delle criptovalute. L&#8217;approccio di AltSignals \u00e8 quello di concentrarsi sui trader fornendo loro contenuti educativi, la tecnologia necessaria e un&#8217;esperienza unica per poter essere redditizi sia nel mercato del forex che in quello delle criptovalute. [&hellip;]<\/p>\n","protected":false},"author":1,"featured_media":325,"parent":0,"menu_order":0,"comment_status":"closed","ping_status":"closed","template":"","meta":{"_acf_changed":false,"footnotes":""},"page_category":[],"class_list":["post-38944","page","type-page","status-publish","has-post-thumbnail","hentry"],"acf":[],"_links":{"self":[{"href":"https:\/\/altsignals.io\/it\/wp-json\/wp\/v2\/pages\/38944","targetHints":{"allow":["GET"]}}],"collection":[{"href":"https:\/\/altsignals.io\/it\/wp-json\/wp\/v2\/pages"}],"about":[{"href":"https:\/\/altsignals.io\/it\/wp-json\/wp\/v2\/types\/page"}],"author":[{"embeddable":true,"href":"https:\/\/altsignals.io\/it\/wp-json\/wp\/v2\/users\/1"}],"replies":[{"embeddable":true,"href":"https:\/\/altsignals.io\/it\/wp-json\/wp\/v2\/comments?post=38944"}],"version-history":[{"count":2,"href":"https:\/\/altsignals.io\/it\/wp-json\/wp\/v2\/pages\/38944\/revisions"}],"predecessor-version":[{"id":40859,"href":"https:\/\/altsignals.io\/it\/wp-json\/wp\/v2\/pages\/38944\/revisions\/40859"}],"wp:featuredmedia":[{"embeddable":true,"href":"https:\/\/altsignals.io\/it\/wp-json\/wp\/v2\/media\/325"}],"wp:attachment":[{"href":"https:\/\/altsignals.io\/it\/wp-json\/wp\/v2\/media?parent=38944"}],"wp:term":[{"taxonomy":"page_category","embeddable":true,"href":"https:\/\/altsignals.io\/it\/wp-json\/wp\/v2\/page_category?post=38944"}],"curies":[{"name":"wp","href":"https:\/\/api.w.org\/{rel}","templated":true}]}}