{"id":38267,"date":"2024-01-05T08:00:09","date_gmt":"2024-01-05T08:00:09","guid":{"rendered":"https:\/\/altsignals.io\/vilkaar-for-bruk"},"modified":"2025-05-21T03:56:26","modified_gmt":"2025-05-21T03:56:26","slug":"terms-of-service","status":"publish","type":"page","link":"https:\/\/altsignals.io\/no\/terms-of-service","title":{"rendered":"Vilk\u00e5r for <span>bruk<\/span>"},"content":{"rendered":"\n<h2 class=\"wp-block-heading\">Generelle vilk\u00e5r om vilk\u00e5rene for bruk av tjenesten<\/h2>\n\n<p>AltSignals har utarbeidet f\u00f8lgende tjenestevilk\u00e5r (heretter kalt &laquo;Vilk\u00e5r for bruk&raquo;) som et sett med generelle regler som m\u00e5 overholdes n\u00e5r du bruker nettstedet v\u00e5rt,<a href=\"http:\/\/altsignals.io\/\">&laquo;http:\/\/altsignals.io&raquo;,<\/a>samt alle dets produkter og tjenester (heretter kalt &laquo;nettstedet&raquo;). Det er ditt ansvar som bruker \u00e5 overholde disse vilk\u00e5rene, s\u00e5 s\u00f8rg for at du har lest dem fullt ut og forst\u00e5tt dem fullstendig f\u00f8r du bruker nettstedet. Bruk av dette nettstedet inneb\u00e6rer at du implisitt godtar vilk\u00e5rene og andre tilknyttede retningslinjer. Enkelte aspekter av nettstedet kan kreve ytterligere vilk\u00e5r for bruk, og bruk av slike produkter og tjenester inneb\u00e6rer ogs\u00e5 at du godtar de spesifikke vilk\u00e5rene.   <\/p>\n\n<p>Enhver del av disse Vilk\u00e5rene kan oppdateres n\u00e5r som helst uten forvarsel. Alle slike oppdateringer vil bli lagt ut p\u00e5 nettstedet p\u00e5 en offentlig tilgjengelig m\u00e5te. Fortsatt bruk av dette nettstedet inneb\u00e6rer at du godtar og aksepterer alle endringer i disse vilk\u00e5rene, s\u00e5 det er ditt ansvar \u00e5 holde deg oppdatert om dem.  <\/p>\n\n<h2 class=\"wp-block-heading\">Hvem vi er<\/h2>\n\n<p>Dette nettstedet er utviklet og administreres av AltSignals LTD. (heretter kalt &laquo;AltSignals LTD&raquo;), et privateid selskap med base i Skottland i Storbritannia med samme navn. Eventuelle sp\u00f8rsm\u00e5l eller bekymringer om disse vilk\u00e5rene, nettstedet eller selve selskapet kan sendes via <a href=\"https:\/\/altsignals.io\/no\/contact\">kontaktskjemaet<\/a>. <\/p>\n\n<p>Selskapets prim\u00e6re fokus er dette nettstedet, som alle Vilk\u00e5rene gjelder for. Utover dette kan selskapet drive andre tilknyttede nettsteder og andre enheter p\u00e5 Internett. Med mindre annet er angitt, skal disse vilk\u00e5rene ogs\u00e5 gjelde for bruken av disse. Dette nettstedet er et privat foretak, og er ikke godkjent av noen offentlig finansmyndighet.   <\/p>\n\n<h2 class=\"wp-block-heading\">Selskapets immaterielle rettigheter og hvordan de er knyttet til din bruk av dette nettstedet<\/h2>\n\n<p>Produktene og tjenestene som Selskapet tilbyr p\u00e5 dette Nettstedet og dets tilknyttede Telegram-kanaler, tilbys &laquo;som de er&raquo; for brukerens egen personlige bruk. De inkluderte verkt\u00f8yene kan ikke brukes av, eller informasjon formidles til andre, uten forh\u00e5ndssamtykke fra Selskapet. Handels- og teknologir\u00e5dgivere kan bruke nettstedet som en kilde til informasjon for \u00e5 hjelpe sine egne kunder, da dette ikke anses \u00e5 v\u00e6re et brudd p\u00e5 klausulen ovenfor. All annen ikke-personlig bruk krever skriftlig samtykke, som er tilgjengelig via <a href=\"https:\/\/altsignals.io\/no\/contact\">kontaktskjemaet<\/a>.  <\/p>\n\n<p>Selskapet forbeholder seg retten til \u00e5 modifisere, endre, oppgradere, nedgradere eller forby tilgang til nettstedet n\u00e5r som helst, uten forvarsel, av en hvilken som helst grunn det anser som passende. P\u00e5 samme m\u00e5te kan brudd p\u00e5 noen av disse vilk\u00e5rene f\u00f8re til at en konto blir suspendert eller slettet uten forvarsel. Selskapet erkjenner ingen forpliktelse til \u00e5 gi &laquo;advarsler&raquo; til brukere som misbruker sin rett til \u00e5 bruke nettstedet.  <\/p>\n\n<p>Selskapet antas \u00e5 eie opphavsretten og alle andre gjeldende immaterielle rettigheter (heretter kalt &laquo;IP&raquo;) til alt innhold som finnes p\u00e5 nettstedet og produktene som tilbys. Disse IP-rettighetene dekker &laquo;look and feel&raquo;, taksonomi, grafikk, dokumenter og alle kopier som finnes p\u00e5 nettstedet. I tillegg dekker disse rettighetene informasjon som tilbys i andre ulike produkter som eies og drives av Selskapet, med mindre annet er angitt.  <\/p>\n\n<p>I tillegg til innholdet p\u00e5 dette nettstedet, er alt nedlastbart materiale produsert av selskapet ogs\u00e5 dekket av ovennevnte klausul om immaterielle rettigheter. Med mindre annet er angitt, forbyr Selskapet strengt kommersiell distribusjon, modifisering, viderelisensiering eller annen bruk av slike dokumenter og andre produkter uten forh\u00e5ndsgodkjenning. Slikt materiale kan imidlertid brukes i henhold til doktrinen om personlig &laquo;rimelig bruk&raquo;, forutsatt at selskapet og\/eller nettstedet oppgis som kilde.  <\/p>\n\n<p>Dette nettstedet er til for \u00e5 formidle nyttig informasjon til kundene. Kundene er selv ansvarlige for hvordan de bruker denne informasjonen. Som s\u00e5dan er all informasjon som gis til en kunde underlagt f\u00f8lgende forbehold: Brukere kan ikke gjenbruke, sitere eller trekke ut informasjon som er gitt av Selskapet p\u00e5 en m\u00e5te som f\u00e5r det til \u00e5 se ut som om Selskapet anbefaler eller p\u00e5 annen m\u00e5te tar til orde for et bestemt synspunkt, eller at det deler noe synspunkt med brukeren. I tillegg er det forbudt for brukere \u00e5 presentere innhold fra selskapet som ser ut til \u00e5 anbefale eller st\u00f8tte et produkt eller en tjeneste, det v\u00e6re seg brukerens eget eller andres.   <\/p>\n\n<p>Selskapet leverer markedsrapporter via ulike mekanismer. Kunder av nettstedet kan ikke endre slike rapporter &#8211; ved \u00e5 slette eller legge til innhold &#8211; p\u00e5 noen m\u00e5te som kan f\u00e5 materialet til \u00e5 fremst\u00e5 som en godkjennelse eller sanksjon fra selskapet. Som nevnt ovenfor er slik deling av informasjon fra Selskapet tillatt s\u00e5 lenge Selskapet krediteres; informasjon fra Selskapet skal ikke p\u00e5 noen m\u00e5te fremstilles som Kundens eget arbeid.  <\/p>\n\n<p>Kundene samtykker ogs\u00e5 i at de ikke skal bruke deler av rapportene eller annet innhold p\u00e5 nettstedet som en del av et komplott eller en plan som er ulovlig, forn\u00e6rmende eller ondsinnet p\u00e5 noen m\u00e5te. Dette inkluderer, men er ikke begrenset til, \u00e6rekrenkelse av selskapet, nettstedet, dets ansatte, dets IP eller dets andre kunder. <\/p>\n\n<h2 class=\"wp-block-heading\">Selskapets ansvar overfor deg<\/h2>\n\n<p>Selskapet tilbyr dette nettstedet og dets tilknyttede produkter og tjenester som en informasjonskilde for kryptovalutamarkedet og ikke noe mer. Som s\u00e5dan gj\u00f8r selskapet alt som kan gj\u00f8res innen rimelighetens grenser for \u00e5 sikre at informasjonen p\u00e5 nettstedet &#8211; s\u00e5 vel som den som f\u00f8lger med noen av dets produkter og tjenester &#8211; er aktuell, n\u00f8yaktig og nyttig. Selskapet gir imidlertid ingen garanti, verken underforst\u00e5tt eller p\u00e5 annen m\u00e5te formulert, for at informasjonen er p\u00e5litelig eller fullstendig. Disse &laquo;som den er&raquo;-betingelsene gjelder ogs\u00e5 for kommunikasjon fra konsulenter, partnere, r\u00e5dgivere, agenter og\/eller andre personer med tilknytning til Selskapet. I tillegg skal brukerne ikke holde Selskapet ansvarlig for informasjon som er gitt av tredjeparter. Dette omfatter notater, artikler, reklame og annet innhold som ikke er under Selskapets direkte kontroll.     <\/p>\n\n<p>Videre kan ikke Brukerne holde Selskapet ansvarlig for skader som kan oppst\u00e5 som f\u00f8lge av bruk (eller manglende bruk) av Selskapets tjenester. Dette inkluderer, men er ikke begrenset til, b\u00e5de \u00f8konomiske tap og tap av virksomhet. Denne klausulen skal dekke alle Selskapets tjenester, inkludert, men ikke begrenset til, Telegram-signaler, kanaler, handelsroboter, handelsindikatorer, rapporter og alle tilknyttede produkter. Som ovenfor tilbys all slik informasjon og tjenester &laquo;som den er&raquo; uten noen garanti eller garanti underforst\u00e5tt.   <\/p>\n\n<p>V\u00e5re vilk\u00e5r utelukker eller begrenser ikke noe ansvar fra selskapets side overfor sine kunder for enhver rolle det kan spille i deres egen personskade eller deres d\u00f8d som f\u00f8lge av selskapets uaktsomhet; uttrykkelig bedrageri og bedragersk feilaktig fremstilling fra v\u00e5r side; eller noen annen handling eller omstendighet der det ville v\u00e6re ulovlig for selskapet \u00e5 utelukke eller fors\u00f8ke \u00e5 utelukke ansvar fra v\u00e5r side.<\/p>\n\n<h2 class=\"wp-block-heading\">Dette nettstedet<\/h2>\n\n<p>Selskapet f\u00f8lger alle gjeldende beste praksiser for \u00e5 opprettholde at nettstedet &#8211; AltSignals. io &#8211; er tilgjengelig for alle til enhver tid hver dag. Selskapet har imidlertid ikke noe ansvar for det som kan oppst\u00e5 hvis og n\u00e5r nettstedet ikke er tilgjengelig for en bruker. Selskapet gir derfor ingen garanti for tilgjengeligheten. Selskapet kan heller ikke garantere at Nettstedet alltid vil v\u00e6re fritt for \u00f8deleggende eller defekte elementer. Dette inkluderer, men er ikke begrenset til, virus, skadelig programvare og andre skadelige digitale agenter.     <\/p>\n\n<p>Selv om Selskapet bestreber seg p\u00e5 \u00e5 gj\u00f8re nettstedet tilgjengelig for s\u00e5 mange som mulig, kan det ikke garantere at det vil v\u00e6re kompatibelt med en brukers nettleser, versjon av Telegram eller annen programvare. I tillegg kan Selskapet ikke garantere at Nettstedet og noen eller alle dets tjenester vil fungere med alle enheter og operativsystemer. Det er brukerens ansvar \u00e5 s\u00f8rge for at de bruker plattformer som er kompatible med nettstedet og dets produkter, som angitt i nettstedets FAQ.  <\/p>\n\n<p>Av og til vil innhold p\u00e5 Nettstedet lenke til innhold fra andre nettsteder. Brukeren skal ikke holde Selskapet ansvarlig for innholdet p\u00e5 slike nettsteder, og heller ikke for andre tredjepartselementer som det lenkes til fra Nettstedet, av Selskapet eller tredjeparter. <\/p>\n\n<h2 class=\"wp-block-heading\">Data og veiledning som presenteres p\u00e5 dette nettstedet<\/h2>\n\n<p>Brukere b\u00f8r merke seg at Selskapet ikke er underlagt FCA eller noen annen statlig tilsynsgruppe. Tjenester som leveres av Selskapet via Nettstedet og alle dets andre tjenester tilbys &laquo;som de er&raquo; via Vilk\u00e5rene ovenfor og reguleres av disse Vilk\u00e5rene og kun disse Vilk\u00e5rene. <\/p>\n\n<p>Dette nettstedet er et apparat for b\u00e5de informasjon og anvendelse av denne. Det er ment \u00e5 v\u00e6re til generell bruk som en ressurs, ikke som en r\u00e5dgiver i forhold til ens \u00f8konomiske fremtid. Derfor vil informasjonen som presenteres vanligvis v\u00e6re av &laquo;generell&raquo; karakter, og vil vanligvis ikke anbefale spesifikke finansielle produkter eller tjenester. Selskapet anbefaler at kundene benytter seg av en profesjonell finansiell r\u00e5dgiver for spesifikke saker som ligger utenfor dette nettstedets virkeomr\u00e5de.   <\/p>\n\n<p>Av denne grunn b\u00f8r brukerne ikke bruke informasjonen p\u00e5 dette nettstedet som eneste faktor n\u00e5r de skal ta beslutninger om kj\u00f8p, salg eller handel med finansielle produkter.  <\/p>\n\n<p>All informasjon som presenteres p\u00e5 dette nettstedet eller via dets produkter, skal anses som altomfattende og fullstendig. Selskapet, dets ansatte og dets konsulenter er ikke forpliktet til \u00e5 gi flere detaljer eller annen tilleggsinformasjon enn det som opprinnelig ble tilbudt. Etter hvert som ny informasjon blir gjort tilgjengelig, kan noe av innholdet bli oppdatert etter behov, men Selskapet er p\u00e5 ingen m\u00e5te forpliktet til \u00e5 inkludere alle gjeldende oppdateringer til enhver tid. I tillegg er Selskapet ikke forpliktet til \u00e5 oppdatere noe spesifikt innhold, ettersom alle slike oppdateringsbeslutninger tas etter eget skj\u00f8nn av ansatte i Selskapet.   <\/p>\n\n<p>Dette nettstedet er ment for et publikum av generelle personlige brukere, ikke profesjonelle finansfolk. Det er ikke ment \u00e5 v\u00e6re et verkt\u00f8y for private investorer, og disse b\u00f8r derfor ikke bruke innholdet p\u00e5 nettstedet i forbindelse med profesjonelle finansielle sp\u00f8rsm\u00e5l. I forbindelse med dette nettstedet er profesjonelle finansbrukere underlagt de samme vilk\u00e5rene som andre brukere, og som s\u00e5dan er de underlagt ansvarsvilk\u00e5rene som er presentert ovenfor.  <\/p>\n\n<h2 class=\"wp-block-heading\">Online-kontraktering via AltSignals<\/h2>\n\n<p>Fra tid til annen kan innholdet p\u00e5 nettstedet henvise brukere til tredjeparts konsulenter og andre fagpersoner. Dersom en bruker finner det n\u00f8dvendig \u00e5 inng\u00e5 en kontrakt med en slik tredjepart som er omtalt p\u00e5 dette nettstedet, er det opp til brukeren \u00e5 s\u00f8rge for at slike kontrakter er rettferdige, klare og juridisk entydige. Videre er det opp til brukeren \u00e5 finne og benytte seg av juridisk r\u00e5dgivning dersom det skulle oppst\u00e5 forvirring. Digitale tjenester som tilbys av entrepren\u00f8rer via dette nettstedet er alt inkludert, og ingen ekstra kostnader vil bli forventet med mindre annet er angitt.   <\/p>\n\n<h2 class=\"wp-block-heading\">Refusjoner og returer<\/h2>\n\n<p>Abonnementer inkluderer tilgang til alt innholdet p\u00e5 dette nettstedet, inkludert rapporter, verkt\u00f8y, r\u00e5d, dokumentasjon og andre elementer. Disse komponentene, n\u00e5r de er samlet som en del av et abonnement, utgj\u00f8r en &laquo;digital vare&raquo;, og er som s\u00e5dan unntatt fra refusjon i henhold til EU-lovgivningen. <\/p>\n\n<p>Av hensyn til god tro og kundeservice kan en bruker likevel be om refusjon, og slike refusjoner vil, hvis de godkjennes, vanligvis bli gjort innen 24 timer fra det tidspunktet abonnementet eller andre digitale varer ble kj\u00f8pt. M\u00e5nedlig kan ha 24 timers refusjon. Kvartalsvis og \u00e5rlig har ingen refusjonsregler p\u00e5 grunn av produktenes natur.  <br\/><br\/>Brukere eller kunder som spammer, trakasserer, misbruker eller generelt er aggressivt uh\u00f8flige mot personalet, kan ikke ha rett til refusjon.<\/p>\n\n<p>Ved betaling med kredittkort vil refusjonen bli tilbakef\u00f8rt til betalingskortet som ble brukt. Ved betaling i kryptovaluta vil brukerne motta refusjon i den samme kryptovalutaen som ble brukt p\u00e5 kj\u00f8pstidspunktet, og bel\u00f8pet som mottas vil v\u00e6re av samme verdi i euro som det var p\u00e5 den opprinnelige kj\u00f8psdatoen. <\/p>\n\n<p>P\u00e5 grunn av tjenestenes natur tilbyr vi ikke bytte mellom abonnementer p\u00e5 noen lengde av tjenesten. Hvis du er usikker f\u00f8r du kj\u00f8per, kan du kontakte v\u00e5r support eller sende oss en e-post. <\/p>\n\n<p>En foresp\u00f8rsel om refusjon av hvilken som helst type kan gj\u00f8res via <a href=\"https:\/\/altsignals.io\/no\/contact\">kontaktskjemaet<\/a>. Denne e-postadressen kan ogs\u00e5 brukes hvis en bruker synes at noen av disse refusjonsvilk\u00e5rene er uklare, eller hvis de har sp\u00f8rsm\u00e5l om refusjon av andre typer. <\/p>\n\n<h2 class=\"wp-block-heading\">Forbudt bruk av dette nettstedet<\/h2>\n\n<p>Dette nettstedet kan ikke brukes til ulovlige eller p\u00e5 annen m\u00e5te forbudte handlinger, og det kan heller ikke brukes i strid med disse vilk\u00e5rene. I tillegg er visse aktiviteter uttrykkelig forbudt her. Disse inkluderer, men er ikke begrenset til, bruk av nettstedet p\u00e5 en m\u00e5te som er \u00e6rekrenkende, uanstendig, uanstendig, st\u00f8tende, pornografisk eller p\u00e5 annen m\u00e5te skandal\u00f8s. I tillegg kan brukerne ikke bruke produkter eller elementer p\u00e5 dette nettstedet p\u00e5 en m\u00e5te som kan anses som truende, diskriminerende, truende, forn\u00e6rmende, oppviglersk eller som med rimelighet kan tenkes \u00e5 fremme hat basert p\u00e5 m\u00e5lpersonens rase, kj\u00f8nn, religion, seksualitet eller annen minoritetsstatus. Videre m\u00e5 det ikke brukes til \u00e5 utsette seg selv eller andre for kontraktsbrudd, tillitsbrudd eller brudd p\u00e5 andres personvern. Dette nettstedet og dets elementer kan heller ikke brukes p\u00e5 noen m\u00e5te som krenker andres opphavsrett eller immaterielle rettigheter, eller nettstedet og selskapet selv. Til slutt kan dette nettstedet ikke brukes som en vektor for digitale skadelige agenter, inkludert virus, &laquo;trojanere&raquo; eller andre destruktive former for data.      <\/p>\n\n<p>Hvis en bruker mistenkes for \u00e5 ha brutt de ovennevnte bestemmelsene, vil selskapet og dets ansatte samarbeide med alle rettsh\u00e5ndhevende myndigheter etter behov, og forbeholder seg den absolutte retten til \u00e5 ta rettslige skritt mot alle brukere som bryter med de ovennevnte forbudte handlingene.<\/p>\n\n<h2 class=\"wp-block-heading\">EUs personvernforordning (GDPR)<\/h2>\n\n<p>Selskapet trenger noen opplysninger fra brukerne for at nettstedet skal fungere som det skal. For dette form\u00e5let sendes, mottas og lagres kundedata sikkert for bruk av selskapet av den uttrykkelige grunnen som er nevnt ovenfor. Selskapet vil aldri dele, selge eller overf\u00f8re kundedata til noen tredjepart uten brukerens forh\u00e5ndssamtykke.  <\/p>\n\n<p>For \u00e5 beskytte brukerne ytterligere mot misbruk av data, begrenser selskapet tilgangen til underleverand\u00f8rene til det som er n\u00f8dvendig for at de skal kunne utf\u00f8re oppgavene sine, og ikke noe mer. I tillegg er underleverand\u00f8rer og andre ansatte underlagt de h\u00f8yeste standarder n\u00e5r det gjelder implementering av tjenester med hensyn til kundedata, slik GDPR krever. <\/p>\n\n<p>I tr\u00e5d med artikkel 33.2 i GDPR 2016\/6790 vil selskapet, etter beste evne og innenfor rimelighetens grenser, s\u00e5 snart som mulig kommunisere til alle kunder ethvert brudd p\u00e5 GDPR, inkludert, men ikke begrenset til, uautorisert eksponering av deres personlig identifiserbare data, finansiell informasjon og skatteopplysninger som det m\u00e5tte oppdage. Hvis en slik hendelse skulle oppst\u00e5, skal selskapet ogs\u00e5 rapportere slike brudd til den dedikerte tilsynsmyndigheten. <\/p>\n\n<p>Og til slutt, i samsvar med GDPR, kan enhver kunde som \u00f8nsker \u00e5 slette eller studere sine egne data fullt ut, ut\u00f8ve denne retten via <a href=\"https:\/\/altsignals.io\/no\/contact\">kontaktskjemaet<\/a>. Hvis en bruker sier opp abonnementet sitt, skal en sikkerhetskopi av dataene oppbevares i opptil ett \u00e5r fra slutten av den autoriserte tilgangen. I likhet med alle andre data kan en bruker ogs\u00e5 velge \u00e5 f\u00e5 disse dataene slettet.  <\/p>\n","protected":false},"excerpt":{"rendered":"<p>Generelle vilk\u00e5r om vilk\u00e5rene for bruk av tjenesten AltSignals har utarbeidet f\u00f8lgende tjenestevilk\u00e5r (heretter kalt &laquo;Vilk\u00e5r for bruk&raquo;) som et sett med generelle regler som m\u00e5 overholdes n\u00e5r du bruker nettstedet v\u00e5rt,&laquo;http:\/\/altsignals.io&raquo;,samt alle dets produkter og tjenester (heretter kalt &laquo;nettstedet&raquo;). Det er ditt ansvar som bruker \u00e5 overholde disse vilk\u00e5rene, s\u00e5 s\u00f8rg for at du [&hellip;]<\/p>\n","protected":false},"author":1,"featured_media":0,"parent":0,"menu_order":0,"comment_status":"closed","ping_status":"closed","template":"","meta":{"_acf_changed":false,"footnotes":""},"class_list":["post-38267","page","type-page","status-publish","hentry"],"acf":[],"_links":{"self":[{"href":"https:\/\/altsignals.io\/no\/wp-json\/wp\/v2\/pages\/38267","targetHints":{"allow":["GET"]}}],"collection":[{"href":"https:\/\/altsignals.io\/no\/wp-json\/wp\/v2\/pages"}],"about":[{"href":"https:\/\/altsignals.io\/no\/wp-json\/wp\/v2\/types\/page"}],"author":[{"embeddable":true,"href":"https:\/\/altsignals.io\/no\/wp-json\/wp\/v2\/users\/1"}],"replies":[{"embeddable":true,"href":"https:\/\/altsignals.io\/no\/wp-json\/wp\/v2\/comments?post=38267"}],"version-history":[{"count":2,"href":"https:\/\/altsignals.io\/no\/wp-json\/wp\/v2\/pages\/38267\/revisions"}],"predecessor-version":[{"id":52234,"href":"https:\/\/altsignals.io\/no\/wp-json\/wp\/v2\/pages\/38267\/revisions\/52234"}],"wp:attachment":[{"href":"https:\/\/altsignals.io\/no\/wp-json\/wp\/v2\/media?parent=38267"}],"curies":[{"name":"wp","href":"https:\/\/api.w.org\/{rel}","templated":true}]}}