{"id":38732,"date":"2023-12-19T10:20:05","date_gmt":"2023-12-19T10:20:05","guid":{"rendered":"https:\/\/altsignals.io\/om-altsignals"},"modified":"2025-04-07T03:52:29","modified_gmt":"2025-04-07T03:52:29","slug":"about","status":"publish","type":"page","link":"https:\/\/altsignals.io\/no\/about","title":{"rendered":"Om <span>AltSignals<\/span>"},"content":{"rendered":"\n<p class=\"has-text-align-center\">AltSignals ble etablert av et team av tradere og gr\u00fcndere som \u00f8nsket \u00e5 skape \u00e5penhet, tillit og konsistens i kryptomarkedet.<\/p>\n<div class=\"social-links gut-block\">\n    <div>\n        <a href=\"https:\/\/t.me\/altsignals\/\" target=\"_blank\" class=\"s-i si-telegram w-inline-block\" rel=\"nofollow\"><\/a>\n        <a href=\"https:\/\/www.instagram.com\/altsignals.io\/\" target=\"_blank\" class=\"s-i w-inline-block\"><\/a>\n        <a href=\"https:\/\/www.facebook.com\/altsignalseng\/\" target=\"_blank\" class=\"s-i si-fb w-inline-block\" rel=\"nofollow noopener\"><\/a>\n        <a href=\"https:\/\/www.pinterest.com\/altsignalseng\/\" target=\"_blank\" class=\"s-i si-pin w-inline-block\" rel=\"nofollow noopener\"><\/a>\n        <a href=\"https:\/\/x.com\/AltSignalseng\/\" target=\"_blank\" class=\"s-i si-twit w-inline-block\" rel=\"nofollow\"><\/a>\n        <a href=\"https:\/\/www.youtube.com\/@AltSignalsTrade\" target=\"_blank\" class=\"s-i si-you w-inline-block\" rel=\"nofollow noopener\"><\/a>\n    <\/div>\n<\/div>\n<p>AltSignals&#8217; tiln\u00e6rming er \u00e5 fokusere p\u00e5 tradere ved \u00e5 tilby dem pedagogisk innhold, n\u00f8dvendig teknologi og unik ekspertise for \u00e5 kunne v\u00e6re l\u00f8nnsomme i b\u00e5de forex- og kryptovalutamarkedet.<\/p>\n\n<p>Finansmarkedene har tradisjonelt blitt ansett som volatile med h\u00f8y risiko. I tillegg, med inkluderingen av ny teknologi og utvidelsen av nyere konsepter som kryptovalutaer, tilbyr flere firmaer n\u00e5 tjenester for \u00e5 hjelpe tradere med \u00e5 investere trygt. <\/p>\n\n<p>AltSignals er en leverand\u00f8r av finansielle tjenester som for tiden tilbyr mange forskjellige tjenester, blant annet signaler for futureshandel med kryptovaluta, varsler om valutahandel og markedsanalyser for gull og indekser.<\/p>\n\n<p>For de som ikke har noen anelse om hvordan handelssignaler fungerer, er dette triggere for \u00e5 kj\u00f8pe eller selge eiendeler basert p\u00e5 et forh\u00e5ndsbestemt sett med kriterier. AltSignals tilbyr handelssignaler for BitMex, Binance, Coinbase, ByBit og andre kryptovaluta-b\u00f8rser. Signalene fokuserer p\u00e5 mange forskjellige kryptovalutaer, inkludert Bitcoin (BTC) og Ethereum (ETH). Tradere kan enkelt kopiere disse signalene og enkelt administrere portef\u00f8ljen.   <\/p>\n\n<p>Da AltSignals gikk inn i kryptovaluta- og valutamarkedet i 2018, var bransjen full av svindlere og folk som ga villedende informasjon. AltSignals st\u00f8ttes i stedet av et team av handelseksperter som har mer enn ti \u00e5rs relevant bransjeerfaring. AltSignals er ogs\u00e5 det st\u00f8rste kryptohandelssamfunnet i verden. Takket v\u00e6re det har AltSignals hjulpet mange tradere med \u00e5 handle forskjellige eiendeler og f\u00e5 relevant erfaring med handel med virtuelle valutaer.   <\/p>\n\n<p>Firmaet har nylig kommet med en unik programvare kalt AltAlgo. Denne l\u00f8sningen er i stand til \u00e5 fungere for ethvert marked og vise kj\u00f8ps- og salgssignaler direkte p\u00e5 Tradingview p\u00e5 brukernes diagrammer og tidsrammer. Dette eliminerer behovet for brukere \u00e5 stole p\u00e5 plattformer som Telegram for \u00e5 motta kj\u00f8ps- og salgssignaler. Programvaren er spesielt nyttig for nykommere. De trenger bare \u00e5 kopiere signalene gitt av AltAlgo direkte fra TradingView.    <\/p>\n\n<p>AltSignals fokuserer ogs\u00e5 p\u00e5 \u00e5 tilby pedagogisk innhold relatert til kryptovalutaer, forex og hvordan man kan forbedre handelsstrategier. Hovedgrunnen til dette er \u00e5 hjelpe brukerne med \u00e5 f\u00e5 den n\u00f8dvendige informasjonen hvis de \u00f8nsker \u00e5 handle i disse volatile og spennende markedene. Selv om bransjen er risikabel og det alltid er volatilitetsrisiko, har en velinformert trader med st\u00f8tte fra en passende plattform bedre sjanser til \u00e5 v\u00e6re l\u00f8nnsom.  <\/p>\n\n<p>AltSignals arbeider med en abonnementsmodell og har ogs\u00e5 valgt en helhetlig tiln\u00e6rming i stedet for en spredt tiln\u00e6rming ved \u00e5 tilby utdanning, teknologi og ekspertise til nykommere s\u00e5 vel som til eksperthandlere. Selskapet har beveget seg i riktig retning ved \u00e5 gj\u00f8re kapitalforvaltning lett \u00e5 forst\u00e5 for alle. <\/p>\n\n<div class=\"wp-block-columns is-layout-flex wp-container-core-columns-is-layout-9d6595d7 wp-block-columns-is-layout-flex\">\n<div class=\"wp-block-column is-layout-flow wp-block-column-is-layout-flow\">\n<div class=\"wp-block-media-text is-stacked-on-mobile is-vertically-aligned-top team-2-column has-small-font-size\" style=\"grid-template-columns:30% auto\"><figure class=\"wp-block-media-text__media\"><img decoding=\"async\" width=\"300\" height=\"300\" src=\"https:\/\/altsignals.io\/wp-content\/uploads\/2023\/12\/bartosh-300x300.jpg\" alt=\"\" class=\"wp-image-325 size-medium\" title=\"\" srcset=\"https:\/\/altsignals.io\/wp-content\/uploads\/2023\/12\/bartosh-300x300.jpg 300w, https:\/\/altsignals.io\/wp-content\/uploads\/2023\/12\/bartosh-150x150.jpg 150w, https:\/\/altsignals.io\/wp-content\/uploads\/2023\/12\/bartosh.jpg 500w\" sizes=\"(max-width: 300px) 100vw, 300px\" \/><\/figure><div class=\"wp-block-media-text__content\">\n<p>MrCode, ogs\u00e5 kjent som Bartos, er v\u00e5r hovedutvikler av furuskript og har v\u00e6rt en del av AltSignals siden v\u00e5ren 2021. Han administrerer alle kodene\/skriptene v\u00e5re og holder indikatorene oppdatert med de nyeste markedsforholdene og teknologiene. I tillegg fokuserer han ogs\u00e5 p\u00e5 \u00e5 markedsf\u00f8re AltAlgo mot nye kunder og st\u00f8tter dem der det trengs.  <br\/><br\/><em>&#8211; Bartos<\/em><\/p>\n<\/div><\/div>\n<\/div>\n\n\n\n<div class=\"wp-block-column is-layout-flow wp-block-column-is-layout-flow\">\n<div class=\"wp-block-media-text is-stacked-on-mobile is-vertically-aligned-top team-2-column has-small-font-size\" style=\"grid-template-columns:30% auto\"><figure class=\"wp-block-media-text__media\"><img decoding=\"async\" width=\"500\" height=\"500\" src=\"https:\/\/altsignals.io\/wp-content\/uploads\/2023\/12\/jc.jpg\" alt=\"\" class=\"wp-image-327 size-medium\" title=\"\" srcset=\"https:\/\/altsignals.io\/wp-content\/uploads\/2023\/12\/jc.jpg 500w, https:\/\/altsignals.io\/wp-content\/uploads\/2023\/12\/jc-300x300.jpg 300w, https:\/\/altsignals.io\/wp-content\/uploads\/2023\/12\/jc-150x150.jpg 150w\" sizes=\"(max-width: 500px) 100vw, 500px\" \/><\/figure><div class=\"wp-block-media-text__content\">\n<p>JC har v\u00e6rt en del av AltSignals-teamet siden 2021, og han er ansvarlig for \u00e5 vedlikeholde alle Altalgo-kanaler og gi teknisk AltAlgo-st\u00f8tte der det trengs. I tillegg leder han ogs\u00e5 sideprosjekter, for hos Altsignals utvikler og forbedrer vi kontinuerlig verkt\u00f8yene og indikatorene v\u00e5re. JC administrerer ogs\u00e5 (video)dokumentasjonen v\u00e5r for \u00e5 hjelpe nye brukere med \u00e5 finne frem etter at de har abonnert p\u00e5 tjenestene v\u00e5re.  <br\/><br\/><em>&#8211; Janick<\/em><\/p>\n<\/div><\/div>\n<\/div>\n<\/div>\n\n<div class=\"wp-block-columns is-layout-flex wp-container-core-columns-is-layout-9d6595d7 wp-block-columns-is-layout-flex\">\n<div class=\"wp-block-column is-layout-flow wp-block-column-is-layout-flow\">\n<div class=\"wp-block-media-text is-stacked-on-mobile is-vertically-aligned-top team-2-column has-small-font-size\" style=\"grid-template-columns:30% auto\"><figure class=\"wp-block-media-text__media\"><img decoding=\"async\" width=\"500\" height=\"500\" src=\"https:\/\/altsignals.io\/wp-content\/uploads\/2023\/12\/jordan.jpg\" alt=\"\" class=\"wp-image-331 size-medium\" title=\"\" srcset=\"https:\/\/altsignals.io\/wp-content\/uploads\/2023\/12\/jordan.jpg 500w, https:\/\/altsignals.io\/wp-content\/uploads\/2023\/12\/jordan-300x300.jpg 300w, https:\/\/altsignals.io\/wp-content\/uploads\/2023\/12\/jordan-150x150.jpg 150w\" sizes=\"(max-width: 500px) 100vw, 500px\" \/><\/figure><div class=\"wp-block-media-text__content\">\n<p>Jordan er v\u00e5r hovedkontakt for \u00f8konomi og administrasjon, og hun har jobbet hos AltSignals siden 2020. Hun vil hjelpe deg med alt som har med \u00e5 bli medlem av tjenestene v\u00e5re \u00e5 gj\u00f8re. I tillegg vil hun svare p\u00e5 alle sp\u00f8rsm\u00e5lene dine om AltSignals og hva vi har \u00e5 tilby. Vi er kjent for v\u00e5r f\u00f8rsteklasses support, og Jordan er grunnen til det.   <br\/><br\/><em>&#8211; Jordan<\/em><\/p>\n<\/div><\/div>\n<\/div>\n\n\n\n<div class=\"wp-block-column is-layout-flow wp-block-column-is-layout-flow\">\n<div class=\"wp-block-media-text is-stacked-on-mobile is-vertically-aligned-top team-2-column has-small-font-size\" style=\"grid-template-columns:30% auto\"><figure class=\"wp-block-media-text__media\"><img decoding=\"async\" width=\"500\" height=\"500\" src=\"https:\/\/altsignals.io\/wp-content\/uploads\/2023\/12\/rod.jpg\" alt=\"\" class=\"wp-image-329 size-medium\" title=\"\" srcset=\"https:\/\/altsignals.io\/wp-content\/uploads\/2023\/12\/rod.jpg 500w, https:\/\/altsignals.io\/wp-content\/uploads\/2023\/12\/rod-300x300.jpg 300w, https:\/\/altsignals.io\/wp-content\/uploads\/2023\/12\/rod-150x150.jpg 150w\" sizes=\"(max-width: 500px) 100vw, 500px\" \/><\/figure><div class=\"wp-block-media-text__content\">\n<p>Rod, administrerende direkt\u00f8r i AltSignals, har ledet virksomheten siden 2018, med en lidenskap for kontinuerlig forbedring av handelstjenestene som tilbys. Rod har brukt mesteparten av tiden sin p\u00e5 produktutvikling i selskapet, forbedring av AltAlgos propriet\u00e6re algoritme og ledelse av ansatte. <br\/><br\/><em>&#8211; Rod<\/em><\/p>\n<\/div><\/div>\n<\/div>\n<\/div>\n","protected":false},"excerpt":{"rendered":"<p>AltSignals ble etablert av et team av tradere og gr\u00fcndere som \u00f8nsket \u00e5 skape \u00e5penhet, tillit og konsistens i kryptomarkedet. AltSignals&#8217; tiln\u00e6rming er \u00e5 fokusere p\u00e5 tradere ved \u00e5 tilby dem pedagogisk innhold, n\u00f8dvendig teknologi og unik ekspertise for \u00e5 kunne v\u00e6re l\u00f8nnsomme i b\u00e5de forex- og kryptovalutamarkedet. Finansmarkedene har tradisjonelt blitt ansett som volatile [&hellip;]<\/p>\n","protected":false},"author":1,"featured_media":325,"parent":0,"menu_order":0,"comment_status":"closed","ping_status":"closed","template":"","meta":{"_acf_changed":false,"footnotes":""},"page_category":[],"class_list":["post-38732","page","type-page","status-publish","has-post-thumbnail","hentry"],"acf":[],"_links":{"self":[{"href":"https:\/\/altsignals.io\/no\/wp-json\/wp\/v2\/pages\/38732","targetHints":{"allow":["GET"]}}],"collection":[{"href":"https:\/\/altsignals.io\/no\/wp-json\/wp\/v2\/pages"}],"about":[{"href":"https:\/\/altsignals.io\/no\/wp-json\/wp\/v2\/types\/page"}],"author":[{"embeddable":true,"href":"https:\/\/altsignals.io\/no\/wp-json\/wp\/v2\/users\/1"}],"replies":[{"embeddable":true,"href":"https:\/\/altsignals.io\/no\/wp-json\/wp\/v2\/comments?post=38732"}],"version-history":[{"count":3,"href":"https:\/\/altsignals.io\/no\/wp-json\/wp\/v2\/pages\/38732\/revisions"}],"predecessor-version":[{"id":38940,"href":"https:\/\/altsignals.io\/no\/wp-json\/wp\/v2\/pages\/38732\/revisions\/38940"}],"wp:featuredmedia":[{"embeddable":true,"href":"https:\/\/altsignals.io\/no\/wp-json\/wp\/v2\/media\/325"}],"wp:attachment":[{"href":"https:\/\/altsignals.io\/no\/wp-json\/wp\/v2\/media?parent=38732"}],"wp:term":[{"taxonomy":"page_category","embeddable":true,"href":"https:\/\/altsignals.io\/no\/wp-json\/wp\/v2\/page_category?post=38732"}],"curies":[{"name":"wp","href":"https:\/\/api.w.org\/{rel}","templated":true}]}}